{"id":1893,"date":"2021-03-30T12:08:29","date_gmt":"2021-03-30T12:08:29","guid":{"rendered":"https:\/\/informedia.pro\/mts\/?page_id=1893"},"modified":"2021-05-26T14:22:10","modified_gmt":"2021-05-26T14:22:10","slug":"medicion-de-espesores","status":"publish","type":"page","link":"https:\/\/marinetechnicalsolutions.es\/en\/medicion-de-espesores\/","title":{"rendered":"Thickness measurement"},"content":{"rendered":"<div data-elementor-type=\"wp-page\" data-elementor-id=\"1893\" class=\"elementor elementor-1893\">\n\t\t\t\t\t\t<section class=\"elementor-section elementor-top-section elementor-element elementor-element-bfdb629 elementor-section-boxed elementor-section-height-default elementor-section-height-default\" data-id=\"bfdb629\" data-element_type=\"section\">\n\t\t\t\t\t\t<div class=\"elementor-container elementor-column-gap-default\">\n\t\t\t\t\t<div class=\"elementor-column elementor-col-100 elementor-top-column elementor-element elementor-element-25d8b07\" data-id=\"25d8b07\" data-element_type=\"column\">\n\t\t\t<div class=\"elementor-widget-wrap elementor-element-populated\">\n\t\t\t\t\t\t<div class=\"elementor-element elementor-element-e055ea6 elementor-widget elementor-widget-spacer\" data-id=\"e055ea6\" data-element_type=\"widget\" data-widget_type=\"spacer.default\">\n\t\t\t\t<div class=\"elementor-widget-container\">\n\t\t\t\t\t\t\t<div class=\"elementor-spacer\">\n\t\t\t<div class=\"elementor-spacer-inner\"><\/div>\n\t\t<\/div>\n\t\t\t\t\t\t<\/div>\n\t\t\t\t<\/div>\n\t\t\t\t<section class=\"elementor-section elementor-inner-section elementor-element elementor-element-ac1704d elementor-section-boxed elementor-section-height-default elementor-section-height-default\" data-id=\"ac1704d\" data-element_type=\"section\">\n\t\t\t\t\t\t<div class=\"elementor-container elementor-column-gap-default\">\n\t\t\t\t\t<div class=\"elementor-column elementor-col-50 elementor-inner-column elementor-element elementor-element-ac118b6\" data-id=\"ac118b6\" data-element_type=\"column\">\n\t\t\t<div class=\"elementor-widget-wrap elementor-element-populated\">\n\t\t\t\t\t\t<div class=\"elementor-element elementor-element-04582db elementor-widget elementor-widget-image\" data-id=\"04582db\" data-element_type=\"widget\" data-widget_type=\"image.default\">\n\t\t\t\t<div class=\"elementor-widget-container\">\n\t\t\t\t\t\t\t\t\t\t\t\t\t\t\t<img decoding=\"async\" src=\"https:\/\/marinetechnicalsolutions.es\/wp-content\/uploads\/elementor\/thumbs\/espersores1-rax9mnfmehokk6l44la3ln7qbjs9tvjjqk33mlxdkw.png\" title=\"Medici\u00f3n espesores 1\" alt=\"Medici\u00f3n espesores 1\" loading=\"lazy\" \/>\t\t\t\t\t\t\t\t\t\t\t\t\t\t\t<\/div>\n\t\t\t\t<\/div>\n\t\t\t\t\t<\/div>\n\t\t<\/div>\n\t\t\t\t<div class=\"elementor-column elementor-col-50 elementor-inner-column elementor-element elementor-element-6b74f23\" data-id=\"6b74f23\" data-element_type=\"column\">\n\t\t\t<div class=\"elementor-widget-wrap elementor-element-populated\">\n\t\t\t\t\t\t<div class=\"elementor-element elementor-element-7310e46 elementor-widget elementor-widget-text-editor\" data-id=\"7310e46\" data-element_type=\"widget\" data-widget_type=\"text-editor.default\">\n\t\t\t\t<div class=\"elementor-widget-container\">\n\t\t\t\t\t\t\t\t\t<p style=\"text-align: justify;\">The thickness measurement is carried out with state-of-the-art  tools, all our equipment use the multi-echo technique, which allows us to perform measurements out of the protective coating (usually coat).<\/p><p style=\"text-align: justify;\">We have the approval of the main class societies (Lr, Bv, DNV-GL, RINA, NKK and ABS).\u00a0<\/p><p>Somos la primera empresa en Espa\u00f1a en obtener las aprobaciones para inspecci\u00f3n y mediciones de espesores en remoto mediante acceso por cuerda y drones.<\/p>\t\t\t\t\t\t\t\t<\/div>\n\t\t\t\t<\/div>\n\t\t\t\t\t<\/div>\n\t\t<\/div>\n\t\t\t\t\t<\/div>\n\t\t<\/section>\n\t\t\t\t<div class=\"elementor-element elementor-element-ff3078c elementor-widget elementor-widget-spacer\" data-id=\"ff3078c\" data-element_type=\"widget\" data-widget_type=\"spacer.default\">\n\t\t\t\t<div class=\"elementor-widget-container\">\n\t\t\t\t\t\t\t<div class=\"elementor-spacer\">\n\t\t\t<div class=\"elementor-spacer-inner\"><\/div>\n\t\t<\/div>\n\t\t\t\t\t\t<\/div>\n\t\t\t\t<\/div>\n\t\t\t\t<section class=\"elementor-section elementor-inner-section elementor-element elementor-element-4e54cc6 elementor-section-boxed elementor-section-height-default elementor-section-height-default\" data-id=\"4e54cc6\" data-element_type=\"section\">\n\t\t\t\t\t\t<div class=\"elementor-container elementor-column-gap-default\">\n\t\t\t\t\t<div class=\"elementor-column elementor-col-50 elementor-inner-column elementor-element elementor-element-87b3595\" data-id=\"87b3595\" data-element_type=\"column\">\n\t\t\t<div class=\"elementor-widget-wrap elementor-element-populated\">\n\t\t\t\t\t\t<div class=\"elementor-element elementor-element-2cbb00a elementor-widget elementor-widget-text-editor\" data-id=\"2cbb00a\" data-element_type=\"widget\" data-widget_type=\"text-editor.default\">\n\t\t\t\t<div class=\"elementor-widget-container\">\n\t\t\t\t\t\t\t\t\t<p style=\"text-align: justify;\">MTS has provided  services in all types of ships:<\/p><ul style=\"text-align: justify;\"><li>Oil Tanker<\/li><li>Chemical tankers<\/li><li>Bulk Carriers<\/li><li>Tugboats<\/li><li>Yatchs<\/li><li>Pontoons<\/li><\/ul><p style=\"text-align: justify;\">And we have carried out all types of inspections:<\/p><ul style=\"text-align: justify;\"><li>Renovaciones de clase<\/li><li>CAP<\/li><li>Anuales<\/li><\/ul><p style=\"text-align: justify;\">We have obtained a great deal of experience, being able to provide our customers a professional  and accurate opinion when discussing possible repairs.<\/p>\t\t\t\t\t\t\t\t<\/div>\n\t\t\t\t<\/div>\n\t\t\t\t\t<\/div>\n\t\t<\/div>\n\t\t\t\t<div class=\"elementor-column elementor-col-50 elementor-inner-column elementor-element elementor-element-d4e5d4c\" data-id=\"d4e5d4c\" data-element_type=\"column\">\n\t\t\t<div class=\"elementor-widget-wrap elementor-element-populated\">\n\t\t\t\t\t\t<div class=\"elementor-element elementor-element-2ccc390 elementor-widget elementor-widget-image\" data-id=\"2ccc390\" data-element_type=\"widget\" data-widget_type=\"image.default\">\n\t\t\t\t<div class=\"elementor-widget-container\">\n\t\t\t\t\t\t\t\t\t\t\t\t\t\t\t<img fetchpriority=\"high\" decoding=\"async\" width=\"615\" height=\"719\" src=\"https:\/\/marinetechnicalsolutions.es\/wp-content\/uploads\/2021\/03\/espersores2.jpg\" class=\"attachment-medium_large size-medium_large wp-image-1896\" alt=\"medici\u00f3n espesores 2\" srcset=\"https:\/\/marinetechnicalsolutions.es\/wp-content\/uploads\/2021\/03\/espersores2.jpg 615w, https:\/\/marinetechnicalsolutions.es\/wp-content\/uploads\/2021\/03\/espersores2-257x300.jpg 257w, https:\/\/marinetechnicalsolutions.es\/wp-content\/uploads\/2021\/03\/espersores2-600x701.jpg 600w\" sizes=\"(max-width: 615px) 100vw, 615px\" \/>\t\t\t\t\t\t\t\t\t\t\t\t\t\t\t<\/div>\n\t\t\t\t<\/div>\n\t\t\t\t\t<\/div>\n\t\t<\/div>\n\t\t\t\t\t<\/div>\n\t\t<\/section>\n\t\t\t\t\t<\/div>\n\t\t<\/div>\n\t\t\t\t\t<\/div>\n\t\t<\/section>\n\t\t\t\t<\/div>","protected":false},"excerpt":{"rendered":"<p>La medici\u00f3n de espesores las\u00a0 realizamos con\u00a0 equipos de \u00faltima generaci\u00f3n, todos nuestros equipos utilizan la t\u00e9cnica multieco, la cual nos permite realizar las mediciones descontando la capa protectora (generalmente pintura). Contamos con la aprobaci\u00f3n de las principales sociedades de clase (Lr, Bv, DNV-GL, RINA, NKK y ABS).\u00a0 Somos la primera empresa en Espa\u00f1a en [&hellip;]<\/p>","protected":false},"author":1,"featured_media":0,"parent":0,"menu_order":0,"comment_status":"closed","ping_status":"closed","template":"","meta":{"footnotes":""},"class_list":["post-1893","page","type-page","status-publish","hentry"],"yoast_head":"<!-- This site is optimized with the Yoast SEO plugin v26.2 - https:\/\/yoast.com\/wordpress\/plugins\/seo\/ -->\n<title>Medici\u00f3n de espesores en casco de buque - Marine Technical Solutions<\/title>\n<meta name=\"description\" content=\"Medici\u00f3n de espesores en casco de buque - Marine Technical Solutions\" \/>\n<meta name=\"robots\" content=\"index, follow, max-snippet:-1, max-image-preview:large, max-video-preview:-1\" \/>\n<link rel=\"canonical\" href=\"https:\/\/marinetechnicalsolutions.es\/en\/medicion-de-espesores\/\" \/>\n<meta property=\"og:locale\" content=\"en_US\" \/>\n<meta property=\"og:type\" content=\"article\" \/>\n<meta property=\"og:title\" content=\"Medici\u00f3n de espesores en casco de buque - Marine Technical Solutions\" \/>\n<meta property=\"og:description\" content=\"Medici\u00f3n de espesores en casco de buque - Marine Technical Solutions\" \/>\n<meta property=\"og:url\" content=\"https:\/\/marinetechnicalsolutions.es\/en\/medicion-de-espesores\/\" \/>\n<meta property=\"og:site_name\" content=\"Marine Technical Solutions\" \/>\n<meta property=\"article:modified_time\" content=\"2021-05-26T14:22:10+00:00\" \/>\n<meta property=\"og:image\" content=\"https:\/\/marinetechnicalsolutions.es\/wp-content\/uploads\/elementor\/thumbs\/espersores1-p4z8slda1w58spsab45pi0l4xq5okkkp5r4ccvz7k0.png\" \/>\n<meta name=\"twitter:card\" content=\"summary_large_image\" \/>\n<meta name=\"twitter:label1\" content=\"Est. reading time\" \/>\n\t<meta name=\"twitter:data1\" content=\"1 minute\" \/>\n<script type=\"application\/ld+json\" class=\"yoast-schema-graph\">{\"@context\":\"https:\/\/schema.org\",\"@graph\":[{\"@type\":\"WebPage\",\"@id\":\"https:\/\/marinetechnicalsolutions.es\/medicion-de-espesores\/\",\"url\":\"https:\/\/marinetechnicalsolutions.es\/medicion-de-espesores\/\",\"name\":\"Medici\u00f3n de espesores en casco de buque - Marine Technical Solutions\",\"isPartOf\":{\"@id\":\"https:\/\/marinetechnicalsolutions.es\/#website\"},\"primaryImageOfPage\":{\"@id\":\"https:\/\/marinetechnicalsolutions.es\/medicion-de-espesores\/#primaryimage\"},\"image\":{\"@id\":\"https:\/\/marinetechnicalsolutions.es\/medicion-de-espesores\/#primaryimage\"},\"thumbnailUrl\":\"https:\/\/marinetechnicalsolutions.es\/wp-content\/uploads\/elementor\/thumbs\/espersores1-p4z8slda1w58spsab45pi0l4xq5okkkp5r4ccvz7k0.png\",\"datePublished\":\"2021-03-30T12:08:29+00:00\",\"dateModified\":\"2021-05-26T14:22:10+00:00\",\"description\":\"Medici\u00f3n de espesores en casco de buque - Marine Technical Solutions\",\"breadcrumb\":{\"@id\":\"https:\/\/marinetechnicalsolutions.es\/medicion-de-espesores\/#breadcrumb\"},\"inLanguage\":\"en-US\",\"potentialAction\":[{\"@type\":\"ReadAction\",\"target\":[\"https:\/\/marinetechnicalsolutions.es\/medicion-de-espesores\/\"]}]},{\"@type\":\"ImageObject\",\"inLanguage\":\"en-US\",\"@id\":\"https:\/\/marinetechnicalsolutions.es\/medicion-de-espesores\/#primaryimage\",\"url\":\"https:\/\/marinetechnicalsolutions.es\/wp-content\/uploads\/elementor\/thumbs\/espersores1-p4z8slda1w58spsab45pi0l4xq5okkkp5r4ccvz7k0.png\",\"contentUrl\":\"https:\/\/marinetechnicalsolutions.es\/wp-content\/uploads\/elementor\/thumbs\/espersores1-p4z8slda1w58spsab45pi0l4xq5okkkp5r4ccvz7k0.png\"},{\"@type\":\"BreadcrumbList\",\"@id\":\"https:\/\/marinetechnicalsolutions.es\/medicion-de-espesores\/#breadcrumb\",\"itemListElement\":[{\"@type\":\"ListItem\",\"position\":1,\"name\":\"Portada\",\"item\":\"https:\/\/marinetechnicalsolutions.es\/\"},{\"@type\":\"ListItem\",\"position\":2,\"name\":\"Medici\u00f3n de espesores en casco de buque\"}]},{\"@type\":\"WebSite\",\"@id\":\"https:\/\/marinetechnicalsolutions.es\/#website\",\"url\":\"https:\/\/marinetechnicalsolutions.es\/\",\"name\":\"Marine Technical Solutions\",\"description\":\"Empresa dedicada a inspecci\u00f3n en sector naval e industrial\",\"publisher\":{\"@id\":\"https:\/\/marinetechnicalsolutions.es\/#organization\"},\"alternateName\":\"Marine Technical Solutions\",\"potentialAction\":[{\"@type\":\"SearchAction\",\"target\":{\"@type\":\"EntryPoint\",\"urlTemplate\":\"https:\/\/marinetechnicalsolutions.es\/?s={search_term_string}\"},\"query-input\":{\"@type\":\"PropertyValueSpecification\",\"valueRequired\":true,\"valueName\":\"search_term_string\"}}],\"inLanguage\":\"en-US\"},{\"@type\":\"Organization\",\"@id\":\"https:\/\/marinetechnicalsolutions.es\/#organization\",\"name\":\"Marine Technical Solutions\",\"alternateName\":\"Marine Technical Solutions\",\"url\":\"https:\/\/marinetechnicalsolutions.es\/\",\"logo\":{\"@type\":\"ImageObject\",\"inLanguage\":\"en-US\",\"@id\":\"https:\/\/marinetechnicalsolutions.es\/#\/schema\/logo\/image\/\",\"url\":\"https:\/\/marinetechnicalsolutions.es\/wp-content\/uploads\/2021\/03\/cropped-logo.png\",\"contentUrl\":\"https:\/\/marinetechnicalsolutions.es\/wp-content\/uploads\/2021\/03\/cropped-logo.png\",\"width\":512,\"height\":512,\"caption\":\"Marine Technical Solutions\"},\"image\":{\"@id\":\"https:\/\/marinetechnicalsolutions.es\/#\/schema\/logo\/image\/\"}}]}<\/script>\n<!-- \/ Yoast SEO plugin. -->","yoast_head_json":{"title":"Medici\u00f3n de espesores en casco de buque - Marine Technical Solutions","description":"Medici\u00f3n de espesores en casco de buque - Marine Technical Solutions","robots":{"index":"index","follow":"follow","max-snippet":"max-snippet:-1","max-image-preview":"max-image-preview:large","max-video-preview":"max-video-preview:-1"},"canonical":"https:\/\/marinetechnicalsolutions.es\/en\/medicion-de-espesores\/","og_locale":"en_US","og_type":"article","og_title":"Medici\u00f3n de espesores en casco de buque - Marine Technical Solutions","og_description":"Medici\u00f3n de espesores en casco de buque - Marine Technical Solutions","og_url":"https:\/\/marinetechnicalsolutions.es\/en\/medicion-de-espesores\/","og_site_name":"Marine Technical Solutions","article_modified_time":"2021-05-26T14:22:10+00:00","og_image":[{"url":"https:\/\/marinetechnicalsolutions.es\/wp-content\/uploads\/elementor\/thumbs\/espersores1-p4z8slda1w58spsab45pi0l4xq5okkkp5r4ccvz7k0.png","type":"","width":"","height":""}],"twitter_card":"summary_large_image","twitter_misc":{"Est. reading time":"1 minute"},"schema":{"@context":"https:\/\/schema.org","@graph":[{"@type":"WebPage","@id":"https:\/\/marinetechnicalsolutions.es\/medicion-de-espesores\/","url":"https:\/\/marinetechnicalsolutions.es\/medicion-de-espesores\/","name":"Medici\u00f3n de espesores en casco de buque - Marine Technical Solutions","isPartOf":{"@id":"https:\/\/marinetechnicalsolutions.es\/#website"},"primaryImageOfPage":{"@id":"https:\/\/marinetechnicalsolutions.es\/medicion-de-espesores\/#primaryimage"},"image":{"@id":"https:\/\/marinetechnicalsolutions.es\/medicion-de-espesores\/#primaryimage"},"thumbnailUrl":"https:\/\/marinetechnicalsolutions.es\/wp-content\/uploads\/elementor\/thumbs\/espersores1-p4z8slda1w58spsab45pi0l4xq5okkkp5r4ccvz7k0.png","datePublished":"2021-03-30T12:08:29+00:00","dateModified":"2021-05-26T14:22:10+00:00","description":"Medici\u00f3n de espesores en casco de buque - Marine Technical Solutions","breadcrumb":{"@id":"https:\/\/marinetechnicalsolutions.es\/medicion-de-espesores\/#breadcrumb"},"inLanguage":"en-US","potentialAction":[{"@type":"ReadAction","target":["https:\/\/marinetechnicalsolutions.es\/medicion-de-espesores\/"]}]},{"@type":"ImageObject","inLanguage":"en-US","@id":"https:\/\/marinetechnicalsolutions.es\/medicion-de-espesores\/#primaryimage","url":"https:\/\/marinetechnicalsolutions.es\/wp-content\/uploads\/elementor\/thumbs\/espersores1-p4z8slda1w58spsab45pi0l4xq5okkkp5r4ccvz7k0.png","contentUrl":"https:\/\/marinetechnicalsolutions.es\/wp-content\/uploads\/elementor\/thumbs\/espersores1-p4z8slda1w58spsab45pi0l4xq5okkkp5r4ccvz7k0.png"},{"@type":"BreadcrumbList","@id":"https:\/\/marinetechnicalsolutions.es\/medicion-de-espesores\/#breadcrumb","itemListElement":[{"@type":"ListItem","position":1,"name":"Portada","item":"https:\/\/marinetechnicalsolutions.es\/"},{"@type":"ListItem","position":2,"name":"Medici\u00f3n de espesores en casco de buque"}]},{"@type":"WebSite","@id":"https:\/\/marinetechnicalsolutions.es\/#website","url":"https:\/\/marinetechnicalsolutions.es\/","name":"Marine Technical Solutions","description":"Empresa dedicada a inspecci\u00f3n en sector naval e industrial","publisher":{"@id":"https:\/\/marinetechnicalsolutions.es\/#organization"},"alternateName":"Marine Technical Solutions","potentialAction":[{"@type":"SearchAction","target":{"@type":"EntryPoint","urlTemplate":"https:\/\/marinetechnicalsolutions.es\/?s={search_term_string}"},"query-input":{"@type":"PropertyValueSpecification","valueRequired":true,"valueName":"search_term_string"}}],"inLanguage":"en-US"},{"@type":"Organization","@id":"https:\/\/marinetechnicalsolutions.es\/#organization","name":"Marine Technical Solutions","alternateName":"Marine Technical Solutions","url":"https:\/\/marinetechnicalsolutions.es\/","logo":{"@type":"ImageObject","inLanguage":"en-US","@id":"https:\/\/marinetechnicalsolutions.es\/#\/schema\/logo\/image\/","url":"https:\/\/marinetechnicalsolutions.es\/wp-content\/uploads\/2021\/03\/cropped-logo.png","contentUrl":"https:\/\/marinetechnicalsolutions.es\/wp-content\/uploads\/2021\/03\/cropped-logo.png","width":512,"height":512,"caption":"Marine Technical Solutions"},"image":{"@id":"https:\/\/marinetechnicalsolutions.es\/#\/schema\/logo\/image\/"}}]}},"_links":{"self":[{"href":"https:\/\/marinetechnicalsolutions.es\/en\/wp-json\/wp\/v2\/pages\/1893","targetHints":{"allow":["GET"]}}],"collection":[{"href":"https:\/\/marinetechnicalsolutions.es\/en\/wp-json\/wp\/v2\/pages"}],"about":[{"href":"https:\/\/marinetechnicalsolutions.es\/en\/wp-json\/wp\/v2\/types\/page"}],"author":[{"embeddable":true,"href":"https:\/\/marinetechnicalsolutions.es\/en\/wp-json\/wp\/v2\/users\/1"}],"replies":[{"embeddable":true,"href":"https:\/\/marinetechnicalsolutions.es\/en\/wp-json\/wp\/v2\/comments?post=1893"}],"version-history":[{"count":17,"href":"https:\/\/marinetechnicalsolutions.es\/en\/wp-json\/wp\/v2\/pages\/1893\/revisions"}],"predecessor-version":[{"id":2759,"href":"https:\/\/marinetechnicalsolutions.es\/en\/wp-json\/wp\/v2\/pages\/1893\/revisions\/2759"}],"wp:attachment":[{"href":"https:\/\/marinetechnicalsolutions.es\/en\/wp-json\/wp\/v2\/media?parent=1893"}],"curies":[{"name":"wp","href":"https:\/\/api.w.org\/{rel}","templated":true}]}}