{"id":1937,"date":"2021-03-31T11:40:22","date_gmt":"2021-03-31T11:40:22","guid":{"rendered":"https:\/\/informedia.pro\/mts\/?page_id=1937"},"modified":"2021-05-26T14:25:48","modified_gmt":"2021-05-26T14:25:48","slug":"mantenimiento-y-venta-de-equipos-de-salvamento","status":"publish","type":"page","link":"https:\/\/marinetechnicalsolutions.es\/en\/mantenimiento-y-venta-de-equipos-de-salvamento\/","title":{"rendered":"Maintenance and sale of rescue equipment"},"content":{"rendered":"<div data-elementor-type=\"wp-page\" data-elementor-id=\"1937\" class=\"elementor elementor-1937\">\n\t\t\t\t\t\t<section class=\"elementor-section elementor-top-section elementor-element elementor-element-f7c8de8 elementor-section-boxed elementor-section-height-default elementor-section-height-default\" data-id=\"f7c8de8\" data-element_type=\"section\">\n\t\t\t\t\t\t<div class=\"elementor-container elementor-column-gap-default\">\n\t\t\t\t\t<div class=\"elementor-column elementor-col-100 elementor-top-column elementor-element elementor-element-8e3c33b\" data-id=\"8e3c33b\" data-element_type=\"column\">\n\t\t\t<div class=\"elementor-widget-wrap elementor-element-populated\">\n\t\t\t\t\t\t<div class=\"elementor-element elementor-element-d201247 elementor-widget elementor-widget-spacer\" data-id=\"d201247\" data-element_type=\"widget\" data-widget_type=\"spacer.default\">\n\t\t\t\t<div class=\"elementor-widget-container\">\n\t\t\t\t\t\t\t<div class=\"elementor-spacer\">\n\t\t\t<div class=\"elementor-spacer-inner\"><\/div>\n\t\t<\/div>\n\t\t\t\t\t\t<\/div>\n\t\t\t\t<\/div>\n\t\t\t\t<section class=\"elementor-section elementor-inner-section elementor-element elementor-element-7eb5dac elementor-section-boxed elementor-section-height-default elementor-section-height-default\" data-id=\"7eb5dac\" data-element_type=\"section\">\n\t\t\t\t\t\t<div class=\"elementor-container elementor-column-gap-default\">\n\t\t\t\t\t<div class=\"elementor-column elementor-col-50 elementor-inner-column elementor-element elementor-element-6aa8ee6\" data-id=\"6aa8ee6\" data-element_type=\"column\">\n\t\t\t<div class=\"elementor-widget-wrap elementor-element-populated\">\n\t\t\t\t\t\t<div class=\"elementor-element elementor-element-3b6d5d9 elementor-widget elementor-widget-image\" data-id=\"3b6d5d9\" data-element_type=\"widget\" data-widget_type=\"image.default\">\n\t\t\t\t<div class=\"elementor-widget-container\">\n\t\t\t\t\t\t\t\t\t\t\t\t\t\t\t<img fetchpriority=\"high\" decoding=\"async\" width=\"640\" height=\"360\" src=\"https:\/\/marinetechnicalsolutions.es\/wp-content\/uploads\/2021\/03\/salvamento1-768x432.jpg\" class=\"attachment-medium_large size-medium_large wp-image-1939\" alt=\"mantenimiento equipos salvamento\" srcset=\"https:\/\/marinetechnicalsolutions.es\/wp-content\/uploads\/2021\/03\/salvamento1-768x432.jpg 768w, https:\/\/marinetechnicalsolutions.es\/wp-content\/uploads\/2021\/03\/salvamento1-300x169.jpg 300w, https:\/\/marinetechnicalsolutions.es\/wp-content\/uploads\/2021\/03\/salvamento1-1024x576.jpg 1024w, https:\/\/marinetechnicalsolutions.es\/wp-content\/uploads\/2021\/03\/salvamento1-1536x864.jpg 1536w, https:\/\/marinetechnicalsolutions.es\/wp-content\/uploads\/2021\/03\/salvamento1-600x338.jpg 600w, https:\/\/marinetechnicalsolutions.es\/wp-content\/uploads\/2021\/03\/salvamento1.jpg 2048w\" sizes=\"(max-width: 640px) 100vw, 640px\" \/>\t\t\t\t\t\t\t\t\t\t\t\t\t\t\t<\/div>\n\t\t\t\t<\/div>\n\t\t\t\t\t<\/div>\n\t\t<\/div>\n\t\t\t\t<div class=\"elementor-column elementor-col-50 elementor-inner-column elementor-element elementor-element-732ce59\" data-id=\"732ce59\" data-element_type=\"column\">\n\t\t\t<div class=\"elementor-widget-wrap elementor-element-populated\">\n\t\t\t\t\t\t<div class=\"elementor-element elementor-element-fd40b66 elementor-widget elementor-widget-text-editor\" data-id=\"fd40b66\" data-element_type=\"widget\" data-widget_type=\"text-editor.default\">\n\t\t\t\t<div class=\"elementor-widget-container\">\n\t\t\t\t\t\t\t\t\t<p style=\"text-align: justify;\">At MTS we are professionals in safety at sea, at the service of the professional naval sector and recreational boating. Our sales and after-sales station for life rafts, vests and radio beacons is authorized by the General Directorate of Merchant Marine and by the brands we represent. Our technical department has highly qualified personnel in constant training. We have all the required certifications to guarantee the highest quality during the revision of life rafts and any type of maritime safety material.<\/p><p>MTS has a highly qualified purchasing department, capable of technically advising you when purchasing your life raft and \/ or nautical safety equipment so that it is the most suitable for your boat and navigation area, always in accordance with current regulations.<\/p>\t\t\t\t\t\t\t\t<\/div>\n\t\t\t\t<\/div>\n\t\t\t\t\t<\/div>\n\t\t<\/div>\n\t\t\t\t\t<\/div>\n\t\t<\/section>\n\t\t\t\t<div class=\"elementor-element elementor-element-29bbd39 elementor-widget elementor-widget-spacer\" data-id=\"29bbd39\" data-element_type=\"widget\" data-widget_type=\"spacer.default\">\n\t\t\t\t<div class=\"elementor-widget-container\">\n\t\t\t\t\t\t\t<div class=\"elementor-spacer\">\n\t\t\t<div class=\"elementor-spacer-inner\"><\/div>\n\t\t<\/div>\n\t\t\t\t\t\t<\/div>\n\t\t\t\t<\/div>\n\t\t\t\t\t<\/div>\n\t\t<\/div>\n\t\t\t\t\t<\/div>\n\t\t<\/section>\n\t\t\t\t<\/div>","protected":false},"excerpt":{"rendered":"<p>En MTS somos profesionales de la seguridad en el mar, al servicio del sector naval profesional y la n\u00e1utica de recreo. Nuestra estaci\u00f3n de venta y post-venta de balsas salvavidas, chalecos y radiobalizas est\u00e1 autorizada por la Direcci\u00f3n General de Marina Mercante y por las marcas que representamos. Nuestro departamento t\u00e9cnico cuenta con personal altamente [&hellip;]<\/p>","protected":false},"author":1,"featured_media":0,"parent":0,"menu_order":0,"comment_status":"closed","ping_status":"closed","template":"","meta":{"footnotes":""},"class_list":["post-1937","page","type-page","status-publish","hentry"],"yoast_head":"<!-- This site is optimized with the Yoast SEO plugin v26.2 - https:\/\/yoast.com\/wordpress\/plugins\/seo\/ -->\n<title>Mantenimiento y venta de equipos de salvamento - Marine Technical Solutions<\/title>\n<meta name=\"description\" content=\"Mantenimiento y venta de equipos de salvamento - Marine Technical Solutions\" \/>\n<meta name=\"robots\" content=\"index, follow, max-snippet:-1, max-image-preview:large, max-video-preview:-1\" \/>\n<link rel=\"canonical\" href=\"https:\/\/marinetechnicalsolutions.es\/en\/mantenimiento-y-venta-de-equipos-de-salvamento\/\" \/>\n<meta property=\"og:locale\" content=\"en_US\" \/>\n<meta property=\"og:type\" content=\"article\" \/>\n<meta property=\"og:title\" content=\"Mantenimiento y venta de equipos de salvamento - Marine Technical Solutions\" \/>\n<meta property=\"og:description\" content=\"Mantenimiento y venta de equipos de salvamento - Marine Technical Solutions\" \/>\n<meta property=\"og:url\" content=\"https:\/\/marinetechnicalsolutions.es\/en\/mantenimiento-y-venta-de-equipos-de-salvamento\/\" \/>\n<meta property=\"og:site_name\" content=\"Marine Technical Solutions\" \/>\n<meta property=\"article:modified_time\" content=\"2021-05-26T14:25:48+00:00\" \/>\n<meta property=\"og:image\" content=\"https:\/\/marinetechnicalsolutions.es\/wp-content\/uploads\/2021\/03\/salvamento1-768x432.jpg\" \/>\n<meta name=\"twitter:card\" content=\"summary_large_image\" \/>\n<meta name=\"twitter:label1\" content=\"Est. reading time\" \/>\n\t<meta name=\"twitter:data1\" content=\"1 minute\" \/>\n<script type=\"application\/ld+json\" class=\"yoast-schema-graph\">{\"@context\":\"https:\/\/schema.org\",\"@graph\":[{\"@type\":\"WebPage\",\"@id\":\"https:\/\/marinetechnicalsolutions.es\/mantenimiento-y-venta-de-equipos-de-salvamento\/\",\"url\":\"https:\/\/marinetechnicalsolutions.es\/mantenimiento-y-venta-de-equipos-de-salvamento\/\",\"name\":\"Mantenimiento y venta de equipos de salvamento - Marine Technical Solutions\",\"isPartOf\":{\"@id\":\"https:\/\/marinetechnicalsolutions.es\/#website\"},\"primaryImageOfPage\":{\"@id\":\"https:\/\/marinetechnicalsolutions.es\/mantenimiento-y-venta-de-equipos-de-salvamento\/#primaryimage\"},\"image\":{\"@id\":\"https:\/\/marinetechnicalsolutions.es\/mantenimiento-y-venta-de-equipos-de-salvamento\/#primaryimage\"},\"thumbnailUrl\":\"https:\/\/marinetechnicalsolutions.es\/wp-content\/uploads\/2021\/03\/salvamento1-768x432.jpg\",\"datePublished\":\"2021-03-31T11:40:22+00:00\",\"dateModified\":\"2021-05-26T14:25:48+00:00\",\"description\":\"Mantenimiento y venta de equipos de salvamento - Marine Technical Solutions\",\"breadcrumb\":{\"@id\":\"https:\/\/marinetechnicalsolutions.es\/mantenimiento-y-venta-de-equipos-de-salvamento\/#breadcrumb\"},\"inLanguage\":\"en-US\",\"potentialAction\":[{\"@type\":\"ReadAction\",\"target\":[\"https:\/\/marinetechnicalsolutions.es\/mantenimiento-y-venta-de-equipos-de-salvamento\/\"]}]},{\"@type\":\"ImageObject\",\"inLanguage\":\"en-US\",\"@id\":\"https:\/\/marinetechnicalsolutions.es\/mantenimiento-y-venta-de-equipos-de-salvamento\/#primaryimage\",\"url\":\"https:\/\/marinetechnicalsolutions.es\/wp-content\/uploads\/2021\/03\/salvamento1-768x432.jpg\",\"contentUrl\":\"https:\/\/marinetechnicalsolutions.es\/wp-content\/uploads\/2021\/03\/salvamento1-768x432.jpg\"},{\"@type\":\"BreadcrumbList\",\"@id\":\"https:\/\/marinetechnicalsolutions.es\/mantenimiento-y-venta-de-equipos-de-salvamento\/#breadcrumb\",\"itemListElement\":[{\"@type\":\"ListItem\",\"position\":1,\"name\":\"Portada\",\"item\":\"https:\/\/marinetechnicalsolutions.es\/\"},{\"@type\":\"ListItem\",\"position\":2,\"name\":\"Mantenimiento y venta de equipos de salvamento\"}]},{\"@type\":\"WebSite\",\"@id\":\"https:\/\/marinetechnicalsolutions.es\/#website\",\"url\":\"https:\/\/marinetechnicalsolutions.es\/\",\"name\":\"Marine Technical Solutions\",\"description\":\"Empresa dedicada a inspecci\u00f3n en sector naval e industrial\",\"publisher\":{\"@id\":\"https:\/\/marinetechnicalsolutions.es\/#organization\"},\"alternateName\":\"Marine Technical Solutions\",\"potentialAction\":[{\"@type\":\"SearchAction\",\"target\":{\"@type\":\"EntryPoint\",\"urlTemplate\":\"https:\/\/marinetechnicalsolutions.es\/?s={search_term_string}\"},\"query-input\":{\"@type\":\"PropertyValueSpecification\",\"valueRequired\":true,\"valueName\":\"search_term_string\"}}],\"inLanguage\":\"en-US\"},{\"@type\":\"Organization\",\"@id\":\"https:\/\/marinetechnicalsolutions.es\/#organization\",\"name\":\"Marine Technical Solutions\",\"alternateName\":\"Marine Technical Solutions\",\"url\":\"https:\/\/marinetechnicalsolutions.es\/\",\"logo\":{\"@type\":\"ImageObject\",\"inLanguage\":\"en-US\",\"@id\":\"https:\/\/marinetechnicalsolutions.es\/#\/schema\/logo\/image\/\",\"url\":\"https:\/\/marinetechnicalsolutions.es\/wp-content\/uploads\/2021\/03\/cropped-logo.png\",\"contentUrl\":\"https:\/\/marinetechnicalsolutions.es\/wp-content\/uploads\/2021\/03\/cropped-logo.png\",\"width\":512,\"height\":512,\"caption\":\"Marine Technical Solutions\"},\"image\":{\"@id\":\"https:\/\/marinetechnicalsolutions.es\/#\/schema\/logo\/image\/\"}}]}<\/script>\n<!-- \/ Yoast SEO plugin. -->","yoast_head_json":{"title":"Mantenimiento y venta de equipos de salvamento - Marine Technical Solutions","description":"Mantenimiento y venta de equipos de salvamento - Marine Technical Solutions","robots":{"index":"index","follow":"follow","max-snippet":"max-snippet:-1","max-image-preview":"max-image-preview:large","max-video-preview":"max-video-preview:-1"},"canonical":"https:\/\/marinetechnicalsolutions.es\/en\/mantenimiento-y-venta-de-equipos-de-salvamento\/","og_locale":"en_US","og_type":"article","og_title":"Mantenimiento y venta de equipos de salvamento - Marine Technical Solutions","og_description":"Mantenimiento y venta de equipos de salvamento - Marine Technical Solutions","og_url":"https:\/\/marinetechnicalsolutions.es\/en\/mantenimiento-y-venta-de-equipos-de-salvamento\/","og_site_name":"Marine Technical Solutions","article_modified_time":"2021-05-26T14:25:48+00:00","og_image":[{"url":"https:\/\/marinetechnicalsolutions.es\/wp-content\/uploads\/2021\/03\/salvamento1-768x432.jpg","type":"","width":"","height":""}],"twitter_card":"summary_large_image","twitter_misc":{"Est. reading time":"1 minute"},"schema":{"@context":"https:\/\/schema.org","@graph":[{"@type":"WebPage","@id":"https:\/\/marinetechnicalsolutions.es\/mantenimiento-y-venta-de-equipos-de-salvamento\/","url":"https:\/\/marinetechnicalsolutions.es\/mantenimiento-y-venta-de-equipos-de-salvamento\/","name":"Mantenimiento y venta de equipos de salvamento - Marine Technical Solutions","isPartOf":{"@id":"https:\/\/marinetechnicalsolutions.es\/#website"},"primaryImageOfPage":{"@id":"https:\/\/marinetechnicalsolutions.es\/mantenimiento-y-venta-de-equipos-de-salvamento\/#primaryimage"},"image":{"@id":"https:\/\/marinetechnicalsolutions.es\/mantenimiento-y-venta-de-equipos-de-salvamento\/#primaryimage"},"thumbnailUrl":"https:\/\/marinetechnicalsolutions.es\/wp-content\/uploads\/2021\/03\/salvamento1-768x432.jpg","datePublished":"2021-03-31T11:40:22+00:00","dateModified":"2021-05-26T14:25:48+00:00","description":"Mantenimiento y venta de equipos de salvamento - Marine Technical Solutions","breadcrumb":{"@id":"https:\/\/marinetechnicalsolutions.es\/mantenimiento-y-venta-de-equipos-de-salvamento\/#breadcrumb"},"inLanguage":"en-US","potentialAction":[{"@type":"ReadAction","target":["https:\/\/marinetechnicalsolutions.es\/mantenimiento-y-venta-de-equipos-de-salvamento\/"]}]},{"@type":"ImageObject","inLanguage":"en-US","@id":"https:\/\/marinetechnicalsolutions.es\/mantenimiento-y-venta-de-equipos-de-salvamento\/#primaryimage","url":"https:\/\/marinetechnicalsolutions.es\/wp-content\/uploads\/2021\/03\/salvamento1-768x432.jpg","contentUrl":"https:\/\/marinetechnicalsolutions.es\/wp-content\/uploads\/2021\/03\/salvamento1-768x432.jpg"},{"@type":"BreadcrumbList","@id":"https:\/\/marinetechnicalsolutions.es\/mantenimiento-y-venta-de-equipos-de-salvamento\/#breadcrumb","itemListElement":[{"@type":"ListItem","position":1,"name":"Portada","item":"https:\/\/marinetechnicalsolutions.es\/"},{"@type":"ListItem","position":2,"name":"Mantenimiento y venta de equipos de salvamento"}]},{"@type":"WebSite","@id":"https:\/\/marinetechnicalsolutions.es\/#website","url":"https:\/\/marinetechnicalsolutions.es\/","name":"Marine Technical Solutions","description":"Empresa dedicada a inspecci\u00f3n en sector naval e industrial","publisher":{"@id":"https:\/\/marinetechnicalsolutions.es\/#organization"},"alternateName":"Marine Technical Solutions","potentialAction":[{"@type":"SearchAction","target":{"@type":"EntryPoint","urlTemplate":"https:\/\/marinetechnicalsolutions.es\/?s={search_term_string}"},"query-input":{"@type":"PropertyValueSpecification","valueRequired":true,"valueName":"search_term_string"}}],"inLanguage":"en-US"},{"@type":"Organization","@id":"https:\/\/marinetechnicalsolutions.es\/#organization","name":"Marine Technical Solutions","alternateName":"Marine Technical Solutions","url":"https:\/\/marinetechnicalsolutions.es\/","logo":{"@type":"ImageObject","inLanguage":"en-US","@id":"https:\/\/marinetechnicalsolutions.es\/#\/schema\/logo\/image\/","url":"https:\/\/marinetechnicalsolutions.es\/wp-content\/uploads\/2021\/03\/cropped-logo.png","contentUrl":"https:\/\/marinetechnicalsolutions.es\/wp-content\/uploads\/2021\/03\/cropped-logo.png","width":512,"height":512,"caption":"Marine Technical Solutions"},"image":{"@id":"https:\/\/marinetechnicalsolutions.es\/#\/schema\/logo\/image\/"}}]}},"_links":{"self":[{"href":"https:\/\/marinetechnicalsolutions.es\/en\/wp-json\/wp\/v2\/pages\/1937","targetHints":{"allow":["GET"]}}],"collection":[{"href":"https:\/\/marinetechnicalsolutions.es\/en\/wp-json\/wp\/v2\/pages"}],"about":[{"href":"https:\/\/marinetechnicalsolutions.es\/en\/wp-json\/wp\/v2\/types\/page"}],"author":[{"embeddable":true,"href":"https:\/\/marinetechnicalsolutions.es\/en\/wp-json\/wp\/v2\/users\/1"}],"replies":[{"embeddable":true,"href":"https:\/\/marinetechnicalsolutions.es\/en\/wp-json\/wp\/v2\/comments?post=1937"}],"version-history":[{"count":11,"href":"https:\/\/marinetechnicalsolutions.es\/en\/wp-json\/wp\/v2\/pages\/1937\/revisions"}],"predecessor-version":[{"id":2766,"href":"https:\/\/marinetechnicalsolutions.es\/en\/wp-json\/wp\/v2\/pages\/1937\/revisions\/2766"}],"wp:attachment":[{"href":"https:\/\/marinetechnicalsolutions.es\/en\/wp-json\/wp\/v2\/media?parent=1937"}],"curies":[{"name":"wp","href":"https:\/\/api.w.org\/{rel}","templated":true}]}}