{"id":1949,"date":"2021-03-31T11:53:59","date_gmt":"2021-03-31T11:53:59","guid":{"rendered":"https:\/\/informedia.pro\/mts\/?page_id=1949"},"modified":"2021-05-26T14:32:51","modified_gmt":"2021-05-26T14:32:51","slug":"pruebas-de-peso","status":"publish","type":"page","link":"https:\/\/marinetechnicalsolutions.es\/en\/pruebas-de-peso\/","title":{"rendered":"Load tests"},"content":{"rendered":"<div data-elementor-type=\"wp-page\" data-elementor-id=\"1949\" class=\"elementor elementor-1949\">\n\t\t\t\t\t\t<section class=\"elementor-section elementor-top-section elementor-element elementor-element-d8b8595 elementor-section-boxed elementor-section-height-default elementor-section-height-default\" data-id=\"d8b8595\" data-element_type=\"section\">\n\t\t\t\t\t\t<div class=\"elementor-container elementor-column-gap-default\">\n\t\t\t\t\t<div class=\"elementor-column elementor-col-100 elementor-top-column elementor-element elementor-element-5baf64e\" data-id=\"5baf64e\" data-element_type=\"column\">\n\t\t\t<div class=\"elementor-widget-wrap elementor-element-populated\">\n\t\t\t\t\t\t<div class=\"elementor-element elementor-element-ec3e669 elementor-widget elementor-widget-spacer\" data-id=\"ec3e669\" data-element_type=\"widget\" data-widget_type=\"spacer.default\">\n\t\t\t\t<div class=\"elementor-widget-container\">\n\t\t\t\t\t\t\t<div class=\"elementor-spacer\">\n\t\t\t<div class=\"elementor-spacer-inner\"><\/div>\n\t\t<\/div>\n\t\t\t\t\t\t<\/div>\n\t\t\t\t<\/div>\n\t\t\t\t<div class=\"elementor-element elementor-element-653531c elementor-widget elementor-widget-text-editor\" data-id=\"653531c\" data-element_type=\"widget\" data-widget_type=\"text-editor.default\">\n\t\t\t\t<div class=\"elementor-widget-container\">\n\t\t\t\t\t\t\t\t\t<p style=\"text-align: justify;\">MTS cuenta con profesionales y material t\u00e9cnico certificado para garantizar el funcionamiento adecuado de los diferentes equipos de elevaci\u00f3n y verificar que sea capaz de levantar de forma segura su capacidad seg\u00fan dise\u00f1o. Debido a los diferentes est\u00e1ndares de la industria es necesario realizar una inspecci\u00f3n de prueba de carga de la gr\u00faa en cada equipo durante su vida \u00fatil.<\/p><p style=\"text-align: justify;\">MTS has established a large stock of material to carry out most crane load tests and auxiliary services for ships and industrial fields.<\/p><p style=\"text-align: justify;\">Based on our excellence in safety, quality control and profitability, MTS has all the necessary equipment to successfully execute crane load testing services, guaranteeing the correct operation of the lifting equipment<\/p>\t\t\t\t\t\t\t\t<\/div>\n\t\t\t\t<\/div>\n\t\t\t\t<div class=\"elementor-element elementor-element-f206559 elementor-widget elementor-widget-spacer\" data-id=\"f206559\" data-element_type=\"widget\" data-widget_type=\"spacer.default\">\n\t\t\t\t<div class=\"elementor-widget-container\">\n\t\t\t\t\t\t\t<div class=\"elementor-spacer\">\n\t\t\t<div class=\"elementor-spacer-inner\"><\/div>\n\t\t<\/div>\n\t\t\t\t\t\t<\/div>\n\t\t\t\t<\/div>\n\t\t\t\t<section class=\"elementor-section elementor-inner-section elementor-element elementor-element-24e5145 elementor-section-boxed elementor-section-height-default elementor-section-height-default\" data-id=\"24e5145\" data-element_type=\"section\">\n\t\t\t\t\t\t<div class=\"elementor-container elementor-column-gap-default\">\n\t\t\t\t\t<div class=\"elementor-column elementor-col-50 elementor-inner-column elementor-element elementor-element-b0e5db3\" data-id=\"b0e5db3\" data-element_type=\"column\">\n\t\t\t<div class=\"elementor-widget-wrap elementor-element-populated\">\n\t\t\t\t\t\t<div class=\"elementor-element elementor-element-87c31b9 elementor-widget elementor-widget-image\" data-id=\"87c31b9\" data-element_type=\"widget\" data-widget_type=\"image.default\">\n\t\t\t\t<div class=\"elementor-widget-container\">\n\t\t\t\t\t\t\t\t\t\t\t\t\t\t\t<img fetchpriority=\"high\" decoding=\"async\" width=\"640\" height=\"946\" src=\"https:\/\/marinetechnicalsolutions.es\/wp-content\/uploads\/2021\/03\/peso1-rotated.jpg\" class=\"attachment-medium_large size-medium_large wp-image-1951\" alt=\"pruebas de peso 1\" srcset=\"https:\/\/marinetechnicalsolutions.es\/wp-content\/uploads\/2021\/03\/peso1-rotated.jpg 727w, https:\/\/marinetechnicalsolutions.es\/wp-content\/uploads\/2021\/03\/peso1-203x300.jpg 203w, https:\/\/marinetechnicalsolutions.es\/wp-content\/uploads\/2021\/03\/peso1-693x1024.jpg 693w, https:\/\/marinetechnicalsolutions.es\/wp-content\/uploads\/2021\/03\/peso1-600x887.jpg 600w\" sizes=\"(max-width: 640px) 100vw, 640px\" \/>\t\t\t\t\t\t\t\t\t\t\t\t\t\t\t<\/div>\n\t\t\t\t<\/div>\n\t\t\t\t\t<\/div>\n\t\t<\/div>\n\t\t\t\t<div class=\"elementor-column elementor-col-50 elementor-inner-column elementor-element elementor-element-c040e97\" data-id=\"c040e97\" data-element_type=\"column\">\n\t\t\t<div class=\"elementor-widget-wrap elementor-element-populated\">\n\t\t\t\t\t\t<div class=\"elementor-element elementor-element-083b2c4 elementor-widget elementor-widget-image\" data-id=\"083b2c4\" data-element_type=\"widget\" data-widget_type=\"image.default\">\n\t\t\t\t<div class=\"elementor-widget-container\">\n\t\t\t\t\t\t\t\t\t\t\t\t\t\t\t<img decoding=\"async\" width=\"640\" height=\"777\" src=\"https:\/\/marinetechnicalsolutions.es\/wp-content\/uploads\/2021\/05\/peso2-1.jpg\" class=\"attachment-medium_large size-medium_large wp-image-2492\" alt=\"\" srcset=\"https:\/\/marinetechnicalsolutions.es\/wp-content\/uploads\/2021\/05\/peso2-1.jpg 724w, https:\/\/marinetechnicalsolutions.es\/wp-content\/uploads\/2021\/05\/peso2-1-247x300.jpg 247w, https:\/\/marinetechnicalsolutions.es\/wp-content\/uploads\/2021\/05\/peso2-1-600x728.jpg 600w\" sizes=\"(max-width: 640px) 100vw, 640px\" \/>\t\t\t\t\t\t\t\t\t\t\t\t\t\t\t<\/div>\n\t\t\t\t<\/div>\n\t\t\t\t\t<\/div>\n\t\t<\/div>\n\t\t\t\t\t<\/div>\n\t\t<\/section>\n\t\t\t\t<div class=\"elementor-element elementor-element-d9653eb elementor-widget elementor-widget-spacer\" data-id=\"d9653eb\" data-element_type=\"widget\" data-widget_type=\"spacer.default\">\n\t\t\t\t<div class=\"elementor-widget-container\">\n\t\t\t\t\t\t\t<div class=\"elementor-spacer\">\n\t\t\t<div class=\"elementor-spacer-inner\"><\/div>\n\t\t<\/div>\n\t\t\t\t\t\t<\/div>\n\t\t\t\t<\/div>\n\t\t\t\t\t<\/div>\n\t\t<\/div>\n\t\t\t\t\t<\/div>\n\t\t<\/section>\n\t\t\t\t<\/div>","protected":false},"excerpt":{"rendered":"<p>MTS cuenta con profesionales y material t\u00e9cnico certificado para garantizar el funcionamiento adecuado de los diferentes equipos de elevaci\u00f3n y verificar que sea capaz de levantar de forma segura su capacidad seg\u00fan dise\u00f1o. Debido a los diferentes est\u00e1ndares de la industria es necesario realizar una inspecci\u00f3n de prueba de carga de la gr\u00faa en cada [&hellip;]<\/p>","protected":false},"author":1,"featured_media":0,"parent":0,"menu_order":0,"comment_status":"closed","ping_status":"closed","template":"","meta":{"footnotes":""},"class_list":["post-1949","page","type-page","status-publish","hentry"],"yoast_head":"<!-- This site is optimized with the Yoast SEO plugin v26.2 - https:\/\/yoast.com\/wordpress\/plugins\/seo\/ -->\n<title>Pruebas de peso - Marine Technical Solutions<\/title>\n<meta name=\"description\" content=\"Pruebas de peso - Marine Technical Solutions\" \/>\n<meta name=\"robots\" content=\"index, follow, max-snippet:-1, max-image-preview:large, max-video-preview:-1\" \/>\n<link rel=\"canonical\" href=\"https:\/\/marinetechnicalsolutions.es\/en\/pruebas-de-peso\/\" \/>\n<meta property=\"og:locale\" content=\"en_US\" \/>\n<meta property=\"og:type\" content=\"article\" \/>\n<meta property=\"og:title\" content=\"Pruebas de peso - Marine Technical Solutions\" \/>\n<meta property=\"og:description\" content=\"Pruebas de peso - Marine Technical Solutions\" \/>\n<meta property=\"og:url\" content=\"https:\/\/marinetechnicalsolutions.es\/en\/pruebas-de-peso\/\" \/>\n<meta property=\"og:site_name\" content=\"Marine Technical Solutions\" \/>\n<meta property=\"article:modified_time\" content=\"2021-05-26T14:32:51+00:00\" \/>\n<meta property=\"og:image\" content=\"https:\/\/marinetechnicalsolutions.es\/wp-content\/uploads\/2021\/03\/peso1-rotated.jpg\" \/>\n<meta name=\"twitter:card\" content=\"summary_large_image\" \/>\n<meta name=\"twitter:label1\" content=\"Est. reading time\" \/>\n\t<meta name=\"twitter:data1\" content=\"1 minute\" \/>\n<script type=\"application\/ld+json\" class=\"yoast-schema-graph\">{\"@context\":\"https:\/\/schema.org\",\"@graph\":[{\"@type\":\"WebPage\",\"@id\":\"https:\/\/marinetechnicalsolutions.es\/pruebas-de-peso\/\",\"url\":\"https:\/\/marinetechnicalsolutions.es\/pruebas-de-peso\/\",\"name\":\"Pruebas de peso - Marine Technical Solutions\",\"isPartOf\":{\"@id\":\"https:\/\/marinetechnicalsolutions.es\/#website\"},\"primaryImageOfPage\":{\"@id\":\"https:\/\/marinetechnicalsolutions.es\/pruebas-de-peso\/#primaryimage\"},\"image\":{\"@id\":\"https:\/\/marinetechnicalsolutions.es\/pruebas-de-peso\/#primaryimage\"},\"thumbnailUrl\":\"https:\/\/marinetechnicalsolutions.es\/wp-content\/uploads\/2021\/03\/peso1-rotated.jpg\",\"datePublished\":\"2021-03-31T11:53:59+00:00\",\"dateModified\":\"2021-05-26T14:32:51+00:00\",\"description\":\"Pruebas de peso - Marine Technical Solutions\",\"breadcrumb\":{\"@id\":\"https:\/\/marinetechnicalsolutions.es\/pruebas-de-peso\/#breadcrumb\"},\"inLanguage\":\"en-US\",\"potentialAction\":[{\"@type\":\"ReadAction\",\"target\":[\"https:\/\/marinetechnicalsolutions.es\/pruebas-de-peso\/\"]}]},{\"@type\":\"ImageObject\",\"inLanguage\":\"en-US\",\"@id\":\"https:\/\/marinetechnicalsolutions.es\/pruebas-de-peso\/#primaryimage\",\"url\":\"https:\/\/marinetechnicalsolutions.es\/wp-content\/uploads\/2021\/03\/peso1-rotated.jpg\",\"contentUrl\":\"https:\/\/marinetechnicalsolutions.es\/wp-content\/uploads\/2021\/03\/peso1-rotated.jpg\"},{\"@type\":\"BreadcrumbList\",\"@id\":\"https:\/\/marinetechnicalsolutions.es\/pruebas-de-peso\/#breadcrumb\",\"itemListElement\":[{\"@type\":\"ListItem\",\"position\":1,\"name\":\"Portada\",\"item\":\"https:\/\/marinetechnicalsolutions.es\/\"},{\"@type\":\"ListItem\",\"position\":2,\"name\":\"Pruebas de peso\"}]},{\"@type\":\"WebSite\",\"@id\":\"https:\/\/marinetechnicalsolutions.es\/#website\",\"url\":\"https:\/\/marinetechnicalsolutions.es\/\",\"name\":\"Marine Technical Solutions\",\"description\":\"Empresa dedicada a inspecci\u00f3n en sector naval e industrial\",\"publisher\":{\"@id\":\"https:\/\/marinetechnicalsolutions.es\/#organization\"},\"alternateName\":\"Marine Technical Solutions\",\"potentialAction\":[{\"@type\":\"SearchAction\",\"target\":{\"@type\":\"EntryPoint\",\"urlTemplate\":\"https:\/\/marinetechnicalsolutions.es\/?s={search_term_string}\"},\"query-input\":{\"@type\":\"PropertyValueSpecification\",\"valueRequired\":true,\"valueName\":\"search_term_string\"}}],\"inLanguage\":\"en-US\"},{\"@type\":\"Organization\",\"@id\":\"https:\/\/marinetechnicalsolutions.es\/#organization\",\"name\":\"Marine Technical Solutions\",\"alternateName\":\"Marine Technical Solutions\",\"url\":\"https:\/\/marinetechnicalsolutions.es\/\",\"logo\":{\"@type\":\"ImageObject\",\"inLanguage\":\"en-US\",\"@id\":\"https:\/\/marinetechnicalsolutions.es\/#\/schema\/logo\/image\/\",\"url\":\"https:\/\/marinetechnicalsolutions.es\/wp-content\/uploads\/2021\/03\/cropped-logo.png\",\"contentUrl\":\"https:\/\/marinetechnicalsolutions.es\/wp-content\/uploads\/2021\/03\/cropped-logo.png\",\"width\":512,\"height\":512,\"caption\":\"Marine Technical Solutions\"},\"image\":{\"@id\":\"https:\/\/marinetechnicalsolutions.es\/#\/schema\/logo\/image\/\"}}]}<\/script>\n<!-- \/ Yoast SEO plugin. -->","yoast_head_json":{"title":"Pruebas de peso - Marine Technical Solutions","description":"Pruebas de peso - Marine Technical Solutions","robots":{"index":"index","follow":"follow","max-snippet":"max-snippet:-1","max-image-preview":"max-image-preview:large","max-video-preview":"max-video-preview:-1"},"canonical":"https:\/\/marinetechnicalsolutions.es\/en\/pruebas-de-peso\/","og_locale":"en_US","og_type":"article","og_title":"Pruebas de peso - Marine Technical Solutions","og_description":"Pruebas de peso - Marine Technical Solutions","og_url":"https:\/\/marinetechnicalsolutions.es\/en\/pruebas-de-peso\/","og_site_name":"Marine Technical Solutions","article_modified_time":"2021-05-26T14:32:51+00:00","og_image":[{"url":"https:\/\/marinetechnicalsolutions.es\/wp-content\/uploads\/2021\/03\/peso1-rotated.jpg","type":"","width":"","height":""}],"twitter_card":"summary_large_image","twitter_misc":{"Est. reading time":"1 minute"},"schema":{"@context":"https:\/\/schema.org","@graph":[{"@type":"WebPage","@id":"https:\/\/marinetechnicalsolutions.es\/pruebas-de-peso\/","url":"https:\/\/marinetechnicalsolutions.es\/pruebas-de-peso\/","name":"Pruebas de peso - Marine Technical Solutions","isPartOf":{"@id":"https:\/\/marinetechnicalsolutions.es\/#website"},"primaryImageOfPage":{"@id":"https:\/\/marinetechnicalsolutions.es\/pruebas-de-peso\/#primaryimage"},"image":{"@id":"https:\/\/marinetechnicalsolutions.es\/pruebas-de-peso\/#primaryimage"},"thumbnailUrl":"https:\/\/marinetechnicalsolutions.es\/wp-content\/uploads\/2021\/03\/peso1-rotated.jpg","datePublished":"2021-03-31T11:53:59+00:00","dateModified":"2021-05-26T14:32:51+00:00","description":"Pruebas de peso - Marine Technical Solutions","breadcrumb":{"@id":"https:\/\/marinetechnicalsolutions.es\/pruebas-de-peso\/#breadcrumb"},"inLanguage":"en-US","potentialAction":[{"@type":"ReadAction","target":["https:\/\/marinetechnicalsolutions.es\/pruebas-de-peso\/"]}]},{"@type":"ImageObject","inLanguage":"en-US","@id":"https:\/\/marinetechnicalsolutions.es\/pruebas-de-peso\/#primaryimage","url":"https:\/\/marinetechnicalsolutions.es\/wp-content\/uploads\/2021\/03\/peso1-rotated.jpg","contentUrl":"https:\/\/marinetechnicalsolutions.es\/wp-content\/uploads\/2021\/03\/peso1-rotated.jpg"},{"@type":"BreadcrumbList","@id":"https:\/\/marinetechnicalsolutions.es\/pruebas-de-peso\/#breadcrumb","itemListElement":[{"@type":"ListItem","position":1,"name":"Portada","item":"https:\/\/marinetechnicalsolutions.es\/"},{"@type":"ListItem","position":2,"name":"Pruebas de peso"}]},{"@type":"WebSite","@id":"https:\/\/marinetechnicalsolutions.es\/#website","url":"https:\/\/marinetechnicalsolutions.es\/","name":"Marine Technical Solutions","description":"Empresa dedicada a inspecci\u00f3n en sector naval e industrial","publisher":{"@id":"https:\/\/marinetechnicalsolutions.es\/#organization"},"alternateName":"Marine Technical Solutions","potentialAction":[{"@type":"SearchAction","target":{"@type":"EntryPoint","urlTemplate":"https:\/\/marinetechnicalsolutions.es\/?s={search_term_string}"},"query-input":{"@type":"PropertyValueSpecification","valueRequired":true,"valueName":"search_term_string"}}],"inLanguage":"en-US"},{"@type":"Organization","@id":"https:\/\/marinetechnicalsolutions.es\/#organization","name":"Marine Technical Solutions","alternateName":"Marine Technical Solutions","url":"https:\/\/marinetechnicalsolutions.es\/","logo":{"@type":"ImageObject","inLanguage":"en-US","@id":"https:\/\/marinetechnicalsolutions.es\/#\/schema\/logo\/image\/","url":"https:\/\/marinetechnicalsolutions.es\/wp-content\/uploads\/2021\/03\/cropped-logo.png","contentUrl":"https:\/\/marinetechnicalsolutions.es\/wp-content\/uploads\/2021\/03\/cropped-logo.png","width":512,"height":512,"caption":"Marine Technical Solutions"},"image":{"@id":"https:\/\/marinetechnicalsolutions.es\/#\/schema\/logo\/image\/"}}]}},"_links":{"self":[{"href":"https:\/\/marinetechnicalsolutions.es\/en\/wp-json\/wp\/v2\/pages\/1949","targetHints":{"allow":["GET"]}}],"collection":[{"href":"https:\/\/marinetechnicalsolutions.es\/en\/wp-json\/wp\/v2\/pages"}],"about":[{"href":"https:\/\/marinetechnicalsolutions.es\/en\/wp-json\/wp\/v2\/types\/page"}],"author":[{"embeddable":true,"href":"https:\/\/marinetechnicalsolutions.es\/en\/wp-json\/wp\/v2\/users\/1"}],"replies":[{"embeddable":true,"href":"https:\/\/marinetechnicalsolutions.es\/en\/wp-json\/wp\/v2\/comments?post=1949"}],"version-history":[{"count":28,"href":"https:\/\/marinetechnicalsolutions.es\/en\/wp-json\/wp\/v2\/pages\/1949\/revisions"}],"predecessor-version":[{"id":2773,"href":"https:\/\/marinetechnicalsolutions.es\/en\/wp-json\/wp\/v2\/pages\/1949\/revisions\/2773"}],"wp:attachment":[{"href":"https:\/\/marinetechnicalsolutions.es\/en\/wp-json\/wp\/v2\/media?parent=1949"}],"curies":[{"name":"wp","href":"https:\/\/api.w.org\/{rel}","templated":true}]}}