{"id":1963,"date":"2021-03-31T12:22:57","date_gmt":"2021-03-31T12:22:57","guid":{"rendered":"https:\/\/informedia.pro\/mts\/?page_id=1963"},"modified":"2021-05-10T18:33:29","modified_gmt":"2021-05-10T18:33:29","slug":"venta-calibracion-y-reparacion-de-equipos-medidores-de-gas","status":"publish","type":"page","link":"https:\/\/marinetechnicalsolutions.es\/en\/venta-calibracion-y-reparacion-de-equipos-medidores-de-gas\/","title":{"rendered":"Sale, calibration and repair of fix and protable gas equipment"},"content":{"rendered":"<div data-elementor-type=\"wp-page\" data-elementor-id=\"1963\" class=\"elementor elementor-1963\">\n\t\t\t\t\t\t<section class=\"elementor-section elementor-top-section elementor-element elementor-element-5fd8435 elementor-section-boxed elementor-section-height-default elementor-section-height-default\" data-id=\"5fd8435\" data-element_type=\"section\">\n\t\t\t\t\t\t<div class=\"elementor-container elementor-column-gap-default\">\n\t\t\t\t\t<div class=\"elementor-column elementor-col-100 elementor-top-column elementor-element elementor-element-9e55519\" data-id=\"9e55519\" data-element_type=\"column\">\n\t\t\t<div class=\"elementor-widget-wrap elementor-element-populated\">\n\t\t\t\t\t\t<div class=\"elementor-element elementor-element-12e2b5f elementor-widget elementor-widget-spacer\" data-id=\"12e2b5f\" data-element_type=\"widget\" data-widget_type=\"spacer.default\">\n\t\t\t\t<div class=\"elementor-widget-container\">\n\t\t\t\t\t\t\t<div class=\"elementor-spacer\">\n\t\t\t<div class=\"elementor-spacer-inner\"><\/div>\n\t\t<\/div>\n\t\t\t\t\t\t<\/div>\n\t\t\t\t<\/div>\n\t\t\t\t<div class=\"elementor-element elementor-element-48ae1ec elementor-widget elementor-widget-text-editor\" data-id=\"48ae1ec\" data-element_type=\"widget\" data-widget_type=\"text-editor.default\">\n\t\t\t\t<div class=\"elementor-widget-container\">\n\t\t\t\t\t\t\t\t\t<p style=\"text-align: justify;\">This is the latest service implemented by our company through which we want to give a more complete and quality service to our clients.<\/p><p style=\"text-align: justify;\">We are authorized by the most prestigious brands in both the naval and industrial sectors:<\/p><ul style=\"text-align: justify;\"><li>Honeywell<\/li><li>Riken keiki<\/li><li>Dr\u00e4ger<\/li><li>Scott<\/li><\/ul><p style=\"text-align: justify;\">We carry out both sales and the after-sales service by monitoring the product in order not only to supply our customers with the requested products, but also to monitor the calibrations and the products you may need for the use of the devices.<\/p>\t\t\t\t\t\t\t\t<\/div>\n\t\t\t\t<\/div>\n\t\t\t\t<div class=\"elementor-element elementor-element-24db218 elementor-widget elementor-widget-spacer\" data-id=\"24db218\" data-element_type=\"widget\" data-widget_type=\"spacer.default\">\n\t\t\t\t<div class=\"elementor-widget-container\">\n\t\t\t\t\t\t\t<div class=\"elementor-spacer\">\n\t\t\t<div class=\"elementor-spacer-inner\"><\/div>\n\t\t<\/div>\n\t\t\t\t\t\t<\/div>\n\t\t\t\t<\/div>\n\t\t\t\t<section class=\"elementor-section elementor-inner-section elementor-element elementor-element-803fa35 elementor-section-boxed elementor-section-height-default elementor-section-height-default\" data-id=\"803fa35\" data-element_type=\"section\">\n\t\t\t\t\t\t<div class=\"elementor-container elementor-column-gap-default\">\n\t\t\t\t\t<div class=\"elementor-column elementor-col-50 elementor-inner-column elementor-element elementor-element-7102f75\" data-id=\"7102f75\" data-element_type=\"column\">\n\t\t\t<div class=\"elementor-widget-wrap elementor-element-populated\">\n\t\t\t\t\t\t<div class=\"elementor-element elementor-element-3747393 elementor-widget elementor-widget-image\" data-id=\"3747393\" data-element_type=\"widget\" data-widget_type=\"image.default\">\n\t\t\t\t<div class=\"elementor-widget-container\">\n\t\t\t\t\t\t\t\t\t\t\t\t\t\t\t<img fetchpriority=\"high\" decoding=\"async\" width=\"384\" height=\"384\" src=\"https:\/\/marinetechnicalsolutions.es\/wp-content\/uploads\/2021\/03\/gas1.jpg\" class=\"attachment-medium_large size-medium_large wp-image-1965\" alt=\"\" srcset=\"https:\/\/marinetechnicalsolutions.es\/wp-content\/uploads\/2021\/03\/gas1.jpg 384w, https:\/\/marinetechnicalsolutions.es\/wp-content\/uploads\/2021\/03\/gas1-300x300.jpg 300w, https:\/\/marinetechnicalsolutions.es\/wp-content\/uploads\/2021\/03\/gas1-150x150.jpg 150w, https:\/\/marinetechnicalsolutions.es\/wp-content\/uploads\/2021\/03\/gas1-66x66.jpg 66w, https:\/\/marinetechnicalsolutions.es\/wp-content\/uploads\/2021\/03\/gas1-100x100.jpg 100w\" sizes=\"(max-width: 384px) 100vw, 384px\" \/>\t\t\t\t\t\t\t\t\t\t\t\t\t\t\t<\/div>\n\t\t\t\t<\/div>\n\t\t\t\t\t<\/div>\n\t\t<\/div>\n\t\t\t\t<div class=\"elementor-column elementor-col-50 elementor-inner-column elementor-element elementor-element-61fbc20\" data-id=\"61fbc20\" data-element_type=\"column\">\n\t\t\t<div class=\"elementor-widget-wrap elementor-element-populated\">\n\t\t\t\t\t\t<div class=\"elementor-element elementor-element-8be41ff elementor-widget elementor-widget-image\" data-id=\"8be41ff\" data-element_type=\"widget\" data-widget_type=\"image.default\">\n\t\t\t\t<div class=\"elementor-widget-container\">\n\t\t\t\t\t\t\t\t\t\t\t\t\t\t\t<img decoding=\"async\" width=\"252\" height=\"288\" src=\"https:\/\/marinetechnicalsolutions.es\/wp-content\/uploads\/2021\/03\/gas2.jpg\" class=\"attachment-medium_large size-medium_large wp-image-1966\" alt=\"\" \/>\t\t\t\t\t\t\t\t\t\t\t\t\t\t\t<\/div>\n\t\t\t\t<\/div>\n\t\t\t\t\t<\/div>\n\t\t<\/div>\n\t\t\t\t\t<\/div>\n\t\t<\/section>\n\t\t\t\t<section class=\"elementor-section elementor-inner-section elementor-element elementor-element-785ad0f elementor-section-boxed elementor-section-height-default elementor-section-height-default\" data-id=\"785ad0f\" data-element_type=\"section\">\n\t\t\t\t\t\t<div class=\"elementor-container elementor-column-gap-default\">\n\t\t\t\t\t<div class=\"elementor-column elementor-col-50 elementor-inner-column elementor-element elementor-element-5ce22e7\" data-id=\"5ce22e7\" data-element_type=\"column\">\n\t\t\t<div class=\"elementor-widget-wrap elementor-element-populated\">\n\t\t\t\t\t\t<div class=\"elementor-element elementor-element-e00996b elementor-widget elementor-widget-image\" data-id=\"e00996b\" data-element_type=\"widget\" data-widget_type=\"image.default\">\n\t\t\t\t<div class=\"elementor-widget-container\">\n\t\t\t\t\t\t\t\t\t\t\t\t\t\t\t<img decoding=\"async\" width=\"350\" height=\"296\" src=\"https:\/\/marinetechnicalsolutions.es\/wp-content\/uploads\/2021\/03\/gas3.jpg\" class=\"attachment-medium_large size-medium_large wp-image-1967\" alt=\"\" srcset=\"https:\/\/marinetechnicalsolutions.es\/wp-content\/uploads\/2021\/03\/gas3.jpg 350w, https:\/\/marinetechnicalsolutions.es\/wp-content\/uploads\/2021\/03\/gas3-300x254.jpg 300w\" sizes=\"(max-width: 350px) 100vw, 350px\" \/>\t\t\t\t\t\t\t\t\t\t\t\t\t\t\t<\/div>\n\t\t\t\t<\/div>\n\t\t\t\t\t<\/div>\n\t\t<\/div>\n\t\t\t\t<div class=\"elementor-column elementor-col-50 elementor-inner-column elementor-element elementor-element-60298e1\" data-id=\"60298e1\" data-element_type=\"column\">\n\t\t\t<div class=\"elementor-widget-wrap elementor-element-populated\">\n\t\t\t\t\t\t<div class=\"elementor-element elementor-element-17f8072 elementor-widget elementor-widget-image\" data-id=\"17f8072\" data-element_type=\"widget\" data-widget_type=\"image.default\">\n\t\t\t\t<div class=\"elementor-widget-container\">\n\t\t\t\t\t\t\t\t\t\t\t\t\t\t\t<img loading=\"lazy\" decoding=\"async\" width=\"417\" height=\"321\" src=\"https:\/\/marinetechnicalsolutions.es\/wp-content\/uploads\/2021\/03\/gas4.jpg\" class=\"attachment-medium_large size-medium_large wp-image-1968\" alt=\"\" srcset=\"https:\/\/marinetechnicalsolutions.es\/wp-content\/uploads\/2021\/03\/gas4.jpg 417w, https:\/\/marinetechnicalsolutions.es\/wp-content\/uploads\/2021\/03\/gas4-300x231.jpg 300w\" sizes=\"(max-width: 417px) 100vw, 417px\" \/>\t\t\t\t\t\t\t\t\t\t\t\t\t\t\t<\/div>\n\t\t\t\t<\/div>\n\t\t\t\t\t<\/div>\n\t\t<\/div>\n\t\t\t\t\t<\/div>\n\t\t<\/section>\n\t\t\t\t<div class=\"elementor-element elementor-element-f2b4163 elementor-widget elementor-widget-spacer\" data-id=\"f2b4163\" data-element_type=\"widget\" data-widget_type=\"spacer.default\">\n\t\t\t\t<div class=\"elementor-widget-container\">\n\t\t\t\t\t\t\t<div class=\"elementor-spacer\">\n\t\t\t<div class=\"elementor-spacer-inner\"><\/div>\n\t\t<\/div>\n\t\t\t\t\t\t<\/div>\n\t\t\t\t<\/div>\n\t\t\t\t\t<\/div>\n\t\t<\/div>\n\t\t\t\t\t<\/div>\n\t\t<\/section>\n\t\t\t\t<\/div>","protected":false},"excerpt":{"rendered":"<p>Este es el \u00faltimo servicio implantado por nuestra empresa mediante el cual, queremos dar un servicio m\u00e1s completo y de calidad a nuestros clientes. Estamos autorizados por las marcas de m\u00e1s prestigio tanto en el sector naval como industrial: Honeywell Riken keiki Dr\u00e4ger Scott Realizamos tanto la venta como el servicio post-venta, haciendo un seguimiento [&hellip;]<\/p>","protected":false},"author":1,"featured_media":0,"parent":0,"menu_order":0,"comment_status":"closed","ping_status":"closed","template":"","meta":{"footnotes":""},"class_list":["post-1963","page","type-page","status-publish","hentry"],"yoast_head":"<!-- This site is optimized with the Yoast SEO plugin v26.2 - https:\/\/yoast.com\/wordpress\/plugins\/seo\/ -->\n<title>Venta, calibraci\u00f3n y reparaci\u00f3n de equipos medidores de gas - Marine Technical Solutions<\/title>\n<meta name=\"description\" content=\"Venta, calibraci\u00f3n y reparaci\u00f3n de equipos medidores de gas - Marine Technical Solutions\" \/>\n<meta name=\"robots\" content=\"index, follow, max-snippet:-1, max-image-preview:large, max-video-preview:-1\" \/>\n<link rel=\"canonical\" href=\"https:\/\/marinetechnicalsolutions.es\/en\/venta-calibracion-y-reparacion-de-equipos-medidores-de-gas\/\" \/>\n<meta property=\"og:locale\" content=\"en_US\" \/>\n<meta property=\"og:type\" content=\"article\" \/>\n<meta property=\"og:title\" content=\"Venta, calibraci\u00f3n y reparaci\u00f3n de equipos medidores de gas - Marine Technical Solutions\" \/>\n<meta property=\"og:description\" content=\"Venta, calibraci\u00f3n y reparaci\u00f3n de equipos medidores de gas - Marine Technical Solutions\" \/>\n<meta property=\"og:url\" content=\"https:\/\/marinetechnicalsolutions.es\/en\/venta-calibracion-y-reparacion-de-equipos-medidores-de-gas\/\" \/>\n<meta property=\"og:site_name\" content=\"Marine Technical Solutions\" \/>\n<meta property=\"article:modified_time\" content=\"2021-05-10T18:33:29+00:00\" \/>\n<meta property=\"og:image\" content=\"https:\/\/marinetechnicalsolutions.es\/wp-content\/uploads\/2021\/03\/gas1.jpg\" \/>\n<meta name=\"twitter:card\" content=\"summary_large_image\" \/>\n<script type=\"application\/ld+json\" class=\"yoast-schema-graph\">{\"@context\":\"https:\/\/schema.org\",\"@graph\":[{\"@type\":\"WebPage\",\"@id\":\"https:\/\/marinetechnicalsolutions.es\/en\/venta-calibracion-y-reparacion-de-equipos-medidores-de-gas\/\",\"url\":\"https:\/\/marinetechnicalsolutions.es\/en\/venta-calibracion-y-reparacion-de-equipos-medidores-de-gas\/\",\"name\":\"Venta, calibraci\u00f3n y reparaci\u00f3n de equipos medidores de gas - Marine Technical Solutions\",\"isPartOf\":{\"@id\":\"https:\/\/marinetechnicalsolutions.es\/#website\"},\"primaryImageOfPage\":{\"@id\":\"https:\/\/marinetechnicalsolutions.es\/en\/venta-calibracion-y-reparacion-de-equipos-medidores-de-gas\/#primaryimage\"},\"image\":{\"@id\":\"https:\/\/marinetechnicalsolutions.es\/en\/venta-calibracion-y-reparacion-de-equipos-medidores-de-gas\/#primaryimage\"},\"thumbnailUrl\":\"https:\/\/marinetechnicalsolutions.es\/wp-content\/uploads\/2021\/03\/gas1.jpg\",\"datePublished\":\"2021-03-31T12:22:57+00:00\",\"dateModified\":\"2021-05-10T18:33:29+00:00\",\"description\":\"Venta, calibraci\u00f3n y reparaci\u00f3n de equipos medidores de gas - Marine Technical Solutions\",\"breadcrumb\":{\"@id\":\"https:\/\/marinetechnicalsolutions.es\/en\/venta-calibracion-y-reparacion-de-equipos-medidores-de-gas\/#breadcrumb\"},\"inLanguage\":\"en-US\",\"potentialAction\":[{\"@type\":\"ReadAction\",\"target\":[\"https:\/\/marinetechnicalsolutions.es\/en\/venta-calibracion-y-reparacion-de-equipos-medidores-de-gas\/\"]}]},{\"@type\":\"ImageObject\",\"inLanguage\":\"en-US\",\"@id\":\"https:\/\/marinetechnicalsolutions.es\/en\/venta-calibracion-y-reparacion-de-equipos-medidores-de-gas\/#primaryimage\",\"url\":\"https:\/\/marinetechnicalsolutions.es\/wp-content\/uploads\/2021\/03\/gas1.jpg\",\"contentUrl\":\"https:\/\/marinetechnicalsolutions.es\/wp-content\/uploads\/2021\/03\/gas1.jpg\"},{\"@type\":\"BreadcrumbList\",\"@id\":\"https:\/\/marinetechnicalsolutions.es\/en\/venta-calibracion-y-reparacion-de-equipos-medidores-de-gas\/#breadcrumb\",\"itemListElement\":[{\"@type\":\"ListItem\",\"position\":1,\"name\":\"Portada\",\"item\":\"https:\/\/marinetechnicalsolutions.es\/\"},{\"@type\":\"ListItem\",\"position\":2,\"name\":\"Venta, calibraci\u00f3n y reparaci\u00f3n de equipos medidores de gas\"}]},{\"@type\":\"WebSite\",\"@id\":\"https:\/\/marinetechnicalsolutions.es\/#website\",\"url\":\"https:\/\/marinetechnicalsolutions.es\/\",\"name\":\"Marine Technical Solutions\",\"description\":\"Empresa dedicada a inspecci\u00f3n en sector naval e industrial\",\"publisher\":{\"@id\":\"https:\/\/marinetechnicalsolutions.es\/#organization\"},\"alternateName\":\"Marine Technical Solutions\",\"potentialAction\":[{\"@type\":\"SearchAction\",\"target\":{\"@type\":\"EntryPoint\",\"urlTemplate\":\"https:\/\/marinetechnicalsolutions.es\/?s={search_term_string}\"},\"query-input\":{\"@type\":\"PropertyValueSpecification\",\"valueRequired\":true,\"valueName\":\"search_term_string\"}}],\"inLanguage\":\"en-US\"},{\"@type\":\"Organization\",\"@id\":\"https:\/\/marinetechnicalsolutions.es\/#organization\",\"name\":\"Marine Technical Solutions\",\"alternateName\":\"Marine Technical Solutions\",\"url\":\"https:\/\/marinetechnicalsolutions.es\/\",\"logo\":{\"@type\":\"ImageObject\",\"inLanguage\":\"en-US\",\"@id\":\"https:\/\/marinetechnicalsolutions.es\/#\/schema\/logo\/image\/\",\"url\":\"https:\/\/marinetechnicalsolutions.es\/wp-content\/uploads\/2021\/03\/cropped-logo.png\",\"contentUrl\":\"https:\/\/marinetechnicalsolutions.es\/wp-content\/uploads\/2021\/03\/cropped-logo.png\",\"width\":512,\"height\":512,\"caption\":\"Marine Technical Solutions\"},\"image\":{\"@id\":\"https:\/\/marinetechnicalsolutions.es\/#\/schema\/logo\/image\/\"}}]}<\/script>\n<!-- \/ Yoast SEO plugin. -->","yoast_head_json":{"title":"Venta, calibraci\u00f3n y reparaci\u00f3n de equipos medidores de gas - Marine Technical Solutions","description":"Venta, calibraci\u00f3n y reparaci\u00f3n de equipos medidores de gas - Marine Technical Solutions","robots":{"index":"index","follow":"follow","max-snippet":"max-snippet:-1","max-image-preview":"max-image-preview:large","max-video-preview":"max-video-preview:-1"},"canonical":"https:\/\/marinetechnicalsolutions.es\/en\/venta-calibracion-y-reparacion-de-equipos-medidores-de-gas\/","og_locale":"en_US","og_type":"article","og_title":"Venta, calibraci\u00f3n y reparaci\u00f3n de equipos medidores de gas - Marine Technical Solutions","og_description":"Venta, calibraci\u00f3n y reparaci\u00f3n de equipos medidores de gas - Marine Technical Solutions","og_url":"https:\/\/marinetechnicalsolutions.es\/en\/venta-calibracion-y-reparacion-de-equipos-medidores-de-gas\/","og_site_name":"Marine Technical Solutions","article_modified_time":"2021-05-10T18:33:29+00:00","og_image":[{"url":"https:\/\/marinetechnicalsolutions.es\/wp-content\/uploads\/2021\/03\/gas1.jpg","type":"","width":"","height":""}],"twitter_card":"summary_large_image","schema":{"@context":"https:\/\/schema.org","@graph":[{"@type":"WebPage","@id":"https:\/\/marinetechnicalsolutions.es\/en\/venta-calibracion-y-reparacion-de-equipos-medidores-de-gas\/","url":"https:\/\/marinetechnicalsolutions.es\/en\/venta-calibracion-y-reparacion-de-equipos-medidores-de-gas\/","name":"Venta, calibraci\u00f3n y reparaci\u00f3n de equipos medidores de gas - Marine Technical Solutions","isPartOf":{"@id":"https:\/\/marinetechnicalsolutions.es\/#website"},"primaryImageOfPage":{"@id":"https:\/\/marinetechnicalsolutions.es\/en\/venta-calibracion-y-reparacion-de-equipos-medidores-de-gas\/#primaryimage"},"image":{"@id":"https:\/\/marinetechnicalsolutions.es\/en\/venta-calibracion-y-reparacion-de-equipos-medidores-de-gas\/#primaryimage"},"thumbnailUrl":"https:\/\/marinetechnicalsolutions.es\/wp-content\/uploads\/2021\/03\/gas1.jpg","datePublished":"2021-03-31T12:22:57+00:00","dateModified":"2021-05-10T18:33:29+00:00","description":"Venta, calibraci\u00f3n y reparaci\u00f3n de equipos medidores de gas - Marine Technical Solutions","breadcrumb":{"@id":"https:\/\/marinetechnicalsolutions.es\/en\/venta-calibracion-y-reparacion-de-equipos-medidores-de-gas\/#breadcrumb"},"inLanguage":"en-US","potentialAction":[{"@type":"ReadAction","target":["https:\/\/marinetechnicalsolutions.es\/en\/venta-calibracion-y-reparacion-de-equipos-medidores-de-gas\/"]}]},{"@type":"ImageObject","inLanguage":"en-US","@id":"https:\/\/marinetechnicalsolutions.es\/en\/venta-calibracion-y-reparacion-de-equipos-medidores-de-gas\/#primaryimage","url":"https:\/\/marinetechnicalsolutions.es\/wp-content\/uploads\/2021\/03\/gas1.jpg","contentUrl":"https:\/\/marinetechnicalsolutions.es\/wp-content\/uploads\/2021\/03\/gas1.jpg"},{"@type":"BreadcrumbList","@id":"https:\/\/marinetechnicalsolutions.es\/en\/venta-calibracion-y-reparacion-de-equipos-medidores-de-gas\/#breadcrumb","itemListElement":[{"@type":"ListItem","position":1,"name":"Portada","item":"https:\/\/marinetechnicalsolutions.es\/"},{"@type":"ListItem","position":2,"name":"Venta, calibraci\u00f3n y reparaci\u00f3n de equipos medidores de gas"}]},{"@type":"WebSite","@id":"https:\/\/marinetechnicalsolutions.es\/#website","url":"https:\/\/marinetechnicalsolutions.es\/","name":"Marine Technical Solutions","description":"Empresa dedicada a inspecci\u00f3n en sector naval e industrial","publisher":{"@id":"https:\/\/marinetechnicalsolutions.es\/#organization"},"alternateName":"Marine Technical Solutions","potentialAction":[{"@type":"SearchAction","target":{"@type":"EntryPoint","urlTemplate":"https:\/\/marinetechnicalsolutions.es\/?s={search_term_string}"},"query-input":{"@type":"PropertyValueSpecification","valueRequired":true,"valueName":"search_term_string"}}],"inLanguage":"en-US"},{"@type":"Organization","@id":"https:\/\/marinetechnicalsolutions.es\/#organization","name":"Marine Technical Solutions","alternateName":"Marine Technical Solutions","url":"https:\/\/marinetechnicalsolutions.es\/","logo":{"@type":"ImageObject","inLanguage":"en-US","@id":"https:\/\/marinetechnicalsolutions.es\/#\/schema\/logo\/image\/","url":"https:\/\/marinetechnicalsolutions.es\/wp-content\/uploads\/2021\/03\/cropped-logo.png","contentUrl":"https:\/\/marinetechnicalsolutions.es\/wp-content\/uploads\/2021\/03\/cropped-logo.png","width":512,"height":512,"caption":"Marine Technical Solutions"},"image":{"@id":"https:\/\/marinetechnicalsolutions.es\/#\/schema\/logo\/image\/"}}]}},"_links":{"self":[{"href":"https:\/\/marinetechnicalsolutions.es\/en\/wp-json\/wp\/v2\/pages\/1963","targetHints":{"allow":["GET"]}}],"collection":[{"href":"https:\/\/marinetechnicalsolutions.es\/en\/wp-json\/wp\/v2\/pages"}],"about":[{"href":"https:\/\/marinetechnicalsolutions.es\/en\/wp-json\/wp\/v2\/types\/page"}],"author":[{"embeddable":true,"href":"https:\/\/marinetechnicalsolutions.es\/en\/wp-json\/wp\/v2\/users\/1"}],"replies":[{"embeddable":true,"href":"https:\/\/marinetechnicalsolutions.es\/en\/wp-json\/wp\/v2\/comments?post=1963"}],"version-history":[{"count":11,"href":"https:\/\/marinetechnicalsolutions.es\/en\/wp-json\/wp\/v2\/pages\/1963\/revisions"}],"predecessor-version":[{"id":2621,"href":"https:\/\/marinetechnicalsolutions.es\/en\/wp-json\/wp\/v2\/pages\/1963\/revisions\/2621"}],"wp:attachment":[{"href":"https:\/\/marinetechnicalsolutions.es\/en\/wp-json\/wp\/v2\/media?parent=1963"}],"curies":[{"name":"wp","href":"https:\/\/api.w.org\/{rel}","templated":true}]}}