{"id":10249,"date":"2023-03-31T10:14:35","date_gmt":"2023-03-31T10:14:35","guid":{"rendered":"https:\/\/marinetechnicalsolutions.es\/product\/toldo-inox-athens-azul-280x230x155\/"},"modified":"2023-03-31T10:14:52","modified_gmt":"2023-03-31T10:14:52","slug":"toldo-inox-athens-azul-280x230x155","status":"publish","type":"product","link":"https:\/\/marinetechnicalsolutions.es\/en\/product\/toldo-inox-athens-azul-280x230x155\/","title":{"rendered":"Toldo Inox Athens, azul, 280x230x155"},"content":{"rendered":"<p>La gama de Toldos \u201cAthens\u201d han sido dise\u00f1adoa para una maxima funcionalidad. La estructura es de acero Inoxidable para maxima duracion y una alta resistencia a \u00f1la corrosion. Disponibles en varios tama\u00f1os con anchos de 180 hasta 280cm y una altura ajustable con un maximo de 155cm. La lona es de PVC cubierto con nilon, resistente alos rayos UV y 100% impermeable. Disponible en color azul. Eliga su toldo siguiendo las instrucciones en la pagina 136 y relajese en la sombra.<\/p>","protected":false},"excerpt":{"rendered":"<p>La gama de Toldos \u201cAthens\u201d han sido dise\u00f1adoa para una maxima funcionalidad. La estructura es de acero Inoxidable para maxima duracion y una alta resistencia a \u00f1la corrosion. Disponibles en varios tama\u00f1os con anchos de 180 hasta 280cm y una altura ajustable con un maximo de 155cm. La lona es de PVC cubierto con nilon, resistente alos rayos UV y 100% impermeable. Disponible en color azul. Eliga su toldo siguiendo las instrucciones en la pagina 136 y relajese en la sombra.<\/p>","protected":false},"featured_media":10241,"comment_status":"closed","ping_status":"closed","template":"","meta":[],"product_brand":[],"product_cat":[49],"product_tag":[],"class_list":{"0":"post-10249","1":"product","2":"type-product","3":"status-publish","4":"has-post-thumbnail","6":"product_cat-producto","8":"first","9":"instock","10":"purchasable","11":"product-type-simple"},"yoast_head":"<!-- This site is optimized with the Yoast SEO plugin v26.2 - https:\/\/yoast.com\/wordpress\/plugins\/seo\/ -->\n<title>Toldo Inox Athens, azul, 280x230x155 - Marine Technical Solutions<\/title>\n<meta name=\"description\" content=\"Toldo Inox Athens, azul, 280x230x155 - Marine Technical Solutions\" \/>\n<meta name=\"robots\" content=\"index, follow, max-snippet:-1, max-image-preview:large, max-video-preview:-1\" \/>\n<link rel=\"canonical\" href=\"https:\/\/marinetechnicalsolutions.es\/en\/product\/toldo-inox-athens-azul-280x230x155\/\" \/>\n<meta property=\"og:locale\" content=\"en_US\" \/>\n<meta property=\"og:type\" content=\"article\" \/>\n<meta property=\"og:title\" content=\"Toldo Inox Athens, azul, 280x230x155 - Marine Technical Solutions\" \/>\n<meta property=\"og:description\" content=\"Toldo Inox Athens, azul, 280x230x155 - Marine Technical Solutions\" \/>\n<meta property=\"og:url\" content=\"https:\/\/marinetechnicalsolutions.es\/en\/product\/toldo-inox-athens-azul-280x230x155\/\" \/>\n<meta property=\"og:site_name\" content=\"Marine Technical Solutions\" \/>\n<meta property=\"article:modified_time\" content=\"2023-03-31T10:14:52+00:00\" \/>\n<meta property=\"og:image\" content=\"https:\/\/marinetechnicalsolutions.es\/wp-content\/uploads\/2023\/03\/3347.jpg\" \/>\n\t<meta property=\"og:image:width\" content=\"800\" \/>\n\t<meta property=\"og:image:height\" content=\"800\" \/>\n\t<meta property=\"og:image:type\" content=\"image\/jpeg\" \/>\n<meta name=\"twitter:card\" content=\"summary_large_image\" \/>\n<script type=\"application\/ld+json\" class=\"yoast-schema-graph\">{\"@context\":\"https:\/\/schema.org\",\"@graph\":[{\"@type\":\"WebPage\",\"@id\":\"https:\/\/marinetechnicalsolutions.es\/product\/toldo-inox-athens-azul-280x230x155\/\",\"url\":\"https:\/\/marinetechnicalsolutions.es\/product\/toldo-inox-athens-azul-280x230x155\/\",\"name\":\"Toldo Inox Athens, azul, 280x230x155 - Marine Technical Solutions\",\"isPartOf\":{\"@id\":\"https:\/\/marinetechnicalsolutions.es\/#website\"},\"primaryImageOfPage\":{\"@id\":\"https:\/\/marinetechnicalsolutions.es\/product\/toldo-inox-athens-azul-280x230x155\/#primaryimage\"},\"image\":{\"@id\":\"https:\/\/marinetechnicalsolutions.es\/product\/toldo-inox-athens-azul-280x230x155\/#primaryimage\"},\"thumbnailUrl\":\"https:\/\/marinetechnicalsolutions.es\/wp-content\/uploads\/2023\/03\/3347.jpg\",\"datePublished\":\"2023-03-31T10:14:35+00:00\",\"dateModified\":\"2023-03-31T10:14:52+00:00\",\"description\":\"Toldo Inox Athens, azul, 280x230x155 - Marine Technical Solutions\",\"breadcrumb\":{\"@id\":\"https:\/\/marinetechnicalsolutions.es\/product\/toldo-inox-athens-azul-280x230x155\/#breadcrumb\"},\"inLanguage\":\"en-US\",\"potentialAction\":[{\"@type\":\"ReadAction\",\"target\":[\"https:\/\/marinetechnicalsolutions.es\/product\/toldo-inox-athens-azul-280x230x155\/\"]}]},{\"@type\":\"ImageObject\",\"inLanguage\":\"en-US\",\"@id\":\"https:\/\/marinetechnicalsolutions.es\/product\/toldo-inox-athens-azul-280x230x155\/#primaryimage\",\"url\":\"https:\/\/marinetechnicalsolutions.es\/wp-content\/uploads\/2023\/03\/3347.jpg\",\"contentUrl\":\"https:\/\/marinetechnicalsolutions.es\/wp-content\/uploads\/2023\/03\/3347.jpg\",\"width\":800,\"height\":800},{\"@type\":\"BreadcrumbList\",\"@id\":\"https:\/\/marinetechnicalsolutions.es\/product\/toldo-inox-athens-azul-280x230x155\/#breadcrumb\",\"itemListElement\":[{\"@type\":\"ListItem\",\"position\":1,\"name\":\"Portada\",\"item\":\"https:\/\/marinetechnicalsolutions.es\/\"},{\"@type\":\"ListItem\",\"position\":2,\"name\":\"Tienda\",\"item\":\"https:\/\/marinetechnicalsolutions.es\/tienda\/\"},{\"@type\":\"ListItem\",\"position\":3,\"name\":\"Toldo Inox Athens, azul, 280x230x155\"}]},{\"@type\":\"WebSite\",\"@id\":\"https:\/\/marinetechnicalsolutions.es\/#website\",\"url\":\"https:\/\/marinetechnicalsolutions.es\/\",\"name\":\"Marine Technical Solutions\",\"description\":\"Empresa dedicada a inspecci\u00f3n en sector naval e industrial\",\"publisher\":{\"@id\":\"https:\/\/marinetechnicalsolutions.es\/#organization\"},\"alternateName\":\"Marine Technical Solutions\",\"potentialAction\":[{\"@type\":\"SearchAction\",\"target\":{\"@type\":\"EntryPoint\",\"urlTemplate\":\"https:\/\/marinetechnicalsolutions.es\/?s={search_term_string}\"},\"query-input\":{\"@type\":\"PropertyValueSpecification\",\"valueRequired\":true,\"valueName\":\"search_term_string\"}}],\"inLanguage\":\"en-US\"},{\"@type\":\"Organization\",\"@id\":\"https:\/\/marinetechnicalsolutions.es\/#organization\",\"name\":\"Marine Technical Solutions\",\"alternateName\":\"Marine Technical Solutions\",\"url\":\"https:\/\/marinetechnicalsolutions.es\/\",\"logo\":{\"@type\":\"ImageObject\",\"inLanguage\":\"en-US\",\"@id\":\"https:\/\/marinetechnicalsolutions.es\/#\/schema\/logo\/image\/\",\"url\":\"https:\/\/marinetechnicalsolutions.es\/wp-content\/uploads\/2021\/03\/cropped-logo.png\",\"contentUrl\":\"https:\/\/marinetechnicalsolutions.es\/wp-content\/uploads\/2021\/03\/cropped-logo.png\",\"width\":512,\"height\":512,\"caption\":\"Marine Technical Solutions\"},\"image\":{\"@id\":\"https:\/\/marinetechnicalsolutions.es\/#\/schema\/logo\/image\/\"}}]}<\/script>\n<!-- \/ Yoast SEO plugin. -->","yoast_head_json":{"title":"Toldo Inox Athens, azul, 280x230x155 - Marine Technical Solutions","description":"Toldo Inox Athens, azul, 280x230x155 - Marine Technical Solutions","robots":{"index":"index","follow":"follow","max-snippet":"max-snippet:-1","max-image-preview":"max-image-preview:large","max-video-preview":"max-video-preview:-1"},"canonical":"https:\/\/marinetechnicalsolutions.es\/en\/product\/toldo-inox-athens-azul-280x230x155\/","og_locale":"en_US","og_type":"article","og_title":"Toldo Inox Athens, azul, 280x230x155 - Marine Technical Solutions","og_description":"Toldo Inox Athens, azul, 280x230x155 - Marine Technical Solutions","og_url":"https:\/\/marinetechnicalsolutions.es\/en\/product\/toldo-inox-athens-azul-280x230x155\/","og_site_name":"Marine Technical Solutions","article_modified_time":"2023-03-31T10:14:52+00:00","og_image":[{"width":800,"height":800,"url":"https:\/\/marinetechnicalsolutions.es\/wp-content\/uploads\/2023\/03\/3347.jpg","type":"image\/jpeg"}],"twitter_card":"summary_large_image","schema":{"@context":"https:\/\/schema.org","@graph":[{"@type":"WebPage","@id":"https:\/\/marinetechnicalsolutions.es\/product\/toldo-inox-athens-azul-280x230x155\/","url":"https:\/\/marinetechnicalsolutions.es\/product\/toldo-inox-athens-azul-280x230x155\/","name":"Toldo Inox Athens, azul, 280x230x155 - Marine Technical Solutions","isPartOf":{"@id":"https:\/\/marinetechnicalsolutions.es\/#website"},"primaryImageOfPage":{"@id":"https:\/\/marinetechnicalsolutions.es\/product\/toldo-inox-athens-azul-280x230x155\/#primaryimage"},"image":{"@id":"https:\/\/marinetechnicalsolutions.es\/product\/toldo-inox-athens-azul-280x230x155\/#primaryimage"},"thumbnailUrl":"https:\/\/marinetechnicalsolutions.es\/wp-content\/uploads\/2023\/03\/3347.jpg","datePublished":"2023-03-31T10:14:35+00:00","dateModified":"2023-03-31T10:14:52+00:00","description":"Toldo Inox Athens, azul, 280x230x155 - Marine Technical Solutions","breadcrumb":{"@id":"https:\/\/marinetechnicalsolutions.es\/product\/toldo-inox-athens-azul-280x230x155\/#breadcrumb"},"inLanguage":"en-US","potentialAction":[{"@type":"ReadAction","target":["https:\/\/marinetechnicalsolutions.es\/product\/toldo-inox-athens-azul-280x230x155\/"]}]},{"@type":"ImageObject","inLanguage":"en-US","@id":"https:\/\/marinetechnicalsolutions.es\/product\/toldo-inox-athens-azul-280x230x155\/#primaryimage","url":"https:\/\/marinetechnicalsolutions.es\/wp-content\/uploads\/2023\/03\/3347.jpg","contentUrl":"https:\/\/marinetechnicalsolutions.es\/wp-content\/uploads\/2023\/03\/3347.jpg","width":800,"height":800},{"@type":"BreadcrumbList","@id":"https:\/\/marinetechnicalsolutions.es\/product\/toldo-inox-athens-azul-280x230x155\/#breadcrumb","itemListElement":[{"@type":"ListItem","position":1,"name":"Portada","item":"https:\/\/marinetechnicalsolutions.es\/"},{"@type":"ListItem","position":2,"name":"Tienda","item":"https:\/\/marinetechnicalsolutions.es\/tienda\/"},{"@type":"ListItem","position":3,"name":"Toldo Inox Athens, azul, 280x230x155"}]},{"@type":"WebSite","@id":"https:\/\/marinetechnicalsolutions.es\/#website","url":"https:\/\/marinetechnicalsolutions.es\/","name":"Marine Technical Solutions","description":"Empresa dedicada a inspecci\u00f3n en sector naval e industrial","publisher":{"@id":"https:\/\/marinetechnicalsolutions.es\/#organization"},"alternateName":"Marine Technical Solutions","potentialAction":[{"@type":"SearchAction","target":{"@type":"EntryPoint","urlTemplate":"https:\/\/marinetechnicalsolutions.es\/?s={search_term_string}"},"query-input":{"@type":"PropertyValueSpecification","valueRequired":true,"valueName":"search_term_string"}}],"inLanguage":"en-US"},{"@type":"Organization","@id":"https:\/\/marinetechnicalsolutions.es\/#organization","name":"Marine Technical Solutions","alternateName":"Marine Technical Solutions","url":"https:\/\/marinetechnicalsolutions.es\/","logo":{"@type":"ImageObject","inLanguage":"en-US","@id":"https:\/\/marinetechnicalsolutions.es\/#\/schema\/logo\/image\/","url":"https:\/\/marinetechnicalsolutions.es\/wp-content\/uploads\/2021\/03\/cropped-logo.png","contentUrl":"https:\/\/marinetechnicalsolutions.es\/wp-content\/uploads\/2021\/03\/cropped-logo.png","width":512,"height":512,"caption":"Marine Technical Solutions"},"image":{"@id":"https:\/\/marinetechnicalsolutions.es\/#\/schema\/logo\/image\/"}}]}},"_links":{"self":[{"href":"https:\/\/marinetechnicalsolutions.es\/en\/wp-json\/wp\/v2\/product\/10249","targetHints":{"allow":["GET"]}}],"collection":[{"href":"https:\/\/marinetechnicalsolutions.es\/en\/wp-json\/wp\/v2\/product"}],"about":[{"href":"https:\/\/marinetechnicalsolutions.es\/en\/wp-json\/wp\/v2\/types\/product"}],"replies":[{"embeddable":true,"href":"https:\/\/marinetechnicalsolutions.es\/en\/wp-json\/wp\/v2\/comments?post=10249"}],"version-history":[{"count":0,"href":"https:\/\/marinetechnicalsolutions.es\/en\/wp-json\/wp\/v2\/product\/10249\/revisions"}],"wp:featuredmedia":[{"embeddable":true,"href":"https:\/\/marinetechnicalsolutions.es\/en\/wp-json\/wp\/v2\/media\/10241"}],"wp:attachment":[{"href":"https:\/\/marinetechnicalsolutions.es\/en\/wp-json\/wp\/v2\/media?parent=10249"}],"wp:term":[{"taxonomy":"product_brand","embeddable":true,"href":"https:\/\/marinetechnicalsolutions.es\/en\/wp-json\/wp\/v2\/product_brand?post=10249"},{"taxonomy":"product_cat","embeddable":true,"href":"https:\/\/marinetechnicalsolutions.es\/en\/wp-json\/wp\/v2\/product_cat?post=10249"},{"taxonomy":"product_tag","embeddable":true,"href":"https:\/\/marinetechnicalsolutions.es\/en\/wp-json\/wp\/v2\/product_tag?post=10249"}],"curies":[{"name":"wp","href":"https:\/\/api.w.org\/{rel}","templated":true}]}}