{"id":11387,"date":"2023-03-31T10:19:31","date_gmt":"2023-03-31T10:19:31","guid":{"rendered":"https:\/\/marinetechnicalsolutions.es\/product\/lalizas-intern-balsa-salvavidas-iso-6-prs-bolsa\/"},"modified":"2023-03-31T10:19:34","modified_gmt":"2023-03-31T10:19:34","slug":"lalizas-intern-balsa-salvavidas-iso-6-prs-bolsa","status":"publish","type":"product","link":"https:\/\/marinetechnicalsolutions.es\/en\/product\/lalizas-intern-balsa-salvavidas-iso-6-prs-bolsa\/","title":{"rendered":"LALIZAS Intern. Balsa salvavidas  ISO  6 prs Bolsa"},"content":{"rendered":"<p>\u00abLas Balsas salvavidas Lalizas ISO estan disponibles en versiones de 4 a 12 plazas. Estan provistas de un suelo de capa unica y se dise\u00f1an con la seguridad en mente. Estas balsas ISO combinan tama\u00f1o compacto, integridad estructural con un dise\u00f1o ya probado. La balsa ISO LALIZAS se infla automaticamente al tirar de su cabo de 12m, su sistema de inflado tiene la potencia para inflar todas las camaras de la balsa. La estructura principat consta de dos camaras infladas por una valvula sin retorno.&#13;Una sola camara es suficiente para mantener a flote la balsa y su numero de ocupantes. Las Balsas ISO se fabrican y homologan conforme a  ISO 9650-1 &#038; ISO 9650-3 y sus ultima enmiendas para salvamento y ofrecen un resguardo estable, para sus ocupantes.&#13;Las versiones son de contenedor o bolsa y por numero de ocupantes. Homologado en primer lugar por Polish Register of Shipping-1463 y en cada Pais de venta segun requerimientos nacionales.&#13;&#13;&#13;GARANTIA 12 A\u00d1OS&#13;La balsas LALIZAS ISO tiene grantia de tejido y sellados para 12 a\u00f1os. Esto es su seguro de nuestra apuesta para calidad y satisfaccion del cliente. Esta garantia es aplicable a todas nuestras balsas ISO siempre que se revisen en una estacion de revison LALIZAS.&#13;Como fabricantes recomendamos revison a los dos a\u00f1os de puesta a abordo o dentro de 3 a\u00f1os de fabricacion. en Espa\u00f1a se requiere actualmente revison anual..\u00bb<\/p>","protected":false},"excerpt":{"rendered":"<p>\u00abLas Balsas salvavidas Lalizas ISO estan disponibles en versiones de 4 a 12 plazas. Estan provistas de un suelo de capa unica y se dise\u00f1an con la seguridad en mente. Estas balsas ISO combinan tama\u00f1o compacto, integridad estructural con un dise\u00f1o ya probado. La balsa ISO LALIZAS se infla automaticamente al tirar de su cabo de 12m, su sistema de inflado tiene la potencia para inflar todas las camaras de la balsa. La estructura principat consta de dos camaras infladas por una valvula sin retorno.&#13;Una sola camara es suficiente para mantener a flote la balsa y su numero de ocupantes. Las Balsas ISO se fabrican y homologan conforme a  ISO 9650-1 &#038; ISO 9650-3 y sus ultima enmiendas para salvamento y ofrecen un resguardo estable, para sus ocupantes.&#13;Las versiones son de contenedor o bolsa y por numero de ocupantes. Homologado en primer lugar por Polish Register of Shipping-1463 y en cada Pais de venta segun requerimientos nacionales.&#13;&#13;&#13;GARANTIA 12 A\u00d1OS&#13;La balsas LALIZAS ISO tiene grantia de tejido y sellados para 12 a\u00f1os. Esto es su seguro de nuestra apuesta para calidad y satisfaccion del cliente. Esta garantia es aplicable a todas nuestras balsas ISO siempre que se revisen en una estacion de revison LALIZAS.&#13;Como fabricantes recomendamos revison a los dos a\u00f1os de puesta a abordo o dentro de 3 a\u00f1os de fabricacion. en Espa\u00f1a se requiere actualmente revison anual..\u00bb<\/p>","protected":false},"featured_media":11381,"comment_status":"closed","ping_status":"closed","template":"","meta":[],"product_brand":[],"product_cat":[49],"product_tag":[],"class_list":{"0":"post-11387","1":"product","2":"type-product","3":"status-publish","4":"has-post-thumbnail","6":"product_cat-producto","8":"first","9":"instock","10":"purchasable","11":"product-type-simple"},"yoast_head":"<!-- This site is optimized with the Yoast SEO plugin v26.2 - https:\/\/yoast.com\/wordpress\/plugins\/seo\/ -->\n<title>LALIZAS Intern. Balsa salvavidas ISO 6 prs Bolsa - Marine Technical Solutions<\/title>\n<meta name=\"description\" content=\"LALIZAS Intern. Balsa salvavidas ISO 6 prs Bolsa - Marine Technical Solutions\" \/>\n<meta name=\"robots\" content=\"index, follow, max-snippet:-1, max-image-preview:large, max-video-preview:-1\" \/>\n<link rel=\"canonical\" href=\"https:\/\/marinetechnicalsolutions.es\/en\/product\/lalizas-intern-balsa-salvavidas-iso-6-prs-bolsa\/\" \/>\n<meta property=\"og:locale\" content=\"en_US\" \/>\n<meta property=\"og:type\" content=\"article\" \/>\n<meta property=\"og:title\" content=\"LALIZAS Intern. Balsa salvavidas ISO 6 prs Bolsa - Marine Technical Solutions\" \/>\n<meta property=\"og:description\" content=\"LALIZAS Intern. Balsa salvavidas ISO 6 prs Bolsa - Marine Technical Solutions\" \/>\n<meta property=\"og:url\" content=\"https:\/\/marinetechnicalsolutions.es\/en\/product\/lalizas-intern-balsa-salvavidas-iso-6-prs-bolsa\/\" \/>\n<meta property=\"og:site_name\" content=\"Marine Technical Solutions\" \/>\n<meta property=\"article:modified_time\" content=\"2023-03-31T10:19:34+00:00\" \/>\n<meta property=\"og:image\" content=\"https:\/\/marinetechnicalsolutions.es\/wp-content\/uploads\/2023\/03\/4612.jpg\" \/>\n\t<meta property=\"og:image:width\" content=\"800\" \/>\n\t<meta property=\"og:image:height\" content=\"800\" \/>\n\t<meta property=\"og:image:type\" content=\"image\/jpeg\" \/>\n<meta name=\"twitter:card\" content=\"summary_large_image\" \/>\n<meta name=\"twitter:label1\" content=\"Est. reading time\" \/>\n\t<meta name=\"twitter:data1\" content=\"1 minute\" \/>\n<script type=\"application\/ld+json\" class=\"yoast-schema-graph\">{\"@context\":\"https:\/\/schema.org\",\"@graph\":[{\"@type\":\"WebPage\",\"@id\":\"https:\/\/marinetechnicalsolutions.es\/product\/lalizas-intern-balsa-salvavidas-iso-6-prs-bolsa\/\",\"url\":\"https:\/\/marinetechnicalsolutions.es\/product\/lalizas-intern-balsa-salvavidas-iso-6-prs-bolsa\/\",\"name\":\"LALIZAS Intern. Balsa salvavidas ISO 6 prs Bolsa - Marine Technical Solutions\",\"isPartOf\":{\"@id\":\"https:\/\/marinetechnicalsolutions.es\/#website\"},\"primaryImageOfPage\":{\"@id\":\"https:\/\/marinetechnicalsolutions.es\/product\/lalizas-intern-balsa-salvavidas-iso-6-prs-bolsa\/#primaryimage\"},\"image\":{\"@id\":\"https:\/\/marinetechnicalsolutions.es\/product\/lalizas-intern-balsa-salvavidas-iso-6-prs-bolsa\/#primaryimage\"},\"thumbnailUrl\":\"https:\/\/marinetechnicalsolutions.es\/wp-content\/uploads\/2023\/03\/4612.jpg\",\"datePublished\":\"2023-03-31T10:19:31+00:00\",\"dateModified\":\"2023-03-31T10:19:34+00:00\",\"description\":\"LALIZAS Intern. Balsa salvavidas ISO 6 prs Bolsa - Marine Technical Solutions\",\"breadcrumb\":{\"@id\":\"https:\/\/marinetechnicalsolutions.es\/product\/lalizas-intern-balsa-salvavidas-iso-6-prs-bolsa\/#breadcrumb\"},\"inLanguage\":\"en-US\",\"potentialAction\":[{\"@type\":\"ReadAction\",\"target\":[\"https:\/\/marinetechnicalsolutions.es\/product\/lalizas-intern-balsa-salvavidas-iso-6-prs-bolsa\/\"]}]},{\"@type\":\"ImageObject\",\"inLanguage\":\"en-US\",\"@id\":\"https:\/\/marinetechnicalsolutions.es\/product\/lalizas-intern-balsa-salvavidas-iso-6-prs-bolsa\/#primaryimage\",\"url\":\"https:\/\/marinetechnicalsolutions.es\/wp-content\/uploads\/2023\/03\/4612.jpg\",\"contentUrl\":\"https:\/\/marinetechnicalsolutions.es\/wp-content\/uploads\/2023\/03\/4612.jpg\",\"width\":800,\"height\":800},{\"@type\":\"BreadcrumbList\",\"@id\":\"https:\/\/marinetechnicalsolutions.es\/product\/lalizas-intern-balsa-salvavidas-iso-6-prs-bolsa\/#breadcrumb\",\"itemListElement\":[{\"@type\":\"ListItem\",\"position\":1,\"name\":\"Portada\",\"item\":\"https:\/\/marinetechnicalsolutions.es\/\"},{\"@type\":\"ListItem\",\"position\":2,\"name\":\"Tienda\",\"item\":\"https:\/\/marinetechnicalsolutions.es\/tienda\/\"},{\"@type\":\"ListItem\",\"position\":3,\"name\":\"LALIZAS Intern. Balsa salvavidas ISO 6 prs Bolsa\"}]},{\"@type\":\"WebSite\",\"@id\":\"https:\/\/marinetechnicalsolutions.es\/#website\",\"url\":\"https:\/\/marinetechnicalsolutions.es\/\",\"name\":\"Marine Technical Solutions\",\"description\":\"Empresa dedicada a inspecci\u00f3n en sector naval e industrial\",\"publisher\":{\"@id\":\"https:\/\/marinetechnicalsolutions.es\/#organization\"},\"alternateName\":\"Marine Technical Solutions\",\"potentialAction\":[{\"@type\":\"SearchAction\",\"target\":{\"@type\":\"EntryPoint\",\"urlTemplate\":\"https:\/\/marinetechnicalsolutions.es\/?s={search_term_string}\"},\"query-input\":{\"@type\":\"PropertyValueSpecification\",\"valueRequired\":true,\"valueName\":\"search_term_string\"}}],\"inLanguage\":\"en-US\"},{\"@type\":\"Organization\",\"@id\":\"https:\/\/marinetechnicalsolutions.es\/#organization\",\"name\":\"Marine Technical Solutions\",\"alternateName\":\"Marine Technical Solutions\",\"url\":\"https:\/\/marinetechnicalsolutions.es\/\",\"logo\":{\"@type\":\"ImageObject\",\"inLanguage\":\"en-US\",\"@id\":\"https:\/\/marinetechnicalsolutions.es\/#\/schema\/logo\/image\/\",\"url\":\"https:\/\/marinetechnicalsolutions.es\/wp-content\/uploads\/2021\/03\/cropped-logo.png\",\"contentUrl\":\"https:\/\/marinetechnicalsolutions.es\/wp-content\/uploads\/2021\/03\/cropped-logo.png\",\"width\":512,\"height\":512,\"caption\":\"Marine Technical Solutions\"},\"image\":{\"@id\":\"https:\/\/marinetechnicalsolutions.es\/#\/schema\/logo\/image\/\"}}]}<\/script>\n<!-- \/ Yoast SEO plugin. -->","yoast_head_json":{"title":"LALIZAS Intern. Balsa salvavidas ISO 6 prs Bolsa - Marine Technical Solutions","description":"LALIZAS Intern. Balsa salvavidas ISO 6 prs Bolsa - Marine Technical Solutions","robots":{"index":"index","follow":"follow","max-snippet":"max-snippet:-1","max-image-preview":"max-image-preview:large","max-video-preview":"max-video-preview:-1"},"canonical":"https:\/\/marinetechnicalsolutions.es\/en\/product\/lalizas-intern-balsa-salvavidas-iso-6-prs-bolsa\/","og_locale":"en_US","og_type":"article","og_title":"LALIZAS Intern. Balsa salvavidas ISO 6 prs Bolsa - Marine Technical Solutions","og_description":"LALIZAS Intern. Balsa salvavidas ISO 6 prs Bolsa - Marine Technical Solutions","og_url":"https:\/\/marinetechnicalsolutions.es\/en\/product\/lalizas-intern-balsa-salvavidas-iso-6-prs-bolsa\/","og_site_name":"Marine Technical Solutions","article_modified_time":"2023-03-31T10:19:34+00:00","og_image":[{"width":800,"height":800,"url":"https:\/\/marinetechnicalsolutions.es\/wp-content\/uploads\/2023\/03\/4612.jpg","type":"image\/jpeg"}],"twitter_card":"summary_large_image","twitter_misc":{"Est. reading time":"1 minute"},"schema":{"@context":"https:\/\/schema.org","@graph":[{"@type":"WebPage","@id":"https:\/\/marinetechnicalsolutions.es\/product\/lalizas-intern-balsa-salvavidas-iso-6-prs-bolsa\/","url":"https:\/\/marinetechnicalsolutions.es\/product\/lalizas-intern-balsa-salvavidas-iso-6-prs-bolsa\/","name":"LALIZAS Intern. Balsa salvavidas ISO 6 prs Bolsa - Marine Technical Solutions","isPartOf":{"@id":"https:\/\/marinetechnicalsolutions.es\/#website"},"primaryImageOfPage":{"@id":"https:\/\/marinetechnicalsolutions.es\/product\/lalizas-intern-balsa-salvavidas-iso-6-prs-bolsa\/#primaryimage"},"image":{"@id":"https:\/\/marinetechnicalsolutions.es\/product\/lalizas-intern-balsa-salvavidas-iso-6-prs-bolsa\/#primaryimage"},"thumbnailUrl":"https:\/\/marinetechnicalsolutions.es\/wp-content\/uploads\/2023\/03\/4612.jpg","datePublished":"2023-03-31T10:19:31+00:00","dateModified":"2023-03-31T10:19:34+00:00","description":"LALIZAS Intern. Balsa salvavidas ISO 6 prs Bolsa - Marine Technical Solutions","breadcrumb":{"@id":"https:\/\/marinetechnicalsolutions.es\/product\/lalizas-intern-balsa-salvavidas-iso-6-prs-bolsa\/#breadcrumb"},"inLanguage":"en-US","potentialAction":[{"@type":"ReadAction","target":["https:\/\/marinetechnicalsolutions.es\/product\/lalizas-intern-balsa-salvavidas-iso-6-prs-bolsa\/"]}]},{"@type":"ImageObject","inLanguage":"en-US","@id":"https:\/\/marinetechnicalsolutions.es\/product\/lalizas-intern-balsa-salvavidas-iso-6-prs-bolsa\/#primaryimage","url":"https:\/\/marinetechnicalsolutions.es\/wp-content\/uploads\/2023\/03\/4612.jpg","contentUrl":"https:\/\/marinetechnicalsolutions.es\/wp-content\/uploads\/2023\/03\/4612.jpg","width":800,"height":800},{"@type":"BreadcrumbList","@id":"https:\/\/marinetechnicalsolutions.es\/product\/lalizas-intern-balsa-salvavidas-iso-6-prs-bolsa\/#breadcrumb","itemListElement":[{"@type":"ListItem","position":1,"name":"Portada","item":"https:\/\/marinetechnicalsolutions.es\/"},{"@type":"ListItem","position":2,"name":"Tienda","item":"https:\/\/marinetechnicalsolutions.es\/tienda\/"},{"@type":"ListItem","position":3,"name":"LALIZAS Intern. Balsa salvavidas ISO 6 prs Bolsa"}]},{"@type":"WebSite","@id":"https:\/\/marinetechnicalsolutions.es\/#website","url":"https:\/\/marinetechnicalsolutions.es\/","name":"Marine Technical Solutions","description":"Empresa dedicada a inspecci\u00f3n en sector naval e industrial","publisher":{"@id":"https:\/\/marinetechnicalsolutions.es\/#organization"},"alternateName":"Marine Technical Solutions","potentialAction":[{"@type":"SearchAction","target":{"@type":"EntryPoint","urlTemplate":"https:\/\/marinetechnicalsolutions.es\/?s={search_term_string}"},"query-input":{"@type":"PropertyValueSpecification","valueRequired":true,"valueName":"search_term_string"}}],"inLanguage":"en-US"},{"@type":"Organization","@id":"https:\/\/marinetechnicalsolutions.es\/#organization","name":"Marine Technical Solutions","alternateName":"Marine Technical Solutions","url":"https:\/\/marinetechnicalsolutions.es\/","logo":{"@type":"ImageObject","inLanguage":"en-US","@id":"https:\/\/marinetechnicalsolutions.es\/#\/schema\/logo\/image\/","url":"https:\/\/marinetechnicalsolutions.es\/wp-content\/uploads\/2021\/03\/cropped-logo.png","contentUrl":"https:\/\/marinetechnicalsolutions.es\/wp-content\/uploads\/2021\/03\/cropped-logo.png","width":512,"height":512,"caption":"Marine Technical Solutions"},"image":{"@id":"https:\/\/marinetechnicalsolutions.es\/#\/schema\/logo\/image\/"}}]}},"_links":{"self":[{"href":"https:\/\/marinetechnicalsolutions.es\/en\/wp-json\/wp\/v2\/product\/11387","targetHints":{"allow":["GET"]}}],"collection":[{"href":"https:\/\/marinetechnicalsolutions.es\/en\/wp-json\/wp\/v2\/product"}],"about":[{"href":"https:\/\/marinetechnicalsolutions.es\/en\/wp-json\/wp\/v2\/types\/product"}],"replies":[{"embeddable":true,"href":"https:\/\/marinetechnicalsolutions.es\/en\/wp-json\/wp\/v2\/comments?post=11387"}],"version-history":[{"count":0,"href":"https:\/\/marinetechnicalsolutions.es\/en\/wp-json\/wp\/v2\/product\/11387\/revisions"}],"wp:featuredmedia":[{"embeddable":true,"href":"https:\/\/marinetechnicalsolutions.es\/en\/wp-json\/wp\/v2\/media\/11381"}],"wp:attachment":[{"href":"https:\/\/marinetechnicalsolutions.es\/en\/wp-json\/wp\/v2\/media?parent=11387"}],"wp:term":[{"taxonomy":"product_brand","embeddable":true,"href":"https:\/\/marinetechnicalsolutions.es\/en\/wp-json\/wp\/v2\/product_brand?post=11387"},{"taxonomy":"product_cat","embeddable":true,"href":"https:\/\/marinetechnicalsolutions.es\/en\/wp-json\/wp\/v2\/product_cat?post=11387"},{"taxonomy":"product_tag","embeddable":true,"href":"https:\/\/marinetechnicalsolutions.es\/en\/wp-json\/wp\/v2\/product_tag?post=11387"}],"curies":[{"name":"wp","href":"https:\/\/api.w.org\/{rel}","templated":true}]}}