{"id":6705,"date":"2023-03-31T09:59:53","date_gmt":"2023-03-31T09:59:53","guid":{"rendered":"https:\/\/marinetechnicalsolutions.es\/product\/bomba-inflado-doble-accion\/"},"modified":"2023-03-31T10:00:02","modified_gmt":"2023-03-31T10:00:02","slug":"bomba-inflado-doble-accion","status":"publish","type":"product","link":"https:\/\/marinetechnicalsolutions.es\/en\/product\/bomba-inflado-doble-accion\/","title":{"rendered":"Bomba Inflado Doble Accion"},"content":{"rendered":"<p>\u00abUna bomba de doble acci\u00f3n para inflar o desinflar su neum\u00e1tica o cualquier otro artilugio hinchable. Con conectar elegir el modo (inflar o desinflar) esta operando. Adem\u00e1s una v\u00e1lvula permite a la bomba ser de doble (4l) o \u00fanica acci\u00f3n (2l).&#13;Provisto de un largo tubo de inflado y un mango ergon\u00f3mico. La bomba LALIZAS de doble acci\u00f3n se suministra completo con 5 conectores que aseguran conexi\u00f3n con la mayor\u00eda de las v\u00e1lvulas de inflado (tambi\u00e9n disponibles por separado) . Construido en materiales ligeros pero fuertes y no corrosivos es muy f\u00e1cil de mantener. Color gris.- Iideal para neumaticas grandes.&#13;- Emision de aire continuo, en &#13;la bajada y la subida facil conexion&#13;- Infla o Desinfla&#13;- Desmontaje simple para inspeccion &#13;y mantenimiento\u00bb<\/p>","protected":false},"excerpt":{"rendered":"<p>\u00abUna bomba de doble acci\u00f3n para inflar o desinflar su neum\u00e1tica o cualquier otro artilugio hinchable. Con conectar elegir el modo (inflar o desinflar) esta operando. Adem\u00e1s una v\u00e1lvula permite a la bomba ser de doble (4l) o \u00fanica acci\u00f3n (2l).&#13;Provisto de un largo tubo de inflado y un mango ergon\u00f3mico. La bomba LALIZAS de doble acci\u00f3n se suministra completo con 5 conectores que aseguran conexi\u00f3n con la mayor\u00eda de las v\u00e1lvulas de inflado (tambi\u00e9n disponibles por separado) . Construido en materiales ligeros pero fuertes y no corrosivos es muy f\u00e1cil de mantener. Color gris.- Iideal para neumaticas grandes.&#13;- Emision de aire continuo, en &#13;la bajada y la subida facil conexion&#13;- Infla o Desinfla&#13;- Desmontaje simple para inspeccion &#13;y mantenimiento\u00bb<\/p>","protected":false},"featured_media":6706,"comment_status":"closed","ping_status":"closed","template":"","meta":[],"product_brand":[],"product_cat":[49],"product_tag":[],"class_list":{"0":"post-6705","1":"product","2":"type-product","3":"status-publish","4":"has-post-thumbnail","6":"product_cat-producto","8":"first","9":"instock","10":"purchasable","11":"product-type-simple"},"yoast_head":"<!-- This site is optimized with the Yoast SEO plugin v26.2 - https:\/\/yoast.com\/wordpress\/plugins\/seo\/ -->\n<title>Bomba Inflado Doble Accion - Marine Technical Solutions<\/title>\n<meta name=\"description\" content=\"Bomba Inflado Doble Accion - Marine Technical Solutions\" \/>\n<meta name=\"robots\" content=\"index, follow, max-snippet:-1, max-image-preview:large, max-video-preview:-1\" \/>\n<link rel=\"canonical\" href=\"https:\/\/marinetechnicalsolutions.es\/en\/product\/bomba-inflado-doble-accion\/\" \/>\n<meta property=\"og:locale\" content=\"en_US\" \/>\n<meta property=\"og:type\" content=\"article\" \/>\n<meta property=\"og:title\" content=\"Bomba Inflado Doble Accion - Marine Technical Solutions\" \/>\n<meta property=\"og:description\" content=\"Bomba Inflado Doble Accion - Marine Technical Solutions\" \/>\n<meta property=\"og:url\" content=\"https:\/\/marinetechnicalsolutions.es\/en\/product\/bomba-inflado-doble-accion\/\" \/>\n<meta property=\"og:site_name\" content=\"Marine Technical Solutions\" \/>\n<meta property=\"article:modified_time\" content=\"2023-03-31T10:00:02+00:00\" \/>\n<meta property=\"og:image\" content=\"https:\/\/marinetechnicalsolutions.es\/wp-content\/uploads\/2023\/03\/1259.jpg\" \/>\n\t<meta property=\"og:image:width\" content=\"800\" \/>\n\t<meta property=\"og:image:height\" content=\"800\" \/>\n\t<meta property=\"og:image:type\" content=\"image\/jpeg\" \/>\n<meta name=\"twitter:card\" content=\"summary_large_image\" \/>\n<meta name=\"twitter:label1\" content=\"Est. reading time\" \/>\n\t<meta name=\"twitter:data1\" content=\"1 minute\" \/>\n<script type=\"application\/ld+json\" class=\"yoast-schema-graph\">{\"@context\":\"https:\/\/schema.org\",\"@graph\":[{\"@type\":\"WebPage\",\"@id\":\"https:\/\/marinetechnicalsolutions.es\/product\/bomba-inflado-doble-accion\/\",\"url\":\"https:\/\/marinetechnicalsolutions.es\/product\/bomba-inflado-doble-accion\/\",\"name\":\"Bomba Inflado Doble Accion - Marine Technical Solutions\",\"isPartOf\":{\"@id\":\"https:\/\/marinetechnicalsolutions.es\/#website\"},\"primaryImageOfPage\":{\"@id\":\"https:\/\/marinetechnicalsolutions.es\/product\/bomba-inflado-doble-accion\/#primaryimage\"},\"image\":{\"@id\":\"https:\/\/marinetechnicalsolutions.es\/product\/bomba-inflado-doble-accion\/#primaryimage\"},\"thumbnailUrl\":\"https:\/\/marinetechnicalsolutions.es\/wp-content\/uploads\/2023\/03\/1259.jpg\",\"datePublished\":\"2023-03-31T09:59:53+00:00\",\"dateModified\":\"2023-03-31T10:00:02+00:00\",\"description\":\"Bomba Inflado Doble Accion - Marine Technical Solutions\",\"breadcrumb\":{\"@id\":\"https:\/\/marinetechnicalsolutions.es\/product\/bomba-inflado-doble-accion\/#breadcrumb\"},\"inLanguage\":\"en-US\",\"potentialAction\":[{\"@type\":\"ReadAction\",\"target\":[\"https:\/\/marinetechnicalsolutions.es\/product\/bomba-inflado-doble-accion\/\"]}]},{\"@type\":\"ImageObject\",\"inLanguage\":\"en-US\",\"@id\":\"https:\/\/marinetechnicalsolutions.es\/product\/bomba-inflado-doble-accion\/#primaryimage\",\"url\":\"https:\/\/marinetechnicalsolutions.es\/wp-content\/uploads\/2023\/03\/1259.jpg\",\"contentUrl\":\"https:\/\/marinetechnicalsolutions.es\/wp-content\/uploads\/2023\/03\/1259.jpg\",\"width\":800,\"height\":800},{\"@type\":\"BreadcrumbList\",\"@id\":\"https:\/\/marinetechnicalsolutions.es\/product\/bomba-inflado-doble-accion\/#breadcrumb\",\"itemListElement\":[{\"@type\":\"ListItem\",\"position\":1,\"name\":\"Portada\",\"item\":\"https:\/\/marinetechnicalsolutions.es\/\"},{\"@type\":\"ListItem\",\"position\":2,\"name\":\"Tienda\",\"item\":\"https:\/\/marinetechnicalsolutions.es\/tienda\/\"},{\"@type\":\"ListItem\",\"position\":3,\"name\":\"Bomba Inflado Doble Accion\"}]},{\"@type\":\"WebSite\",\"@id\":\"https:\/\/marinetechnicalsolutions.es\/#website\",\"url\":\"https:\/\/marinetechnicalsolutions.es\/\",\"name\":\"Marine Technical Solutions\",\"description\":\"Empresa dedicada a inspecci\u00f3n en sector naval e industrial\",\"publisher\":{\"@id\":\"https:\/\/marinetechnicalsolutions.es\/#organization\"},\"alternateName\":\"Marine Technical Solutions\",\"potentialAction\":[{\"@type\":\"SearchAction\",\"target\":{\"@type\":\"EntryPoint\",\"urlTemplate\":\"https:\/\/marinetechnicalsolutions.es\/?s={search_term_string}\"},\"query-input\":{\"@type\":\"PropertyValueSpecification\",\"valueRequired\":true,\"valueName\":\"search_term_string\"}}],\"inLanguage\":\"en-US\"},{\"@type\":\"Organization\",\"@id\":\"https:\/\/marinetechnicalsolutions.es\/#organization\",\"name\":\"Marine Technical Solutions\",\"alternateName\":\"Marine Technical Solutions\",\"url\":\"https:\/\/marinetechnicalsolutions.es\/\",\"logo\":{\"@type\":\"ImageObject\",\"inLanguage\":\"en-US\",\"@id\":\"https:\/\/marinetechnicalsolutions.es\/#\/schema\/logo\/image\/\",\"url\":\"https:\/\/marinetechnicalsolutions.es\/wp-content\/uploads\/2021\/03\/cropped-logo.png\",\"contentUrl\":\"https:\/\/marinetechnicalsolutions.es\/wp-content\/uploads\/2021\/03\/cropped-logo.png\",\"width\":512,\"height\":512,\"caption\":\"Marine Technical Solutions\"},\"image\":{\"@id\":\"https:\/\/marinetechnicalsolutions.es\/#\/schema\/logo\/image\/\"}}]}<\/script>\n<!-- \/ Yoast SEO plugin. -->","yoast_head_json":{"title":"Bomba Inflado Doble Accion - Marine Technical Solutions","description":"Bomba Inflado Doble Accion - Marine Technical Solutions","robots":{"index":"index","follow":"follow","max-snippet":"max-snippet:-1","max-image-preview":"max-image-preview:large","max-video-preview":"max-video-preview:-1"},"canonical":"https:\/\/marinetechnicalsolutions.es\/en\/product\/bomba-inflado-doble-accion\/","og_locale":"en_US","og_type":"article","og_title":"Bomba Inflado Doble Accion - Marine Technical Solutions","og_description":"Bomba Inflado Doble Accion - Marine Technical Solutions","og_url":"https:\/\/marinetechnicalsolutions.es\/en\/product\/bomba-inflado-doble-accion\/","og_site_name":"Marine Technical Solutions","article_modified_time":"2023-03-31T10:00:02+00:00","og_image":[{"width":800,"height":800,"url":"https:\/\/marinetechnicalsolutions.es\/wp-content\/uploads\/2023\/03\/1259.jpg","type":"image\/jpeg"}],"twitter_card":"summary_large_image","twitter_misc":{"Est. reading time":"1 minute"},"schema":{"@context":"https:\/\/schema.org","@graph":[{"@type":"WebPage","@id":"https:\/\/marinetechnicalsolutions.es\/product\/bomba-inflado-doble-accion\/","url":"https:\/\/marinetechnicalsolutions.es\/product\/bomba-inflado-doble-accion\/","name":"Bomba Inflado Doble Accion - Marine Technical Solutions","isPartOf":{"@id":"https:\/\/marinetechnicalsolutions.es\/#website"},"primaryImageOfPage":{"@id":"https:\/\/marinetechnicalsolutions.es\/product\/bomba-inflado-doble-accion\/#primaryimage"},"image":{"@id":"https:\/\/marinetechnicalsolutions.es\/product\/bomba-inflado-doble-accion\/#primaryimage"},"thumbnailUrl":"https:\/\/marinetechnicalsolutions.es\/wp-content\/uploads\/2023\/03\/1259.jpg","datePublished":"2023-03-31T09:59:53+00:00","dateModified":"2023-03-31T10:00:02+00:00","description":"Bomba Inflado Doble Accion - Marine Technical Solutions","breadcrumb":{"@id":"https:\/\/marinetechnicalsolutions.es\/product\/bomba-inflado-doble-accion\/#breadcrumb"},"inLanguage":"en-US","potentialAction":[{"@type":"ReadAction","target":["https:\/\/marinetechnicalsolutions.es\/product\/bomba-inflado-doble-accion\/"]}]},{"@type":"ImageObject","inLanguage":"en-US","@id":"https:\/\/marinetechnicalsolutions.es\/product\/bomba-inflado-doble-accion\/#primaryimage","url":"https:\/\/marinetechnicalsolutions.es\/wp-content\/uploads\/2023\/03\/1259.jpg","contentUrl":"https:\/\/marinetechnicalsolutions.es\/wp-content\/uploads\/2023\/03\/1259.jpg","width":800,"height":800},{"@type":"BreadcrumbList","@id":"https:\/\/marinetechnicalsolutions.es\/product\/bomba-inflado-doble-accion\/#breadcrumb","itemListElement":[{"@type":"ListItem","position":1,"name":"Portada","item":"https:\/\/marinetechnicalsolutions.es\/"},{"@type":"ListItem","position":2,"name":"Tienda","item":"https:\/\/marinetechnicalsolutions.es\/tienda\/"},{"@type":"ListItem","position":3,"name":"Bomba Inflado Doble Accion"}]},{"@type":"WebSite","@id":"https:\/\/marinetechnicalsolutions.es\/#website","url":"https:\/\/marinetechnicalsolutions.es\/","name":"Marine Technical Solutions","description":"Empresa dedicada a inspecci\u00f3n en sector naval e industrial","publisher":{"@id":"https:\/\/marinetechnicalsolutions.es\/#organization"},"alternateName":"Marine Technical Solutions","potentialAction":[{"@type":"SearchAction","target":{"@type":"EntryPoint","urlTemplate":"https:\/\/marinetechnicalsolutions.es\/?s={search_term_string}"},"query-input":{"@type":"PropertyValueSpecification","valueRequired":true,"valueName":"search_term_string"}}],"inLanguage":"en-US"},{"@type":"Organization","@id":"https:\/\/marinetechnicalsolutions.es\/#organization","name":"Marine Technical Solutions","alternateName":"Marine Technical Solutions","url":"https:\/\/marinetechnicalsolutions.es\/","logo":{"@type":"ImageObject","inLanguage":"en-US","@id":"https:\/\/marinetechnicalsolutions.es\/#\/schema\/logo\/image\/","url":"https:\/\/marinetechnicalsolutions.es\/wp-content\/uploads\/2021\/03\/cropped-logo.png","contentUrl":"https:\/\/marinetechnicalsolutions.es\/wp-content\/uploads\/2021\/03\/cropped-logo.png","width":512,"height":512,"caption":"Marine Technical Solutions"},"image":{"@id":"https:\/\/marinetechnicalsolutions.es\/#\/schema\/logo\/image\/"}}]}},"_links":{"self":[{"href":"https:\/\/marinetechnicalsolutions.es\/en\/wp-json\/wp\/v2\/product\/6705","targetHints":{"allow":["GET"]}}],"collection":[{"href":"https:\/\/marinetechnicalsolutions.es\/en\/wp-json\/wp\/v2\/product"}],"about":[{"href":"https:\/\/marinetechnicalsolutions.es\/en\/wp-json\/wp\/v2\/types\/product"}],"replies":[{"embeddable":true,"href":"https:\/\/marinetechnicalsolutions.es\/en\/wp-json\/wp\/v2\/comments?post=6705"}],"version-history":[{"count":0,"href":"https:\/\/marinetechnicalsolutions.es\/en\/wp-json\/wp\/v2\/product\/6705\/revisions"}],"wp:featuredmedia":[{"embeddable":true,"href":"https:\/\/marinetechnicalsolutions.es\/en\/wp-json\/wp\/v2\/media\/6706"}],"wp:attachment":[{"href":"https:\/\/marinetechnicalsolutions.es\/en\/wp-json\/wp\/v2\/media?parent=6705"}],"wp:term":[{"taxonomy":"product_brand","embeddable":true,"href":"https:\/\/marinetechnicalsolutions.es\/en\/wp-json\/wp\/v2\/product_brand?post=6705"},{"taxonomy":"product_cat","embeddable":true,"href":"https:\/\/marinetechnicalsolutions.es\/en\/wp-json\/wp\/v2\/product_cat?post=6705"},{"taxonomy":"product_tag","embeddable":true,"href":"https:\/\/marinetechnicalsolutions.es\/en\/wp-json\/wp\/v2\/product_tag?post=6705"}],"curies":[{"name":"wp","href":"https:\/\/api.w.org\/{rel}","templated":true}]}}