{"id":7825,"date":"2023-03-31T10:04:22","date_gmt":"2023-03-31T10:04:22","guid":{"rendered":"https:\/\/marinetechnicalsolutions.es\/product\/sistema-de-rescate-lifelink\/"},"modified":"2023-03-31T10:04:23","modified_gmt":"2023-03-31T10:04:23","slug":"sistema-de-rescate-lifelink","status":"publish","type":"product","link":"https:\/\/marinetechnicalsolutions.es\/en\/product\/sistema-de-rescate-lifelink\/","title":{"rendered":"Sistema de Rescate LifeLink"},"content":{"rendered":"<p>\u00abEl sistema de rescate LIFE-LINK de LALIZAS se ha dise\u00f1ado para estar montado permanente sobre el balc\u00f3n de popa.  Est\u00e1 contenido en una bolsa especial de PVC f\u00e1cil de limpiar.  La bolsa contiene 50m de cabo flotante, un cintur\u00f3n \u201cLife-Link\u201d flotante y robusto, mas un clip de retenci\u00f3n para seguridad a\u00f1adida.  El despliegue se realiza sacando el Life-Link, fijando el cabo a un punto fuerte (cornamusa), y arroj\u00e1ndolo al agua.  La embarcaci\u00f3n debe describir un circulo alrededor de la v\u00edctima para acercar el Life-Link al hombre en el agua.  El rescate se completa cuando la v\u00edctima esta segura dentro del Life-Link y este es acercado e izado abordo.  &#13;Contenido: &#13;Bolsa de estiba en PVC, 50m de cabo flotante y life-link de PVC con cincha.\u00bb<\/p>","protected":false},"excerpt":{"rendered":"<p>\u00abEl sistema de rescate LIFE-LINK de LALIZAS se ha dise\u00f1ado para estar montado permanente sobre el balc\u00f3n de popa.  Est\u00e1 contenido en una bolsa especial de PVC f\u00e1cil de limpiar.  La bolsa contiene 50m de cabo flotante, un cintur\u00f3n \u201cLife-Link\u201d flotante y robusto, mas un clip de retenci\u00f3n para seguridad a\u00f1adida.  El despliegue se realiza sacando el Life-Link, fijando el cabo a un punto fuerte (cornamusa), y arroj\u00e1ndolo al agua.  La embarcaci\u00f3n debe describir un circulo alrededor de la v\u00edctima para acercar el Life-Link al hombre en el agua.  El rescate se completa cuando la v\u00edctima esta segura dentro del Life-Link y este es acercado e izado abordo.  &#13;Contenido: &#13;Bolsa de estiba en PVC, 50m de cabo flotante y life-link de PVC con cincha.\u00bb<\/p>","protected":false},"featured_media":7826,"comment_status":"closed","ping_status":"closed","template":"","meta":[],"product_brand":[],"product_cat":[49],"product_tag":[],"class_list":{"0":"post-7825","1":"product","2":"type-product","3":"status-publish","4":"has-post-thumbnail","6":"product_cat-producto","8":"first","9":"instock","10":"purchasable","11":"product-type-simple"},"yoast_head":"<!-- This site is optimized with the Yoast SEO plugin v26.2 - https:\/\/yoast.com\/wordpress\/plugins\/seo\/ -->\n<title>Sistema de Rescate LifeLink - Marine Technical Solutions<\/title>\n<meta name=\"description\" content=\"Sistema de Rescate LifeLink - Marine Technical Solutions\" \/>\n<meta name=\"robots\" content=\"index, follow, max-snippet:-1, max-image-preview:large, max-video-preview:-1\" \/>\n<link rel=\"canonical\" href=\"https:\/\/marinetechnicalsolutions.es\/en\/product\/sistema-de-rescate-lifelink\/\" \/>\n<meta property=\"og:locale\" content=\"en_US\" \/>\n<meta property=\"og:type\" content=\"article\" \/>\n<meta property=\"og:title\" content=\"Sistema de Rescate LifeLink - Marine Technical Solutions\" \/>\n<meta property=\"og:description\" content=\"Sistema de Rescate LifeLink - Marine Technical Solutions\" \/>\n<meta property=\"og:url\" content=\"https:\/\/marinetechnicalsolutions.es\/en\/product\/sistema-de-rescate-lifelink\/\" \/>\n<meta property=\"og:site_name\" content=\"Marine Technical Solutions\" \/>\n<meta property=\"article:modified_time\" content=\"2023-03-31T10:04:23+00:00\" \/>\n<meta property=\"og:image\" content=\"https:\/\/marinetechnicalsolutions.es\/wp-content\/uploads\/2023\/03\/2825.jpg\" \/>\n\t<meta property=\"og:image:width\" content=\"800\" \/>\n\t<meta property=\"og:image:height\" content=\"800\" \/>\n\t<meta property=\"og:image:type\" content=\"image\/jpeg\" \/>\n<meta name=\"twitter:card\" content=\"summary_large_image\" \/>\n<meta name=\"twitter:label1\" content=\"Est. reading time\" \/>\n\t<meta name=\"twitter:data1\" content=\"1 minute\" \/>\n<script type=\"application\/ld+json\" class=\"yoast-schema-graph\">{\"@context\":\"https:\/\/schema.org\",\"@graph\":[{\"@type\":\"WebPage\",\"@id\":\"https:\/\/marinetechnicalsolutions.es\/product\/sistema-de-rescate-lifelink\/\",\"url\":\"https:\/\/marinetechnicalsolutions.es\/product\/sistema-de-rescate-lifelink\/\",\"name\":\"Sistema de Rescate LifeLink - Marine Technical Solutions\",\"isPartOf\":{\"@id\":\"https:\/\/marinetechnicalsolutions.es\/#website\"},\"primaryImageOfPage\":{\"@id\":\"https:\/\/marinetechnicalsolutions.es\/product\/sistema-de-rescate-lifelink\/#primaryimage\"},\"image\":{\"@id\":\"https:\/\/marinetechnicalsolutions.es\/product\/sistema-de-rescate-lifelink\/#primaryimage\"},\"thumbnailUrl\":\"https:\/\/marinetechnicalsolutions.es\/wp-content\/uploads\/2023\/03\/2825.jpg\",\"datePublished\":\"2023-03-31T10:04:22+00:00\",\"dateModified\":\"2023-03-31T10:04:23+00:00\",\"description\":\"Sistema de Rescate LifeLink - Marine Technical Solutions\",\"breadcrumb\":{\"@id\":\"https:\/\/marinetechnicalsolutions.es\/product\/sistema-de-rescate-lifelink\/#breadcrumb\"},\"inLanguage\":\"en-US\",\"potentialAction\":[{\"@type\":\"ReadAction\",\"target\":[\"https:\/\/marinetechnicalsolutions.es\/product\/sistema-de-rescate-lifelink\/\"]}]},{\"@type\":\"ImageObject\",\"inLanguage\":\"en-US\",\"@id\":\"https:\/\/marinetechnicalsolutions.es\/product\/sistema-de-rescate-lifelink\/#primaryimage\",\"url\":\"https:\/\/marinetechnicalsolutions.es\/wp-content\/uploads\/2023\/03\/2825.jpg\",\"contentUrl\":\"https:\/\/marinetechnicalsolutions.es\/wp-content\/uploads\/2023\/03\/2825.jpg\",\"width\":800,\"height\":800},{\"@type\":\"BreadcrumbList\",\"@id\":\"https:\/\/marinetechnicalsolutions.es\/product\/sistema-de-rescate-lifelink\/#breadcrumb\",\"itemListElement\":[{\"@type\":\"ListItem\",\"position\":1,\"name\":\"Portada\",\"item\":\"https:\/\/marinetechnicalsolutions.es\/\"},{\"@type\":\"ListItem\",\"position\":2,\"name\":\"Tienda\",\"item\":\"https:\/\/marinetechnicalsolutions.es\/tienda\/\"},{\"@type\":\"ListItem\",\"position\":3,\"name\":\"Sistema de Rescate LifeLink\"}]},{\"@type\":\"WebSite\",\"@id\":\"https:\/\/marinetechnicalsolutions.es\/#website\",\"url\":\"https:\/\/marinetechnicalsolutions.es\/\",\"name\":\"Marine Technical Solutions\",\"description\":\"Empresa dedicada a inspecci\u00f3n en sector naval e industrial\",\"publisher\":{\"@id\":\"https:\/\/marinetechnicalsolutions.es\/#organization\"},\"alternateName\":\"Marine Technical Solutions\",\"potentialAction\":[{\"@type\":\"SearchAction\",\"target\":{\"@type\":\"EntryPoint\",\"urlTemplate\":\"https:\/\/marinetechnicalsolutions.es\/?s={search_term_string}\"},\"query-input\":{\"@type\":\"PropertyValueSpecification\",\"valueRequired\":true,\"valueName\":\"search_term_string\"}}],\"inLanguage\":\"en-US\"},{\"@type\":\"Organization\",\"@id\":\"https:\/\/marinetechnicalsolutions.es\/#organization\",\"name\":\"Marine Technical Solutions\",\"alternateName\":\"Marine Technical Solutions\",\"url\":\"https:\/\/marinetechnicalsolutions.es\/\",\"logo\":{\"@type\":\"ImageObject\",\"inLanguage\":\"en-US\",\"@id\":\"https:\/\/marinetechnicalsolutions.es\/#\/schema\/logo\/image\/\",\"url\":\"https:\/\/marinetechnicalsolutions.es\/wp-content\/uploads\/2021\/03\/cropped-logo.png\",\"contentUrl\":\"https:\/\/marinetechnicalsolutions.es\/wp-content\/uploads\/2021\/03\/cropped-logo.png\",\"width\":512,\"height\":512,\"caption\":\"Marine Technical Solutions\"},\"image\":{\"@id\":\"https:\/\/marinetechnicalsolutions.es\/#\/schema\/logo\/image\/\"}}]}<\/script>\n<!-- \/ Yoast SEO plugin. -->","yoast_head_json":{"title":"Sistema de Rescate LifeLink - Marine Technical Solutions","description":"Sistema de Rescate LifeLink - Marine Technical Solutions","robots":{"index":"index","follow":"follow","max-snippet":"max-snippet:-1","max-image-preview":"max-image-preview:large","max-video-preview":"max-video-preview:-1"},"canonical":"https:\/\/marinetechnicalsolutions.es\/en\/product\/sistema-de-rescate-lifelink\/","og_locale":"en_US","og_type":"article","og_title":"Sistema de Rescate LifeLink - Marine Technical Solutions","og_description":"Sistema de Rescate LifeLink - Marine Technical Solutions","og_url":"https:\/\/marinetechnicalsolutions.es\/en\/product\/sistema-de-rescate-lifelink\/","og_site_name":"Marine Technical Solutions","article_modified_time":"2023-03-31T10:04:23+00:00","og_image":[{"width":800,"height":800,"url":"https:\/\/marinetechnicalsolutions.es\/wp-content\/uploads\/2023\/03\/2825.jpg","type":"image\/jpeg"}],"twitter_card":"summary_large_image","twitter_misc":{"Est. reading time":"1 minute"},"schema":{"@context":"https:\/\/schema.org","@graph":[{"@type":"WebPage","@id":"https:\/\/marinetechnicalsolutions.es\/product\/sistema-de-rescate-lifelink\/","url":"https:\/\/marinetechnicalsolutions.es\/product\/sistema-de-rescate-lifelink\/","name":"Sistema de Rescate LifeLink - Marine Technical Solutions","isPartOf":{"@id":"https:\/\/marinetechnicalsolutions.es\/#website"},"primaryImageOfPage":{"@id":"https:\/\/marinetechnicalsolutions.es\/product\/sistema-de-rescate-lifelink\/#primaryimage"},"image":{"@id":"https:\/\/marinetechnicalsolutions.es\/product\/sistema-de-rescate-lifelink\/#primaryimage"},"thumbnailUrl":"https:\/\/marinetechnicalsolutions.es\/wp-content\/uploads\/2023\/03\/2825.jpg","datePublished":"2023-03-31T10:04:22+00:00","dateModified":"2023-03-31T10:04:23+00:00","description":"Sistema de Rescate LifeLink - Marine Technical Solutions","breadcrumb":{"@id":"https:\/\/marinetechnicalsolutions.es\/product\/sistema-de-rescate-lifelink\/#breadcrumb"},"inLanguage":"en-US","potentialAction":[{"@type":"ReadAction","target":["https:\/\/marinetechnicalsolutions.es\/product\/sistema-de-rescate-lifelink\/"]}]},{"@type":"ImageObject","inLanguage":"en-US","@id":"https:\/\/marinetechnicalsolutions.es\/product\/sistema-de-rescate-lifelink\/#primaryimage","url":"https:\/\/marinetechnicalsolutions.es\/wp-content\/uploads\/2023\/03\/2825.jpg","contentUrl":"https:\/\/marinetechnicalsolutions.es\/wp-content\/uploads\/2023\/03\/2825.jpg","width":800,"height":800},{"@type":"BreadcrumbList","@id":"https:\/\/marinetechnicalsolutions.es\/product\/sistema-de-rescate-lifelink\/#breadcrumb","itemListElement":[{"@type":"ListItem","position":1,"name":"Portada","item":"https:\/\/marinetechnicalsolutions.es\/"},{"@type":"ListItem","position":2,"name":"Tienda","item":"https:\/\/marinetechnicalsolutions.es\/tienda\/"},{"@type":"ListItem","position":3,"name":"Sistema de Rescate LifeLink"}]},{"@type":"WebSite","@id":"https:\/\/marinetechnicalsolutions.es\/#website","url":"https:\/\/marinetechnicalsolutions.es\/","name":"Marine Technical Solutions","description":"Empresa dedicada a inspecci\u00f3n en sector naval e industrial","publisher":{"@id":"https:\/\/marinetechnicalsolutions.es\/#organization"},"alternateName":"Marine Technical Solutions","potentialAction":[{"@type":"SearchAction","target":{"@type":"EntryPoint","urlTemplate":"https:\/\/marinetechnicalsolutions.es\/?s={search_term_string}"},"query-input":{"@type":"PropertyValueSpecification","valueRequired":true,"valueName":"search_term_string"}}],"inLanguage":"en-US"},{"@type":"Organization","@id":"https:\/\/marinetechnicalsolutions.es\/#organization","name":"Marine Technical Solutions","alternateName":"Marine Technical Solutions","url":"https:\/\/marinetechnicalsolutions.es\/","logo":{"@type":"ImageObject","inLanguage":"en-US","@id":"https:\/\/marinetechnicalsolutions.es\/#\/schema\/logo\/image\/","url":"https:\/\/marinetechnicalsolutions.es\/wp-content\/uploads\/2021\/03\/cropped-logo.png","contentUrl":"https:\/\/marinetechnicalsolutions.es\/wp-content\/uploads\/2021\/03\/cropped-logo.png","width":512,"height":512,"caption":"Marine Technical Solutions"},"image":{"@id":"https:\/\/marinetechnicalsolutions.es\/#\/schema\/logo\/image\/"}}]}},"_links":{"self":[{"href":"https:\/\/marinetechnicalsolutions.es\/en\/wp-json\/wp\/v2\/product\/7825","targetHints":{"allow":["GET"]}}],"collection":[{"href":"https:\/\/marinetechnicalsolutions.es\/en\/wp-json\/wp\/v2\/product"}],"about":[{"href":"https:\/\/marinetechnicalsolutions.es\/en\/wp-json\/wp\/v2\/types\/product"}],"replies":[{"embeddable":true,"href":"https:\/\/marinetechnicalsolutions.es\/en\/wp-json\/wp\/v2\/comments?post=7825"}],"version-history":[{"count":0,"href":"https:\/\/marinetechnicalsolutions.es\/en\/wp-json\/wp\/v2\/product\/7825\/revisions"}],"wp:featuredmedia":[{"embeddable":true,"href":"https:\/\/marinetechnicalsolutions.es\/en\/wp-json\/wp\/v2\/media\/7826"}],"wp:attachment":[{"href":"https:\/\/marinetechnicalsolutions.es\/en\/wp-json\/wp\/v2\/media?parent=7825"}],"wp:term":[{"taxonomy":"product_brand","embeddable":true,"href":"https:\/\/marinetechnicalsolutions.es\/en\/wp-json\/wp\/v2\/product_brand?post=7825"},{"taxonomy":"product_cat","embeddable":true,"href":"https:\/\/marinetechnicalsolutions.es\/en\/wp-json\/wp\/v2\/product_cat?post=7825"},{"taxonomy":"product_tag","embeddable":true,"href":"https:\/\/marinetechnicalsolutions.es\/en\/wp-json\/wp\/v2\/product_tag?post=7825"}],"curies":[{"name":"wp","href":"https:\/\/api.w.org\/{rel}","templated":true}]}}