{"id":7917,"date":"2023-03-31T10:04:45","date_gmt":"2023-03-31T10:04:45","guid":{"rendered":"https:\/\/marinetechnicalsolutions.es\/product\/luz-de-navegacion-power-7-esparcidor-fijo-blanco-o-50mm\/"},"modified":"2023-03-31T10:04:49","modified_gmt":"2023-03-31T10:04:49","slug":"luz-de-navegacion-power-7-esparcidor-fijo-blanco-o-50mm","status":"publish","type":"product","link":"https:\/\/marinetechnicalsolutions.es\/en\/product\/luz-de-navegacion-power-7-esparcidor-fijo-blanco-o-50mm\/","title":{"rendered":"Luz de navegaci\u00f3n POWER 7, esparcidor fijo, blanco, \u00d8 50mm"},"content":{"rendered":"<p>Las luces LALIZAS para peque\u00f1as embarcaciones deportivas son compactas y de perfil bajo. Las lentes se fabrican en un policarbonato muy fuerte. El resto de la caja es una mezcla de fibras de nil\u00f3n. Los componentes interiores son de inox. Las luces bi-colores y de tope est\u00e1n disponibles en versiones de montaje horijontal y vertical.<\/p>","protected":false},"excerpt":{"rendered":"<p>Las luces LALIZAS para peque\u00f1as embarcaciones deportivas son compactas y de perfil bajo. Las lentes se fabrican en un policarbonato muy fuerte. El resto de la caja es una mezcla de fibras de nil\u00f3n. Los componentes interiores son de inox. Las luces bi-colores y de tope est\u00e1n disponibles en versiones de montaje horijontal y vertical.<\/p>","protected":false},"featured_media":7909,"comment_status":"closed","ping_status":"closed","template":"","meta":[],"product_brand":[],"product_cat":[49],"product_tag":[],"class_list":{"0":"post-7917","1":"product","2":"type-product","3":"status-publish","4":"has-post-thumbnail","6":"product_cat-producto","8":"first","9":"instock","10":"purchasable","11":"product-type-simple"},"yoast_head":"<!-- This site is optimized with the Yoast SEO plugin v26.2 - https:\/\/yoast.com\/wordpress\/plugins\/seo\/ -->\n<title>Luz de navegaci\u00f3n POWER 7, esparcidor fijo, blanco, \u00d8 50mm - Marine Technical Solutions<\/title>\n<meta name=\"description\" content=\"Luz de navegaci\u00f3n POWER 7, esparcidor fijo, blanco, \u00d8 50mm - Marine Technical Solutions\" \/>\n<meta name=\"robots\" content=\"index, follow, max-snippet:-1, max-image-preview:large, max-video-preview:-1\" \/>\n<link rel=\"canonical\" href=\"https:\/\/marinetechnicalsolutions.es\/en\/product\/luz-de-navegacion-power-7-esparcidor-fijo-blanco-o-50mm\/\" \/>\n<meta property=\"og:locale\" content=\"en_US\" \/>\n<meta property=\"og:type\" content=\"article\" \/>\n<meta property=\"og:title\" content=\"Luz de navegaci\u00f3n POWER 7, esparcidor fijo, blanco, \u00d8 50mm - Marine Technical Solutions\" \/>\n<meta property=\"og:description\" content=\"Luz de navegaci\u00f3n POWER 7, esparcidor fijo, blanco, \u00d8 50mm - Marine Technical Solutions\" \/>\n<meta property=\"og:url\" content=\"https:\/\/marinetechnicalsolutions.es\/en\/product\/luz-de-navegacion-power-7-esparcidor-fijo-blanco-o-50mm\/\" \/>\n<meta property=\"og:site_name\" content=\"Marine Technical Solutions\" \/>\n<meta property=\"article:modified_time\" content=\"2023-03-31T10:04:49+00:00\" \/>\n<meta property=\"og:image\" content=\"https:\/\/marinetechnicalsolutions.es\/wp-content\/uploads\/2023\/03\/4750.jpg\" \/>\n\t<meta property=\"og:image:width\" content=\"800\" \/>\n\t<meta property=\"og:image:height\" content=\"800\" \/>\n\t<meta property=\"og:image:type\" content=\"image\/jpeg\" \/>\n<meta name=\"twitter:card\" content=\"summary_large_image\" \/>\n<script type=\"application\/ld+json\" class=\"yoast-schema-graph\">{\"@context\":\"https:\/\/schema.org\",\"@graph\":[{\"@type\":\"WebPage\",\"@id\":\"https:\/\/marinetechnicalsolutions.es\/product\/luz-de-navegacion-power-7-esparcidor-fijo-blanco-o-50mm\/\",\"url\":\"https:\/\/marinetechnicalsolutions.es\/product\/luz-de-navegacion-power-7-esparcidor-fijo-blanco-o-50mm\/\",\"name\":\"Luz de navegaci\u00f3n POWER 7, esparcidor fijo, blanco, \u00d8 50mm - Marine Technical Solutions\",\"isPartOf\":{\"@id\":\"https:\/\/marinetechnicalsolutions.es\/#website\"},\"primaryImageOfPage\":{\"@id\":\"https:\/\/marinetechnicalsolutions.es\/product\/luz-de-navegacion-power-7-esparcidor-fijo-blanco-o-50mm\/#primaryimage\"},\"image\":{\"@id\":\"https:\/\/marinetechnicalsolutions.es\/product\/luz-de-navegacion-power-7-esparcidor-fijo-blanco-o-50mm\/#primaryimage\"},\"thumbnailUrl\":\"https:\/\/marinetechnicalsolutions.es\/wp-content\/uploads\/2023\/03\/4750.jpg\",\"datePublished\":\"2023-03-31T10:04:45+00:00\",\"dateModified\":\"2023-03-31T10:04:49+00:00\",\"description\":\"Luz de navegaci\u00f3n POWER 7, esparcidor fijo, blanco, \u00d8 50mm - Marine Technical Solutions\",\"breadcrumb\":{\"@id\":\"https:\/\/marinetechnicalsolutions.es\/product\/luz-de-navegacion-power-7-esparcidor-fijo-blanco-o-50mm\/#breadcrumb\"},\"inLanguage\":\"en-US\",\"potentialAction\":[{\"@type\":\"ReadAction\",\"target\":[\"https:\/\/marinetechnicalsolutions.es\/product\/luz-de-navegacion-power-7-esparcidor-fijo-blanco-o-50mm\/\"]}]},{\"@type\":\"ImageObject\",\"inLanguage\":\"en-US\",\"@id\":\"https:\/\/marinetechnicalsolutions.es\/product\/luz-de-navegacion-power-7-esparcidor-fijo-blanco-o-50mm\/#primaryimage\",\"url\":\"https:\/\/marinetechnicalsolutions.es\/wp-content\/uploads\/2023\/03\/4750.jpg\",\"contentUrl\":\"https:\/\/marinetechnicalsolutions.es\/wp-content\/uploads\/2023\/03\/4750.jpg\",\"width\":800,\"height\":800},{\"@type\":\"BreadcrumbList\",\"@id\":\"https:\/\/marinetechnicalsolutions.es\/product\/luz-de-navegacion-power-7-esparcidor-fijo-blanco-o-50mm\/#breadcrumb\",\"itemListElement\":[{\"@type\":\"ListItem\",\"position\":1,\"name\":\"Portada\",\"item\":\"https:\/\/marinetechnicalsolutions.es\/\"},{\"@type\":\"ListItem\",\"position\":2,\"name\":\"Tienda\",\"item\":\"https:\/\/marinetechnicalsolutions.es\/tienda\/\"},{\"@type\":\"ListItem\",\"position\":3,\"name\":\"Luz de navegaci\u00f3n POWER 7, esparcidor fijo, blanco, \u00d8 50mm\"}]},{\"@type\":\"WebSite\",\"@id\":\"https:\/\/marinetechnicalsolutions.es\/#website\",\"url\":\"https:\/\/marinetechnicalsolutions.es\/\",\"name\":\"Marine Technical Solutions\",\"description\":\"Empresa dedicada a inspecci\u00f3n en sector naval e industrial\",\"publisher\":{\"@id\":\"https:\/\/marinetechnicalsolutions.es\/#organization\"},\"alternateName\":\"Marine Technical Solutions\",\"potentialAction\":[{\"@type\":\"SearchAction\",\"target\":{\"@type\":\"EntryPoint\",\"urlTemplate\":\"https:\/\/marinetechnicalsolutions.es\/?s={search_term_string}\"},\"query-input\":{\"@type\":\"PropertyValueSpecification\",\"valueRequired\":true,\"valueName\":\"search_term_string\"}}],\"inLanguage\":\"en-US\"},{\"@type\":\"Organization\",\"@id\":\"https:\/\/marinetechnicalsolutions.es\/#organization\",\"name\":\"Marine Technical Solutions\",\"alternateName\":\"Marine Technical Solutions\",\"url\":\"https:\/\/marinetechnicalsolutions.es\/\",\"logo\":{\"@type\":\"ImageObject\",\"inLanguage\":\"en-US\",\"@id\":\"https:\/\/marinetechnicalsolutions.es\/#\/schema\/logo\/image\/\",\"url\":\"https:\/\/marinetechnicalsolutions.es\/wp-content\/uploads\/2021\/03\/cropped-logo.png\",\"contentUrl\":\"https:\/\/marinetechnicalsolutions.es\/wp-content\/uploads\/2021\/03\/cropped-logo.png\",\"width\":512,\"height\":512,\"caption\":\"Marine Technical Solutions\"},\"image\":{\"@id\":\"https:\/\/marinetechnicalsolutions.es\/#\/schema\/logo\/image\/\"}}]}<\/script>\n<!-- \/ Yoast SEO plugin. -->","yoast_head_json":{"title":"Luz de navegaci\u00f3n POWER 7, esparcidor fijo, blanco, \u00d8 50mm - Marine Technical Solutions","description":"Luz de navegaci\u00f3n POWER 7, esparcidor fijo, blanco, \u00d8 50mm - Marine Technical Solutions","robots":{"index":"index","follow":"follow","max-snippet":"max-snippet:-1","max-image-preview":"max-image-preview:large","max-video-preview":"max-video-preview:-1"},"canonical":"https:\/\/marinetechnicalsolutions.es\/en\/product\/luz-de-navegacion-power-7-esparcidor-fijo-blanco-o-50mm\/","og_locale":"en_US","og_type":"article","og_title":"Luz de navegaci\u00f3n POWER 7, esparcidor fijo, blanco, \u00d8 50mm - Marine Technical Solutions","og_description":"Luz de navegaci\u00f3n POWER 7, esparcidor fijo, blanco, \u00d8 50mm - Marine Technical Solutions","og_url":"https:\/\/marinetechnicalsolutions.es\/en\/product\/luz-de-navegacion-power-7-esparcidor-fijo-blanco-o-50mm\/","og_site_name":"Marine Technical Solutions","article_modified_time":"2023-03-31T10:04:49+00:00","og_image":[{"width":800,"height":800,"url":"https:\/\/marinetechnicalsolutions.es\/wp-content\/uploads\/2023\/03\/4750.jpg","type":"image\/jpeg"}],"twitter_card":"summary_large_image","schema":{"@context":"https:\/\/schema.org","@graph":[{"@type":"WebPage","@id":"https:\/\/marinetechnicalsolutions.es\/product\/luz-de-navegacion-power-7-esparcidor-fijo-blanco-o-50mm\/","url":"https:\/\/marinetechnicalsolutions.es\/product\/luz-de-navegacion-power-7-esparcidor-fijo-blanco-o-50mm\/","name":"Luz de navegaci\u00f3n POWER 7, esparcidor fijo, blanco, \u00d8 50mm - Marine Technical Solutions","isPartOf":{"@id":"https:\/\/marinetechnicalsolutions.es\/#website"},"primaryImageOfPage":{"@id":"https:\/\/marinetechnicalsolutions.es\/product\/luz-de-navegacion-power-7-esparcidor-fijo-blanco-o-50mm\/#primaryimage"},"image":{"@id":"https:\/\/marinetechnicalsolutions.es\/product\/luz-de-navegacion-power-7-esparcidor-fijo-blanco-o-50mm\/#primaryimage"},"thumbnailUrl":"https:\/\/marinetechnicalsolutions.es\/wp-content\/uploads\/2023\/03\/4750.jpg","datePublished":"2023-03-31T10:04:45+00:00","dateModified":"2023-03-31T10:04:49+00:00","description":"Luz de navegaci\u00f3n POWER 7, esparcidor fijo, blanco, \u00d8 50mm - Marine Technical Solutions","breadcrumb":{"@id":"https:\/\/marinetechnicalsolutions.es\/product\/luz-de-navegacion-power-7-esparcidor-fijo-blanco-o-50mm\/#breadcrumb"},"inLanguage":"en-US","potentialAction":[{"@type":"ReadAction","target":["https:\/\/marinetechnicalsolutions.es\/product\/luz-de-navegacion-power-7-esparcidor-fijo-blanco-o-50mm\/"]}]},{"@type":"ImageObject","inLanguage":"en-US","@id":"https:\/\/marinetechnicalsolutions.es\/product\/luz-de-navegacion-power-7-esparcidor-fijo-blanco-o-50mm\/#primaryimage","url":"https:\/\/marinetechnicalsolutions.es\/wp-content\/uploads\/2023\/03\/4750.jpg","contentUrl":"https:\/\/marinetechnicalsolutions.es\/wp-content\/uploads\/2023\/03\/4750.jpg","width":800,"height":800},{"@type":"BreadcrumbList","@id":"https:\/\/marinetechnicalsolutions.es\/product\/luz-de-navegacion-power-7-esparcidor-fijo-blanco-o-50mm\/#breadcrumb","itemListElement":[{"@type":"ListItem","position":1,"name":"Portada","item":"https:\/\/marinetechnicalsolutions.es\/"},{"@type":"ListItem","position":2,"name":"Tienda","item":"https:\/\/marinetechnicalsolutions.es\/tienda\/"},{"@type":"ListItem","position":3,"name":"Luz de navegaci\u00f3n POWER 7, esparcidor fijo, blanco, \u00d8 50mm"}]},{"@type":"WebSite","@id":"https:\/\/marinetechnicalsolutions.es\/#website","url":"https:\/\/marinetechnicalsolutions.es\/","name":"Marine Technical Solutions","description":"Empresa dedicada a inspecci\u00f3n en sector naval e industrial","publisher":{"@id":"https:\/\/marinetechnicalsolutions.es\/#organization"},"alternateName":"Marine Technical Solutions","potentialAction":[{"@type":"SearchAction","target":{"@type":"EntryPoint","urlTemplate":"https:\/\/marinetechnicalsolutions.es\/?s={search_term_string}"},"query-input":{"@type":"PropertyValueSpecification","valueRequired":true,"valueName":"search_term_string"}}],"inLanguage":"en-US"},{"@type":"Organization","@id":"https:\/\/marinetechnicalsolutions.es\/#organization","name":"Marine Technical Solutions","alternateName":"Marine Technical Solutions","url":"https:\/\/marinetechnicalsolutions.es\/","logo":{"@type":"ImageObject","inLanguage":"en-US","@id":"https:\/\/marinetechnicalsolutions.es\/#\/schema\/logo\/image\/","url":"https:\/\/marinetechnicalsolutions.es\/wp-content\/uploads\/2021\/03\/cropped-logo.png","contentUrl":"https:\/\/marinetechnicalsolutions.es\/wp-content\/uploads\/2021\/03\/cropped-logo.png","width":512,"height":512,"caption":"Marine Technical Solutions"},"image":{"@id":"https:\/\/marinetechnicalsolutions.es\/#\/schema\/logo\/image\/"}}]}},"_links":{"self":[{"href":"https:\/\/marinetechnicalsolutions.es\/en\/wp-json\/wp\/v2\/product\/7917","targetHints":{"allow":["GET"]}}],"collection":[{"href":"https:\/\/marinetechnicalsolutions.es\/en\/wp-json\/wp\/v2\/product"}],"about":[{"href":"https:\/\/marinetechnicalsolutions.es\/en\/wp-json\/wp\/v2\/types\/product"}],"replies":[{"embeddable":true,"href":"https:\/\/marinetechnicalsolutions.es\/en\/wp-json\/wp\/v2\/comments?post=7917"}],"version-history":[{"count":0,"href":"https:\/\/marinetechnicalsolutions.es\/en\/wp-json\/wp\/v2\/product\/7917\/revisions"}],"wp:featuredmedia":[{"embeddable":true,"href":"https:\/\/marinetechnicalsolutions.es\/en\/wp-json\/wp\/v2\/media\/7909"}],"wp:attachment":[{"href":"https:\/\/marinetechnicalsolutions.es\/en\/wp-json\/wp\/v2\/media?parent=7917"}],"wp:term":[{"taxonomy":"product_brand","embeddable":true,"href":"https:\/\/marinetechnicalsolutions.es\/en\/wp-json\/wp\/v2\/product_brand?post=7917"},{"taxonomy":"product_cat","embeddable":true,"href":"https:\/\/marinetechnicalsolutions.es\/en\/wp-json\/wp\/v2\/product_cat?post=7917"},{"taxonomy":"product_tag","embeddable":true,"href":"https:\/\/marinetechnicalsolutions.es\/en\/wp-json\/wp\/v2\/product_tag?post=7917"}],"curies":[{"name":"wp","href":"https:\/\/api.w.org\/{rel}","templated":true}]}}