{"id":8057,"date":"2023-03-31T10:05:09","date_gmt":"2023-03-31T10:05:09","guid":{"rendered":"https:\/\/marinetechnicalsolutions.es\/product\/interruptor-automatico-electronico-eels\/"},"modified":"2023-03-31T10:05:16","modified_gmt":"2023-03-31T10:05:16","slug":"interruptor-automatico-electronico-eels","status":"publish","type":"product","link":"https:\/\/marinetechnicalsolutions.es\/en\/product\/interruptor-automatico-electronico-eels\/","title":{"rendered":"Interruptor Autom\u00e1tico Electr\u00f3nico \u00abEels\u00bb"},"content":{"rendered":"<p>\u00abLa adici\u00f3n mas reciente a nuestra gama de productos. Es lo ultimo en tecnolog\u00eda y es operado por un sensor electr\u00f3nico a diferencia de otros tipos de interruptor en el mercado. Su dise\u00f1o permite que cualquier cambio en el nivel de agua es sentido por el sensor. Su ventaja principal es que el sensor solo activara la bomba si el agua esta limpia. Si hay una presencia de aceite, gasoil u otros hidrocarburos estos son detectados por el sensor y la bomba no se activara.  En muchos lugares el verter hidrocarburos al agua es un delito sancionable a parte del da\u00f1o ecol\u00f3gico producido. Se monta verticalmente y conectado en serie entre la bomba de achique y la bater\u00eda. Su dise\u00f1o compacto permite una instalaci\u00f3n sencilla en espacios reducidos.&#13;Los contactos el\u00e9ctricos interiores est\u00e1n selladas y la carcaza es de nil\u00f3n y pl\u00e1stico ABS.&#13;Caracter\u00edsticas t\u00e9cnicas&#13;El interruptor autom\u00e1tico electr\u00f3nico LALIZAS puede ser usado con cualquier bomba de hasta 20 A, Voltaje: 12V DC \/ 0.5 A, Conexi\u00f3n al circuito: en serie o en paralelo, Amperaje m\u00e1ximo: 20\u00aa&#13;Como conectar su interruptor electr\u00f3nico&#13;Conectar en serie al polo positivo de la bater\u00eda un interruptor para activar o desactivar el interruptor autom\u00e1tico, tambi\u00e9n conecte en serie un fusible en concordancia al amperaje de la bomba a usar ( m\u00e1ximo 20 A). El cableado del interruptor electr\u00f3nico para conexi\u00f3n al circuito es Rojo (+) y Negro (-) para conexi\u00f3n a la bomba Negro (-) y azul (+)&#13;ATENCI\u00d3N&#13;Es muy importante respetar la polaridad al conectar su interruptor electr\u00f3nico. La polaridad cambiada da\u00f1ara irreversiblemente su interruptor!!!!!!\u00bb<\/p>","protected":false},"excerpt":{"rendered":"<p>\u00abLa adici\u00f3n mas reciente a nuestra gama de productos. Es lo ultimo en tecnolog\u00eda y es operado por un sensor electr\u00f3nico a diferencia de otros tipos de interruptor en el mercado. Su dise\u00f1o permite que cualquier cambio en el nivel de agua es sentido por el sensor. Su ventaja principal es que el sensor solo activara la bomba si el agua esta limpia. Si hay una presencia de aceite, gasoil u otros hidrocarburos estos son detectados por el sensor y la bomba no se activara.  En muchos lugares el verter hidrocarburos al agua es un delito sancionable a parte del da\u00f1o ecol\u00f3gico producido. Se monta verticalmente y conectado en serie entre la bomba de achique y la bater\u00eda. Su dise\u00f1o compacto permite una instalaci\u00f3n sencilla en espacios reducidos.&#13;Los contactos el\u00e9ctricos interiores est\u00e1n selladas y la carcaza es de nil\u00f3n y pl\u00e1stico ABS.&#13;Caracter\u00edsticas t\u00e9cnicas&#13;El interruptor autom\u00e1tico electr\u00f3nico LALIZAS puede ser usado con cualquier bomba de hasta 20 A, Voltaje: 12V DC \/ 0.5 A, Conexi\u00f3n al circuito: en serie o en paralelo, Amperaje m\u00e1ximo: 20\u00aa&#13;Como conectar su interruptor electr\u00f3nico&#13;Conectar en serie al polo positivo de la bater\u00eda un interruptor para activar o desactivar el interruptor autom\u00e1tico, tambi\u00e9n conecte en serie un fusible en concordancia al amperaje de la bomba a usar ( m\u00e1ximo 20 A). El cableado del interruptor electr\u00f3nico para conexi\u00f3n al circuito es Rojo (+) y Negro (-) para conexi\u00f3n a la bomba Negro (-) y azul (+)&#13;ATENCI\u00d3N&#13;Es muy importante respetar la polaridad al conectar su interruptor electr\u00f3nico. La polaridad cambiada da\u00f1ara irreversiblemente su interruptor!!!!!!\u00bb<\/p>","protected":false},"featured_media":8058,"comment_status":"closed","ping_status":"closed","template":"","meta":[],"product_brand":[],"product_cat":[49],"product_tag":[],"class_list":{"0":"post-8057","1":"product","2":"type-product","3":"status-publish","4":"has-post-thumbnail","6":"product_cat-producto","8":"first","9":"instock","10":"purchasable","11":"product-type-simple"},"yoast_head":"<!-- This site is optimized with the Yoast SEO plugin v26.2 - https:\/\/yoast.com\/wordpress\/plugins\/seo\/ -->\n<title>Interruptor Autom\u00e1tico Electr\u00f3nico &quot;Eels&quot; - Marine Technical Solutions<\/title>\n<meta name=\"description\" content=\"Interruptor Autom\u00e1tico Electr\u00f3nico &quot;Eels&quot; - Marine Technical Solutions\" \/>\n<meta name=\"robots\" content=\"index, follow, max-snippet:-1, max-image-preview:large, max-video-preview:-1\" \/>\n<link rel=\"canonical\" href=\"https:\/\/marinetechnicalsolutions.es\/en\/product\/interruptor-automatico-electronico-eels\/\" \/>\n<meta property=\"og:locale\" content=\"en_US\" \/>\n<meta property=\"og:type\" content=\"article\" \/>\n<meta property=\"og:title\" content=\"Interruptor Autom\u00e1tico Electr\u00f3nico &quot;Eels&quot; - Marine Technical Solutions\" \/>\n<meta property=\"og:description\" content=\"Interruptor Autom\u00e1tico Electr\u00f3nico &quot;Eels&quot; - Marine Technical Solutions\" \/>\n<meta property=\"og:url\" content=\"https:\/\/marinetechnicalsolutions.es\/en\/product\/interruptor-automatico-electronico-eels\/\" \/>\n<meta property=\"og:site_name\" content=\"Marine Technical Solutions\" \/>\n<meta property=\"article:modified_time\" content=\"2023-03-31T10:05:16+00:00\" \/>\n<meta property=\"og:image\" content=\"https:\/\/marinetechnicalsolutions.es\/wp-content\/uploads\/2023\/03\/1648.jpg\" \/>\n\t<meta property=\"og:image:width\" content=\"800\" \/>\n\t<meta property=\"og:image:height\" content=\"800\" \/>\n\t<meta property=\"og:image:type\" content=\"image\/jpeg\" \/>\n<meta name=\"twitter:card\" content=\"summary_large_image\" \/>\n<meta name=\"twitter:label1\" content=\"Est. reading time\" \/>\n\t<meta name=\"twitter:data1\" content=\"1 minute\" \/>\n<script type=\"application\/ld+json\" class=\"yoast-schema-graph\">{\"@context\":\"https:\/\/schema.org\",\"@graph\":[{\"@type\":\"WebPage\",\"@id\":\"https:\/\/marinetechnicalsolutions.es\/product\/interruptor-automatico-electronico-eels\/\",\"url\":\"https:\/\/marinetechnicalsolutions.es\/product\/interruptor-automatico-electronico-eels\/\",\"name\":\"Interruptor Autom\u00e1tico Electr\u00f3nico \\\"Eels\\\" - Marine Technical Solutions\",\"isPartOf\":{\"@id\":\"https:\/\/marinetechnicalsolutions.es\/#website\"},\"primaryImageOfPage\":{\"@id\":\"https:\/\/marinetechnicalsolutions.es\/product\/interruptor-automatico-electronico-eels\/#primaryimage\"},\"image\":{\"@id\":\"https:\/\/marinetechnicalsolutions.es\/product\/interruptor-automatico-electronico-eels\/#primaryimage\"},\"thumbnailUrl\":\"https:\/\/marinetechnicalsolutions.es\/wp-content\/uploads\/2023\/03\/1648.jpg\",\"datePublished\":\"2023-03-31T10:05:09+00:00\",\"dateModified\":\"2023-03-31T10:05:16+00:00\",\"description\":\"Interruptor Autom\u00e1tico Electr\u00f3nico \\\"Eels\\\" - Marine Technical Solutions\",\"breadcrumb\":{\"@id\":\"https:\/\/marinetechnicalsolutions.es\/product\/interruptor-automatico-electronico-eels\/#breadcrumb\"},\"inLanguage\":\"en-US\",\"potentialAction\":[{\"@type\":\"ReadAction\",\"target\":[\"https:\/\/marinetechnicalsolutions.es\/product\/interruptor-automatico-electronico-eels\/\"]}]},{\"@type\":\"ImageObject\",\"inLanguage\":\"en-US\",\"@id\":\"https:\/\/marinetechnicalsolutions.es\/product\/interruptor-automatico-electronico-eels\/#primaryimage\",\"url\":\"https:\/\/marinetechnicalsolutions.es\/wp-content\/uploads\/2023\/03\/1648.jpg\",\"contentUrl\":\"https:\/\/marinetechnicalsolutions.es\/wp-content\/uploads\/2023\/03\/1648.jpg\",\"width\":800,\"height\":800},{\"@type\":\"BreadcrumbList\",\"@id\":\"https:\/\/marinetechnicalsolutions.es\/product\/interruptor-automatico-electronico-eels\/#breadcrumb\",\"itemListElement\":[{\"@type\":\"ListItem\",\"position\":1,\"name\":\"Portada\",\"item\":\"https:\/\/marinetechnicalsolutions.es\/\"},{\"@type\":\"ListItem\",\"position\":2,\"name\":\"Tienda\",\"item\":\"https:\/\/marinetechnicalsolutions.es\/tienda\/\"},{\"@type\":\"ListItem\",\"position\":3,\"name\":\"Interruptor Autom\u00e1tico Electr\u00f3nico \u00abEels\u00bb\"}]},{\"@type\":\"WebSite\",\"@id\":\"https:\/\/marinetechnicalsolutions.es\/#website\",\"url\":\"https:\/\/marinetechnicalsolutions.es\/\",\"name\":\"Marine Technical Solutions\",\"description\":\"Empresa dedicada a inspecci\u00f3n en sector naval e industrial\",\"publisher\":{\"@id\":\"https:\/\/marinetechnicalsolutions.es\/#organization\"},\"alternateName\":\"Marine Technical Solutions\",\"potentialAction\":[{\"@type\":\"SearchAction\",\"target\":{\"@type\":\"EntryPoint\",\"urlTemplate\":\"https:\/\/marinetechnicalsolutions.es\/?s={search_term_string}\"},\"query-input\":{\"@type\":\"PropertyValueSpecification\",\"valueRequired\":true,\"valueName\":\"search_term_string\"}}],\"inLanguage\":\"en-US\"},{\"@type\":\"Organization\",\"@id\":\"https:\/\/marinetechnicalsolutions.es\/#organization\",\"name\":\"Marine Technical Solutions\",\"alternateName\":\"Marine Technical Solutions\",\"url\":\"https:\/\/marinetechnicalsolutions.es\/\",\"logo\":{\"@type\":\"ImageObject\",\"inLanguage\":\"en-US\",\"@id\":\"https:\/\/marinetechnicalsolutions.es\/#\/schema\/logo\/image\/\",\"url\":\"https:\/\/marinetechnicalsolutions.es\/wp-content\/uploads\/2021\/03\/cropped-logo.png\",\"contentUrl\":\"https:\/\/marinetechnicalsolutions.es\/wp-content\/uploads\/2021\/03\/cropped-logo.png\",\"width\":512,\"height\":512,\"caption\":\"Marine Technical Solutions\"},\"image\":{\"@id\":\"https:\/\/marinetechnicalsolutions.es\/#\/schema\/logo\/image\/\"}}]}<\/script>\n<!-- \/ Yoast SEO plugin. -->","yoast_head_json":{"title":"Interruptor Autom\u00e1tico Electr\u00f3nico \"Eels\" - Marine Technical Solutions","description":"Interruptor Autom\u00e1tico Electr\u00f3nico \"Eels\" - Marine Technical Solutions","robots":{"index":"index","follow":"follow","max-snippet":"max-snippet:-1","max-image-preview":"max-image-preview:large","max-video-preview":"max-video-preview:-1"},"canonical":"https:\/\/marinetechnicalsolutions.es\/en\/product\/interruptor-automatico-electronico-eels\/","og_locale":"en_US","og_type":"article","og_title":"Interruptor Autom\u00e1tico Electr\u00f3nico \"Eels\" - Marine Technical Solutions","og_description":"Interruptor Autom\u00e1tico Electr\u00f3nico \"Eels\" - Marine Technical Solutions","og_url":"https:\/\/marinetechnicalsolutions.es\/en\/product\/interruptor-automatico-electronico-eels\/","og_site_name":"Marine Technical Solutions","article_modified_time":"2023-03-31T10:05:16+00:00","og_image":[{"width":800,"height":800,"url":"https:\/\/marinetechnicalsolutions.es\/wp-content\/uploads\/2023\/03\/1648.jpg","type":"image\/jpeg"}],"twitter_card":"summary_large_image","twitter_misc":{"Est. reading time":"1 minute"},"schema":{"@context":"https:\/\/schema.org","@graph":[{"@type":"WebPage","@id":"https:\/\/marinetechnicalsolutions.es\/product\/interruptor-automatico-electronico-eels\/","url":"https:\/\/marinetechnicalsolutions.es\/product\/interruptor-automatico-electronico-eels\/","name":"Interruptor Autom\u00e1tico Electr\u00f3nico \"Eels\" - Marine Technical Solutions","isPartOf":{"@id":"https:\/\/marinetechnicalsolutions.es\/#website"},"primaryImageOfPage":{"@id":"https:\/\/marinetechnicalsolutions.es\/product\/interruptor-automatico-electronico-eels\/#primaryimage"},"image":{"@id":"https:\/\/marinetechnicalsolutions.es\/product\/interruptor-automatico-electronico-eels\/#primaryimage"},"thumbnailUrl":"https:\/\/marinetechnicalsolutions.es\/wp-content\/uploads\/2023\/03\/1648.jpg","datePublished":"2023-03-31T10:05:09+00:00","dateModified":"2023-03-31T10:05:16+00:00","description":"Interruptor Autom\u00e1tico Electr\u00f3nico \"Eels\" - Marine Technical Solutions","breadcrumb":{"@id":"https:\/\/marinetechnicalsolutions.es\/product\/interruptor-automatico-electronico-eels\/#breadcrumb"},"inLanguage":"en-US","potentialAction":[{"@type":"ReadAction","target":["https:\/\/marinetechnicalsolutions.es\/product\/interruptor-automatico-electronico-eels\/"]}]},{"@type":"ImageObject","inLanguage":"en-US","@id":"https:\/\/marinetechnicalsolutions.es\/product\/interruptor-automatico-electronico-eels\/#primaryimage","url":"https:\/\/marinetechnicalsolutions.es\/wp-content\/uploads\/2023\/03\/1648.jpg","contentUrl":"https:\/\/marinetechnicalsolutions.es\/wp-content\/uploads\/2023\/03\/1648.jpg","width":800,"height":800},{"@type":"BreadcrumbList","@id":"https:\/\/marinetechnicalsolutions.es\/product\/interruptor-automatico-electronico-eels\/#breadcrumb","itemListElement":[{"@type":"ListItem","position":1,"name":"Portada","item":"https:\/\/marinetechnicalsolutions.es\/"},{"@type":"ListItem","position":2,"name":"Tienda","item":"https:\/\/marinetechnicalsolutions.es\/tienda\/"},{"@type":"ListItem","position":3,"name":"Interruptor Autom\u00e1tico Electr\u00f3nico \u00abEels\u00bb"}]},{"@type":"WebSite","@id":"https:\/\/marinetechnicalsolutions.es\/#website","url":"https:\/\/marinetechnicalsolutions.es\/","name":"Marine Technical Solutions","description":"Empresa dedicada a inspecci\u00f3n en sector naval e industrial","publisher":{"@id":"https:\/\/marinetechnicalsolutions.es\/#organization"},"alternateName":"Marine Technical Solutions","potentialAction":[{"@type":"SearchAction","target":{"@type":"EntryPoint","urlTemplate":"https:\/\/marinetechnicalsolutions.es\/?s={search_term_string}"},"query-input":{"@type":"PropertyValueSpecification","valueRequired":true,"valueName":"search_term_string"}}],"inLanguage":"en-US"},{"@type":"Organization","@id":"https:\/\/marinetechnicalsolutions.es\/#organization","name":"Marine Technical Solutions","alternateName":"Marine Technical Solutions","url":"https:\/\/marinetechnicalsolutions.es\/","logo":{"@type":"ImageObject","inLanguage":"en-US","@id":"https:\/\/marinetechnicalsolutions.es\/#\/schema\/logo\/image\/","url":"https:\/\/marinetechnicalsolutions.es\/wp-content\/uploads\/2021\/03\/cropped-logo.png","contentUrl":"https:\/\/marinetechnicalsolutions.es\/wp-content\/uploads\/2021\/03\/cropped-logo.png","width":512,"height":512,"caption":"Marine Technical Solutions"},"image":{"@id":"https:\/\/marinetechnicalsolutions.es\/#\/schema\/logo\/image\/"}}]}},"_links":{"self":[{"href":"https:\/\/marinetechnicalsolutions.es\/en\/wp-json\/wp\/v2\/product\/8057","targetHints":{"allow":["GET"]}}],"collection":[{"href":"https:\/\/marinetechnicalsolutions.es\/en\/wp-json\/wp\/v2\/product"}],"about":[{"href":"https:\/\/marinetechnicalsolutions.es\/en\/wp-json\/wp\/v2\/types\/product"}],"replies":[{"embeddable":true,"href":"https:\/\/marinetechnicalsolutions.es\/en\/wp-json\/wp\/v2\/comments?post=8057"}],"version-history":[{"count":0,"href":"https:\/\/marinetechnicalsolutions.es\/en\/wp-json\/wp\/v2\/product\/8057\/revisions"}],"wp:featuredmedia":[{"embeddable":true,"href":"https:\/\/marinetechnicalsolutions.es\/en\/wp-json\/wp\/v2\/media\/8058"}],"wp:attachment":[{"href":"https:\/\/marinetechnicalsolutions.es\/en\/wp-json\/wp\/v2\/media?parent=8057"}],"wp:term":[{"taxonomy":"product_brand","embeddable":true,"href":"https:\/\/marinetechnicalsolutions.es\/en\/wp-json\/wp\/v2\/product_brand?post=8057"},{"taxonomy":"product_cat","embeddable":true,"href":"https:\/\/marinetechnicalsolutions.es\/en\/wp-json\/wp\/v2\/product_cat?post=8057"},{"taxonomy":"product_tag","embeddable":true,"href":"https:\/\/marinetechnicalsolutions.es\/en\/wp-json\/wp\/v2\/product_tag?post=8057"}],"curies":[{"name":"wp","href":"https:\/\/api.w.org\/{rel}","templated":true}]}}