{"id":8067,"date":"2023-03-31T10:05:09","date_gmt":"2023-03-31T10:05:09","guid":{"rendered":"https:\/\/marinetechnicalsolutions.es\/product\/bomba-de-sentina-sumergible-automatica-600gph-12v\/"},"modified":"2023-03-31T10:05:19","modified_gmt":"2023-03-31T10:05:19","slug":"bomba-de-sentina-sumergible-automatica-600gph-12v","status":"publish","type":"product","link":"https:\/\/marinetechnicalsolutions.es\/en\/product\/bomba-de-sentina-sumergible-automatica-600gph-12v\/","title":{"rendered":"Bomba de Sentina Sumergible Aut\u00f3matica, 600Gph, 12V"},"content":{"rendered":"<p>La bomba de sentina autom\u00e1tica de LALIZAS combina calidad y facilidad de uso en un articulo. Contiene un interruptor autom\u00e1tico que activa o desactiva la bomba seg\u00fan sea necesario y evitando la quema del motor por uso en seco. Tiene capacidad para 600 galones la hora por un tubo de 19mm. Ademas un bot\u00f3n de prueba le informara si la bomba y el interruptor funcionan correctamente. Esta fabricado en pl\u00e1stico ABS. La base se quita y pone por clips lo que facilita su instalaci\u00f3n y mantenimiento.  Voltaje: 12DC, Fusible: 10A<\/p>","protected":false},"excerpt":{"rendered":"<p>La bomba de sentina autom\u00e1tica de LALIZAS combina calidad y facilidad de uso en un articulo. Contiene un interruptor autom\u00e1tico que activa o desactiva la bomba seg\u00fan sea necesario y evitando la quema del motor por uso en seco. Tiene capacidad para 600 galones la hora por un tubo de 19mm. Ademas un bot\u00f3n de prueba le informara si la bomba y el interruptor funcionan correctamente. Esta fabricado en pl\u00e1stico ABS. La base se quita y pone por clips lo que facilita su instalaci\u00f3n y mantenimiento.  Voltaje: 12DC, Fusible: 10A<\/p>","protected":false},"featured_media":8068,"comment_status":"closed","ping_status":"closed","template":"","meta":[],"product_brand":[],"product_cat":[49],"product_tag":[],"class_list":{"0":"post-8067","1":"product","2":"type-product","3":"status-publish","4":"has-post-thumbnail","6":"product_cat-producto","8":"first","9":"instock","10":"purchasable","11":"product-type-simple"},"yoast_head":"<!-- This site is optimized with the Yoast SEO plugin v26.2 - https:\/\/yoast.com\/wordpress\/plugins\/seo\/ -->\n<title>Bomba de Sentina Sumergible Aut\u00f3matica, 600Gph, 12V - Marine Technical Solutions<\/title>\n<meta name=\"description\" content=\"Bomba de Sentina Sumergible Aut\u00f3matica, 600Gph, 12V - Marine Technical Solutions\" \/>\n<meta name=\"robots\" content=\"index, follow, max-snippet:-1, max-image-preview:large, max-video-preview:-1\" \/>\n<link rel=\"canonical\" href=\"https:\/\/marinetechnicalsolutions.es\/en\/product\/bomba-de-sentina-sumergible-automatica-600gph-12v\/\" \/>\n<meta property=\"og:locale\" content=\"en_US\" \/>\n<meta property=\"og:type\" content=\"article\" \/>\n<meta property=\"og:title\" content=\"Bomba de Sentina Sumergible Aut\u00f3matica, 600Gph, 12V - Marine Technical Solutions\" \/>\n<meta property=\"og:description\" content=\"Bomba de Sentina Sumergible Aut\u00f3matica, 600Gph, 12V - Marine Technical Solutions\" \/>\n<meta property=\"og:url\" content=\"https:\/\/marinetechnicalsolutions.es\/en\/product\/bomba-de-sentina-sumergible-automatica-600gph-12v\/\" \/>\n<meta property=\"og:site_name\" content=\"Marine Technical Solutions\" \/>\n<meta property=\"article:modified_time\" content=\"2023-03-31T10:05:19+00:00\" \/>\n<meta property=\"og:image\" content=\"https:\/\/marinetechnicalsolutions.es\/wp-content\/uploads\/2023\/03\/1646.jpg\" \/>\n\t<meta property=\"og:image:width\" content=\"800\" \/>\n\t<meta property=\"og:image:height\" content=\"800\" \/>\n\t<meta property=\"og:image:type\" content=\"image\/jpeg\" \/>\n<meta name=\"twitter:card\" content=\"summary_large_image\" \/>\n<script type=\"application\/ld+json\" class=\"yoast-schema-graph\">{\"@context\":\"https:\/\/schema.org\",\"@graph\":[{\"@type\":\"WebPage\",\"@id\":\"https:\/\/marinetechnicalsolutions.es\/product\/bomba-de-sentina-sumergible-automatica-600gph-12v\/\",\"url\":\"https:\/\/marinetechnicalsolutions.es\/product\/bomba-de-sentina-sumergible-automatica-600gph-12v\/\",\"name\":\"Bomba de Sentina Sumergible Aut\u00f3matica, 600Gph, 12V - Marine Technical Solutions\",\"isPartOf\":{\"@id\":\"https:\/\/marinetechnicalsolutions.es\/#website\"},\"primaryImageOfPage\":{\"@id\":\"https:\/\/marinetechnicalsolutions.es\/product\/bomba-de-sentina-sumergible-automatica-600gph-12v\/#primaryimage\"},\"image\":{\"@id\":\"https:\/\/marinetechnicalsolutions.es\/product\/bomba-de-sentina-sumergible-automatica-600gph-12v\/#primaryimage\"},\"thumbnailUrl\":\"https:\/\/marinetechnicalsolutions.es\/wp-content\/uploads\/2023\/03\/1646.jpg\",\"datePublished\":\"2023-03-31T10:05:09+00:00\",\"dateModified\":\"2023-03-31T10:05:19+00:00\",\"description\":\"Bomba de Sentina Sumergible Aut\u00f3matica, 600Gph, 12V - Marine Technical Solutions\",\"breadcrumb\":{\"@id\":\"https:\/\/marinetechnicalsolutions.es\/product\/bomba-de-sentina-sumergible-automatica-600gph-12v\/#breadcrumb\"},\"inLanguage\":\"en-US\",\"potentialAction\":[{\"@type\":\"ReadAction\",\"target\":[\"https:\/\/marinetechnicalsolutions.es\/product\/bomba-de-sentina-sumergible-automatica-600gph-12v\/\"]}]},{\"@type\":\"ImageObject\",\"inLanguage\":\"en-US\",\"@id\":\"https:\/\/marinetechnicalsolutions.es\/product\/bomba-de-sentina-sumergible-automatica-600gph-12v\/#primaryimage\",\"url\":\"https:\/\/marinetechnicalsolutions.es\/wp-content\/uploads\/2023\/03\/1646.jpg\",\"contentUrl\":\"https:\/\/marinetechnicalsolutions.es\/wp-content\/uploads\/2023\/03\/1646.jpg\",\"width\":800,\"height\":800},{\"@type\":\"BreadcrumbList\",\"@id\":\"https:\/\/marinetechnicalsolutions.es\/product\/bomba-de-sentina-sumergible-automatica-600gph-12v\/#breadcrumb\",\"itemListElement\":[{\"@type\":\"ListItem\",\"position\":1,\"name\":\"Portada\",\"item\":\"https:\/\/marinetechnicalsolutions.es\/\"},{\"@type\":\"ListItem\",\"position\":2,\"name\":\"Tienda\",\"item\":\"https:\/\/marinetechnicalsolutions.es\/tienda\/\"},{\"@type\":\"ListItem\",\"position\":3,\"name\":\"Bomba de Sentina Sumergible Aut\u00f3matica, 600Gph, 12V\"}]},{\"@type\":\"WebSite\",\"@id\":\"https:\/\/marinetechnicalsolutions.es\/#website\",\"url\":\"https:\/\/marinetechnicalsolutions.es\/\",\"name\":\"Marine Technical Solutions\",\"description\":\"Empresa dedicada a inspecci\u00f3n en sector naval e industrial\",\"publisher\":{\"@id\":\"https:\/\/marinetechnicalsolutions.es\/#organization\"},\"alternateName\":\"Marine Technical Solutions\",\"potentialAction\":[{\"@type\":\"SearchAction\",\"target\":{\"@type\":\"EntryPoint\",\"urlTemplate\":\"https:\/\/marinetechnicalsolutions.es\/?s={search_term_string}\"},\"query-input\":{\"@type\":\"PropertyValueSpecification\",\"valueRequired\":true,\"valueName\":\"search_term_string\"}}],\"inLanguage\":\"en-US\"},{\"@type\":\"Organization\",\"@id\":\"https:\/\/marinetechnicalsolutions.es\/#organization\",\"name\":\"Marine Technical Solutions\",\"alternateName\":\"Marine Technical Solutions\",\"url\":\"https:\/\/marinetechnicalsolutions.es\/\",\"logo\":{\"@type\":\"ImageObject\",\"inLanguage\":\"en-US\",\"@id\":\"https:\/\/marinetechnicalsolutions.es\/#\/schema\/logo\/image\/\",\"url\":\"https:\/\/marinetechnicalsolutions.es\/wp-content\/uploads\/2021\/03\/cropped-logo.png\",\"contentUrl\":\"https:\/\/marinetechnicalsolutions.es\/wp-content\/uploads\/2021\/03\/cropped-logo.png\",\"width\":512,\"height\":512,\"caption\":\"Marine Technical Solutions\"},\"image\":{\"@id\":\"https:\/\/marinetechnicalsolutions.es\/#\/schema\/logo\/image\/\"}}]}<\/script>\n<!-- \/ Yoast SEO plugin. -->","yoast_head_json":{"title":"Bomba de Sentina Sumergible Aut\u00f3matica, 600Gph, 12V - Marine Technical Solutions","description":"Bomba de Sentina Sumergible Aut\u00f3matica, 600Gph, 12V - Marine Technical Solutions","robots":{"index":"index","follow":"follow","max-snippet":"max-snippet:-1","max-image-preview":"max-image-preview:large","max-video-preview":"max-video-preview:-1"},"canonical":"https:\/\/marinetechnicalsolutions.es\/en\/product\/bomba-de-sentina-sumergible-automatica-600gph-12v\/","og_locale":"en_US","og_type":"article","og_title":"Bomba de Sentina Sumergible Aut\u00f3matica, 600Gph, 12V - Marine Technical Solutions","og_description":"Bomba de Sentina Sumergible Aut\u00f3matica, 600Gph, 12V - Marine Technical Solutions","og_url":"https:\/\/marinetechnicalsolutions.es\/en\/product\/bomba-de-sentina-sumergible-automatica-600gph-12v\/","og_site_name":"Marine Technical Solutions","article_modified_time":"2023-03-31T10:05:19+00:00","og_image":[{"width":800,"height":800,"url":"https:\/\/marinetechnicalsolutions.es\/wp-content\/uploads\/2023\/03\/1646.jpg","type":"image\/jpeg"}],"twitter_card":"summary_large_image","schema":{"@context":"https:\/\/schema.org","@graph":[{"@type":"WebPage","@id":"https:\/\/marinetechnicalsolutions.es\/product\/bomba-de-sentina-sumergible-automatica-600gph-12v\/","url":"https:\/\/marinetechnicalsolutions.es\/product\/bomba-de-sentina-sumergible-automatica-600gph-12v\/","name":"Bomba de Sentina Sumergible Aut\u00f3matica, 600Gph, 12V - Marine Technical Solutions","isPartOf":{"@id":"https:\/\/marinetechnicalsolutions.es\/#website"},"primaryImageOfPage":{"@id":"https:\/\/marinetechnicalsolutions.es\/product\/bomba-de-sentina-sumergible-automatica-600gph-12v\/#primaryimage"},"image":{"@id":"https:\/\/marinetechnicalsolutions.es\/product\/bomba-de-sentina-sumergible-automatica-600gph-12v\/#primaryimage"},"thumbnailUrl":"https:\/\/marinetechnicalsolutions.es\/wp-content\/uploads\/2023\/03\/1646.jpg","datePublished":"2023-03-31T10:05:09+00:00","dateModified":"2023-03-31T10:05:19+00:00","description":"Bomba de Sentina Sumergible Aut\u00f3matica, 600Gph, 12V - Marine Technical Solutions","breadcrumb":{"@id":"https:\/\/marinetechnicalsolutions.es\/product\/bomba-de-sentina-sumergible-automatica-600gph-12v\/#breadcrumb"},"inLanguage":"en-US","potentialAction":[{"@type":"ReadAction","target":["https:\/\/marinetechnicalsolutions.es\/product\/bomba-de-sentina-sumergible-automatica-600gph-12v\/"]}]},{"@type":"ImageObject","inLanguage":"en-US","@id":"https:\/\/marinetechnicalsolutions.es\/product\/bomba-de-sentina-sumergible-automatica-600gph-12v\/#primaryimage","url":"https:\/\/marinetechnicalsolutions.es\/wp-content\/uploads\/2023\/03\/1646.jpg","contentUrl":"https:\/\/marinetechnicalsolutions.es\/wp-content\/uploads\/2023\/03\/1646.jpg","width":800,"height":800},{"@type":"BreadcrumbList","@id":"https:\/\/marinetechnicalsolutions.es\/product\/bomba-de-sentina-sumergible-automatica-600gph-12v\/#breadcrumb","itemListElement":[{"@type":"ListItem","position":1,"name":"Portada","item":"https:\/\/marinetechnicalsolutions.es\/"},{"@type":"ListItem","position":2,"name":"Tienda","item":"https:\/\/marinetechnicalsolutions.es\/tienda\/"},{"@type":"ListItem","position":3,"name":"Bomba de Sentina Sumergible Aut\u00f3matica, 600Gph, 12V"}]},{"@type":"WebSite","@id":"https:\/\/marinetechnicalsolutions.es\/#website","url":"https:\/\/marinetechnicalsolutions.es\/","name":"Marine Technical Solutions","description":"Empresa dedicada a inspecci\u00f3n en sector naval e industrial","publisher":{"@id":"https:\/\/marinetechnicalsolutions.es\/#organization"},"alternateName":"Marine Technical Solutions","potentialAction":[{"@type":"SearchAction","target":{"@type":"EntryPoint","urlTemplate":"https:\/\/marinetechnicalsolutions.es\/?s={search_term_string}"},"query-input":{"@type":"PropertyValueSpecification","valueRequired":true,"valueName":"search_term_string"}}],"inLanguage":"en-US"},{"@type":"Organization","@id":"https:\/\/marinetechnicalsolutions.es\/#organization","name":"Marine Technical Solutions","alternateName":"Marine Technical Solutions","url":"https:\/\/marinetechnicalsolutions.es\/","logo":{"@type":"ImageObject","inLanguage":"en-US","@id":"https:\/\/marinetechnicalsolutions.es\/#\/schema\/logo\/image\/","url":"https:\/\/marinetechnicalsolutions.es\/wp-content\/uploads\/2021\/03\/cropped-logo.png","contentUrl":"https:\/\/marinetechnicalsolutions.es\/wp-content\/uploads\/2021\/03\/cropped-logo.png","width":512,"height":512,"caption":"Marine Technical Solutions"},"image":{"@id":"https:\/\/marinetechnicalsolutions.es\/#\/schema\/logo\/image\/"}}]}},"_links":{"self":[{"href":"https:\/\/marinetechnicalsolutions.es\/en\/wp-json\/wp\/v2\/product\/8067","targetHints":{"allow":["GET"]}}],"collection":[{"href":"https:\/\/marinetechnicalsolutions.es\/en\/wp-json\/wp\/v2\/product"}],"about":[{"href":"https:\/\/marinetechnicalsolutions.es\/en\/wp-json\/wp\/v2\/types\/product"}],"replies":[{"embeddable":true,"href":"https:\/\/marinetechnicalsolutions.es\/en\/wp-json\/wp\/v2\/comments?post=8067"}],"version-history":[{"count":0,"href":"https:\/\/marinetechnicalsolutions.es\/en\/wp-json\/wp\/v2\/product\/8067\/revisions"}],"wp:featuredmedia":[{"embeddable":true,"href":"https:\/\/marinetechnicalsolutions.es\/en\/wp-json\/wp\/v2\/media\/8068"}],"wp:attachment":[{"href":"https:\/\/marinetechnicalsolutions.es\/en\/wp-json\/wp\/v2\/media?parent=8067"}],"wp:term":[{"taxonomy":"product_brand","embeddable":true,"href":"https:\/\/marinetechnicalsolutions.es\/en\/wp-json\/wp\/v2\/product_brand?post=8067"},{"taxonomy":"product_cat","embeddable":true,"href":"https:\/\/marinetechnicalsolutions.es\/en\/wp-json\/wp\/v2\/product_cat?post=8067"},{"taxonomy":"product_tag","embeddable":true,"href":"https:\/\/marinetechnicalsolutions.es\/en\/wp-json\/wp\/v2\/product_tag?post=8067"}],"curies":[{"name":"wp","href":"https:\/\/api.w.org\/{rel}","templated":true}]}}