{"id":9432,"date":"2023-03-31T10:11:14","date_gmt":"2023-03-31T10:11:14","guid":{"rendered":"https:\/\/marinetechnicalsolutions.es\/product\/kit-de-limpieza-bichero-telescopico-cepillos\/"},"modified":"2023-03-31T10:11:31","modified_gmt":"2023-03-31T10:11:31","slug":"kit-de-limpieza-bichero-telescopico-cepillos","status":"publish","type":"product","link":"https:\/\/marinetechnicalsolutions.es\/en\/product\/kit-de-limpieza-bichero-telescopico-cepillos\/","title":{"rendered":"Kit de Limpieza Bichero Telescopico.-cepillos"},"content":{"rendered":"<p>El equipo de limpieza para barcos de LALIZAS consta de un cepillo blando uno duro un palo y una punta de bichero. Los cepillos blando y duros son para limpiar suavemente o con mas dureza respectivamente, son de polipropileno para durar mas en un entorno marino. La punta es corta, de nil\u00f3n dise\u00f1ado para operar en gran variedad de \u00e1ngulos. Tanto la punta como los cepillos tienen rosca para poder ser usado con el palo tambi\u00e9n suministrado. Telesc\u00f3pico de 105cm hasta 179 cm, fabricado en aluminio anodizado.<\/p>","protected":false},"excerpt":{"rendered":"<p>El equipo de limpieza para barcos de LALIZAS consta de un cepillo blando uno duro un palo y una punta de bichero. Los cepillos blando y duros son para limpiar suavemente o con mas dureza respectivamente, son de polipropileno para durar mas en un entorno marino. La punta es corta, de nil\u00f3n dise\u00f1ado para operar en gran variedad de \u00e1ngulos. Tanto la punta como los cepillos tienen rosca para poder ser usado con el palo tambi\u00e9n suministrado. Telesc\u00f3pico de 105cm hasta 179 cm, fabricado en aluminio anodizado.<\/p>","protected":false},"featured_media":9433,"comment_status":"closed","ping_status":"closed","template":"","meta":[],"product_brand":[],"product_cat":[49],"product_tag":[],"class_list":{"0":"post-9432","1":"product","2":"type-product","3":"status-publish","4":"has-post-thumbnail","6":"product_cat-producto","8":"first","9":"instock","10":"purchasable","11":"product-type-simple"},"yoast_head":"<!-- This site is optimized with the Yoast SEO plugin v26.2 - https:\/\/yoast.com\/wordpress\/plugins\/seo\/ -->\n<title>Kit de Limpieza Bichero Telescopico.-cepillos - Marine Technical Solutions<\/title>\n<meta name=\"description\" content=\"Kit de Limpieza Bichero Telescopico.-cepillos - Marine Technical Solutions\" \/>\n<meta name=\"robots\" content=\"index, follow, max-snippet:-1, max-image-preview:large, max-video-preview:-1\" \/>\n<link rel=\"canonical\" href=\"https:\/\/marinetechnicalsolutions.es\/en\/product\/kit-de-limpieza-bichero-telescopico-cepillos\/\" \/>\n<meta property=\"og:locale\" content=\"en_US\" \/>\n<meta property=\"og:type\" content=\"article\" \/>\n<meta property=\"og:title\" content=\"Kit de Limpieza Bichero Telescopico.-cepillos - Marine Technical Solutions\" \/>\n<meta property=\"og:description\" content=\"Kit de Limpieza Bichero Telescopico.-cepillos - Marine Technical Solutions\" \/>\n<meta property=\"og:url\" content=\"https:\/\/marinetechnicalsolutions.es\/en\/product\/kit-de-limpieza-bichero-telescopico-cepillos\/\" \/>\n<meta property=\"og:site_name\" content=\"Marine Technical Solutions\" \/>\n<meta property=\"article:modified_time\" content=\"2023-03-31T10:11:31+00:00\" \/>\n<meta property=\"og:image\" content=\"https:\/\/marinetechnicalsolutions.es\/wp-content\/uploads\/2023\/03\/1620.jpg\" \/>\n\t<meta property=\"og:image:width\" content=\"800\" \/>\n\t<meta property=\"og:image:height\" content=\"800\" \/>\n\t<meta property=\"og:image:type\" content=\"image\/jpeg\" \/>\n<meta name=\"twitter:card\" content=\"summary_large_image\" \/>\n<script type=\"application\/ld+json\" class=\"yoast-schema-graph\">{\"@context\":\"https:\/\/schema.org\",\"@graph\":[{\"@type\":\"WebPage\",\"@id\":\"https:\/\/marinetechnicalsolutions.es\/product\/kit-de-limpieza-bichero-telescopico-cepillos\/\",\"url\":\"https:\/\/marinetechnicalsolutions.es\/product\/kit-de-limpieza-bichero-telescopico-cepillos\/\",\"name\":\"Kit de Limpieza Bichero Telescopico.-cepillos - Marine Technical Solutions\",\"isPartOf\":{\"@id\":\"https:\/\/marinetechnicalsolutions.es\/#website\"},\"primaryImageOfPage\":{\"@id\":\"https:\/\/marinetechnicalsolutions.es\/product\/kit-de-limpieza-bichero-telescopico-cepillos\/#primaryimage\"},\"image\":{\"@id\":\"https:\/\/marinetechnicalsolutions.es\/product\/kit-de-limpieza-bichero-telescopico-cepillos\/#primaryimage\"},\"thumbnailUrl\":\"https:\/\/marinetechnicalsolutions.es\/wp-content\/uploads\/2023\/03\/1620.jpg\",\"datePublished\":\"2023-03-31T10:11:14+00:00\",\"dateModified\":\"2023-03-31T10:11:31+00:00\",\"description\":\"Kit de Limpieza Bichero Telescopico.-cepillos - Marine Technical Solutions\",\"breadcrumb\":{\"@id\":\"https:\/\/marinetechnicalsolutions.es\/product\/kit-de-limpieza-bichero-telescopico-cepillos\/#breadcrumb\"},\"inLanguage\":\"en-US\",\"potentialAction\":[{\"@type\":\"ReadAction\",\"target\":[\"https:\/\/marinetechnicalsolutions.es\/product\/kit-de-limpieza-bichero-telescopico-cepillos\/\"]}]},{\"@type\":\"ImageObject\",\"inLanguage\":\"en-US\",\"@id\":\"https:\/\/marinetechnicalsolutions.es\/product\/kit-de-limpieza-bichero-telescopico-cepillos\/#primaryimage\",\"url\":\"https:\/\/marinetechnicalsolutions.es\/wp-content\/uploads\/2023\/03\/1620.jpg\",\"contentUrl\":\"https:\/\/marinetechnicalsolutions.es\/wp-content\/uploads\/2023\/03\/1620.jpg\",\"width\":800,\"height\":800},{\"@type\":\"BreadcrumbList\",\"@id\":\"https:\/\/marinetechnicalsolutions.es\/product\/kit-de-limpieza-bichero-telescopico-cepillos\/#breadcrumb\",\"itemListElement\":[{\"@type\":\"ListItem\",\"position\":1,\"name\":\"Portada\",\"item\":\"https:\/\/marinetechnicalsolutions.es\/\"},{\"@type\":\"ListItem\",\"position\":2,\"name\":\"Tienda\",\"item\":\"https:\/\/marinetechnicalsolutions.es\/tienda\/\"},{\"@type\":\"ListItem\",\"position\":3,\"name\":\"Kit de Limpieza Bichero Telescopico.-cepillos\"}]},{\"@type\":\"WebSite\",\"@id\":\"https:\/\/marinetechnicalsolutions.es\/#website\",\"url\":\"https:\/\/marinetechnicalsolutions.es\/\",\"name\":\"Marine Technical Solutions\",\"description\":\"Empresa dedicada a inspecci\u00f3n en sector naval e industrial\",\"publisher\":{\"@id\":\"https:\/\/marinetechnicalsolutions.es\/#organization\"},\"alternateName\":\"Marine Technical Solutions\",\"potentialAction\":[{\"@type\":\"SearchAction\",\"target\":{\"@type\":\"EntryPoint\",\"urlTemplate\":\"https:\/\/marinetechnicalsolutions.es\/?s={search_term_string}\"},\"query-input\":{\"@type\":\"PropertyValueSpecification\",\"valueRequired\":true,\"valueName\":\"search_term_string\"}}],\"inLanguage\":\"en-US\"},{\"@type\":\"Organization\",\"@id\":\"https:\/\/marinetechnicalsolutions.es\/#organization\",\"name\":\"Marine Technical Solutions\",\"alternateName\":\"Marine Technical Solutions\",\"url\":\"https:\/\/marinetechnicalsolutions.es\/\",\"logo\":{\"@type\":\"ImageObject\",\"inLanguage\":\"en-US\",\"@id\":\"https:\/\/marinetechnicalsolutions.es\/#\/schema\/logo\/image\/\",\"url\":\"https:\/\/marinetechnicalsolutions.es\/wp-content\/uploads\/2021\/03\/cropped-logo.png\",\"contentUrl\":\"https:\/\/marinetechnicalsolutions.es\/wp-content\/uploads\/2021\/03\/cropped-logo.png\",\"width\":512,\"height\":512,\"caption\":\"Marine Technical Solutions\"},\"image\":{\"@id\":\"https:\/\/marinetechnicalsolutions.es\/#\/schema\/logo\/image\/\"}}]}<\/script>\n<!-- \/ Yoast SEO plugin. -->","yoast_head_json":{"title":"Kit de Limpieza Bichero Telescopico.-cepillos - Marine Technical Solutions","description":"Kit de Limpieza Bichero Telescopico.-cepillos - Marine Technical Solutions","robots":{"index":"index","follow":"follow","max-snippet":"max-snippet:-1","max-image-preview":"max-image-preview:large","max-video-preview":"max-video-preview:-1"},"canonical":"https:\/\/marinetechnicalsolutions.es\/en\/product\/kit-de-limpieza-bichero-telescopico-cepillos\/","og_locale":"en_US","og_type":"article","og_title":"Kit de Limpieza Bichero Telescopico.-cepillos - Marine Technical Solutions","og_description":"Kit de Limpieza Bichero Telescopico.-cepillos - Marine Technical Solutions","og_url":"https:\/\/marinetechnicalsolutions.es\/en\/product\/kit-de-limpieza-bichero-telescopico-cepillos\/","og_site_name":"Marine Technical Solutions","article_modified_time":"2023-03-31T10:11:31+00:00","og_image":[{"width":800,"height":800,"url":"https:\/\/marinetechnicalsolutions.es\/wp-content\/uploads\/2023\/03\/1620.jpg","type":"image\/jpeg"}],"twitter_card":"summary_large_image","schema":{"@context":"https:\/\/schema.org","@graph":[{"@type":"WebPage","@id":"https:\/\/marinetechnicalsolutions.es\/product\/kit-de-limpieza-bichero-telescopico-cepillos\/","url":"https:\/\/marinetechnicalsolutions.es\/product\/kit-de-limpieza-bichero-telescopico-cepillos\/","name":"Kit de Limpieza Bichero Telescopico.-cepillos - Marine Technical Solutions","isPartOf":{"@id":"https:\/\/marinetechnicalsolutions.es\/#website"},"primaryImageOfPage":{"@id":"https:\/\/marinetechnicalsolutions.es\/product\/kit-de-limpieza-bichero-telescopico-cepillos\/#primaryimage"},"image":{"@id":"https:\/\/marinetechnicalsolutions.es\/product\/kit-de-limpieza-bichero-telescopico-cepillos\/#primaryimage"},"thumbnailUrl":"https:\/\/marinetechnicalsolutions.es\/wp-content\/uploads\/2023\/03\/1620.jpg","datePublished":"2023-03-31T10:11:14+00:00","dateModified":"2023-03-31T10:11:31+00:00","description":"Kit de Limpieza Bichero Telescopico.-cepillos - Marine Technical Solutions","breadcrumb":{"@id":"https:\/\/marinetechnicalsolutions.es\/product\/kit-de-limpieza-bichero-telescopico-cepillos\/#breadcrumb"},"inLanguage":"en-US","potentialAction":[{"@type":"ReadAction","target":["https:\/\/marinetechnicalsolutions.es\/product\/kit-de-limpieza-bichero-telescopico-cepillos\/"]}]},{"@type":"ImageObject","inLanguage":"en-US","@id":"https:\/\/marinetechnicalsolutions.es\/product\/kit-de-limpieza-bichero-telescopico-cepillos\/#primaryimage","url":"https:\/\/marinetechnicalsolutions.es\/wp-content\/uploads\/2023\/03\/1620.jpg","contentUrl":"https:\/\/marinetechnicalsolutions.es\/wp-content\/uploads\/2023\/03\/1620.jpg","width":800,"height":800},{"@type":"BreadcrumbList","@id":"https:\/\/marinetechnicalsolutions.es\/product\/kit-de-limpieza-bichero-telescopico-cepillos\/#breadcrumb","itemListElement":[{"@type":"ListItem","position":1,"name":"Portada","item":"https:\/\/marinetechnicalsolutions.es\/"},{"@type":"ListItem","position":2,"name":"Tienda","item":"https:\/\/marinetechnicalsolutions.es\/tienda\/"},{"@type":"ListItem","position":3,"name":"Kit de Limpieza Bichero Telescopico.-cepillos"}]},{"@type":"WebSite","@id":"https:\/\/marinetechnicalsolutions.es\/#website","url":"https:\/\/marinetechnicalsolutions.es\/","name":"Marine Technical Solutions","description":"Empresa dedicada a inspecci\u00f3n en sector naval e industrial","publisher":{"@id":"https:\/\/marinetechnicalsolutions.es\/#organization"},"alternateName":"Marine Technical Solutions","potentialAction":[{"@type":"SearchAction","target":{"@type":"EntryPoint","urlTemplate":"https:\/\/marinetechnicalsolutions.es\/?s={search_term_string}"},"query-input":{"@type":"PropertyValueSpecification","valueRequired":true,"valueName":"search_term_string"}}],"inLanguage":"en-US"},{"@type":"Organization","@id":"https:\/\/marinetechnicalsolutions.es\/#organization","name":"Marine Technical Solutions","alternateName":"Marine Technical Solutions","url":"https:\/\/marinetechnicalsolutions.es\/","logo":{"@type":"ImageObject","inLanguage":"en-US","@id":"https:\/\/marinetechnicalsolutions.es\/#\/schema\/logo\/image\/","url":"https:\/\/marinetechnicalsolutions.es\/wp-content\/uploads\/2021\/03\/cropped-logo.png","contentUrl":"https:\/\/marinetechnicalsolutions.es\/wp-content\/uploads\/2021\/03\/cropped-logo.png","width":512,"height":512,"caption":"Marine Technical Solutions"},"image":{"@id":"https:\/\/marinetechnicalsolutions.es\/#\/schema\/logo\/image\/"}}]}},"_links":{"self":[{"href":"https:\/\/marinetechnicalsolutions.es\/en\/wp-json\/wp\/v2\/product\/9432","targetHints":{"allow":["GET"]}}],"collection":[{"href":"https:\/\/marinetechnicalsolutions.es\/en\/wp-json\/wp\/v2\/product"}],"about":[{"href":"https:\/\/marinetechnicalsolutions.es\/en\/wp-json\/wp\/v2\/types\/product"}],"replies":[{"embeddable":true,"href":"https:\/\/marinetechnicalsolutions.es\/en\/wp-json\/wp\/v2\/comments?post=9432"}],"version-history":[{"count":0,"href":"https:\/\/marinetechnicalsolutions.es\/en\/wp-json\/wp\/v2\/product\/9432\/revisions"}],"wp:featuredmedia":[{"embeddable":true,"href":"https:\/\/marinetechnicalsolutions.es\/en\/wp-json\/wp\/v2\/media\/9433"}],"wp:attachment":[{"href":"https:\/\/marinetechnicalsolutions.es\/en\/wp-json\/wp\/v2\/media?parent=9432"}],"wp:term":[{"taxonomy":"product_brand","embeddable":true,"href":"https:\/\/marinetechnicalsolutions.es\/en\/wp-json\/wp\/v2\/product_brand?post=9432"},{"taxonomy":"product_cat","embeddable":true,"href":"https:\/\/marinetechnicalsolutions.es\/en\/wp-json\/wp\/v2\/product_cat?post=9432"},{"taxonomy":"product_tag","embeddable":true,"href":"https:\/\/marinetechnicalsolutions.es\/en\/wp-json\/wp\/v2\/product_tag?post=9432"}],"curies":[{"name":"wp","href":"https:\/\/api.w.org\/{rel}","templated":true}]}}